{"id":1543,"date":"2026-02-20T10:52:17","date_gmt":"2026-02-20T10:52:17","guid":{"rendered":"https:\/\/goldzinocasino.net\/applicazione\/"},"modified":"2026-02-25T12:06:44","modified_gmt":"2026-02-25T12:06:44","slug":"aplicacao","status":"publish","type":"page","link":"https:\/\/goldzinocasino.net\/pt-pt\/aplicacao\/","title":{"rendered":"Aplica\u00e7\u00e3o"},"content":{"rendered":"<h1>Aplica\u00e7\u00e3o Goldzino: jogos de casino m\u00f3veis<\/h1>\n<p>Goldzino app permite uma experi\u00eancia de casino conveniente diretamente atrav\u00e9s do seu dispositivo m\u00f3vel. Usando a vers\u00e3o m\u00f3vel, pode jogar os seus jogos favoritos, incluindo as slots online mais populares e v\u00e1rios jogos de mesa, e at\u00e9 participar em atividades de casino ao vivo. O nosso extenso cat\u00e1logo no telem\u00f3vel \u00e9 o mesmo que no computador, por isso garantimos que n\u00e3o perder\u00e1 nada. A aplica\u00e7\u00e3o \u00e9 totalmente gratuita e pode ser instalada nos sistemas operativos iOS e Android, bem como no macOS e Windows.<\/p>\n<div class=\"banner-wrap\" aria-label=\"Banner\"><img src=\"https:\/\/goldzinocasino.net\/wp-content\/uploads\/2026\/02\/Banner-Desktop.webp\" class=\"w-100 d-none d-lg-block img-pc main-banner-img\" alt=\"Banner Desktop\" fetchpriority=\"high\" decoding=\"async\"><img src=\"https:\/\/goldzinocasino.net\/wp-content\/uploads\/2026\/02\/Banner-mobile.webp\" class=\"w-100 d-none d-md-block d-lg-none main-banner-img\" alt=\"Banner mobile\" fetchpriority=\"high\" decoding=\"async\"><img src=\"https:\/\/goldzinocasino.net\/wp-content\/uploads\/2026\/02\/Banner-mobile.webp\" class=\"w-100 d-md-none\" alt=\"Banner mobile\" fetchpriority=\"high\" decoding=\"async\"><div class=\"banner-description\">\n<div class=\"banner-title\">B\u00f3nus De Boas-Vindas<\/div>\n<p class=\"banner-header-title\">1500 \u20ac<\/p>\n<div class=\"banner-header-AdditionalText\">+ 250 rodadas gr\u00e1tis<\/div>\n<button data-item=\"homepage_banner_link\" class=\"goto m-button m-gradient-border m-button--primary m-button--large banner-button btn-orange\">\n            <div class=\"m-button-content\">\n                <span>Registe-se agora<\/span>\n                <span><\/span>\n            <\/div>\n        <\/button>\n<\/div>\n<div class=\"WelcomePack\">\n<p><img loading=\"lazy\" decoding=\"async\" class=\"alignnone size-full wp-image-1621\" src=\"https:\/\/goldzinocasino.net\/wp-content\/uploads\/welcome-crown.png\" alt=\"welcome-crown\" width=\"25\" height=\"26\" \/><\/p>\n<div class=\"WelcomePack-Info\">Cashback semanal at\u00e9 25%<\/div>\n<p><img loading=\"lazy\" decoding=\"async\" class=\"alignnone size-full wp-image-1621\" src=\"https:\/\/goldzinocasino.net\/wp-content\/uploads\/welcome-crown.png\" alt=\"welcome-crown\" width=\"25\" height=\"26\" \/><\/p>\n<\/div>\n<\/div>\n<h2>Benef\u00edcios e funcionalidades da aplica\u00e7\u00e3o Goldzino<\/h2>\n<p>Se j\u00e1 sonhou em jogar em qualquer lugar, ent\u00e3o a aplica\u00e7\u00e3o m\u00f3vel certamente lhe parecer\u00e1 mais atraente do que a vers\u00e3o para computador. A aplica\u00e7\u00e3o Goldzino \u00e9 essencialmente uma aplica\u00e7\u00e3o web progressiva (PWA) que funciona como um atalho para o nosso site principal. Ap\u00f3s a instala\u00e7\u00e3o, basta clicar no \u00edcone do casino quando quiser jogar; n\u00e3o precisa mais navegar at\u00e9 a vers\u00e3o do navegador. Dessa forma, pode aceder ao nosso cat\u00e1logo de jogos diretamente da sua tela inicial.<\/p>\n<p>Todas as funcionalidades e jogos da aplica\u00e7\u00e3o do casino Goldzion permanecem os mesmos da vers\u00e3o para computador. No entanto, ela \u00e9 mais adequada para jogadores portugueses que preferem jogar em movimento, sem precisar ficar constantemente sentados em frente ao PC.<\/p>\n<p>Aqui est\u00e3o as principais vantagens de usar a aplica\u00e7\u00e3o Goldzino em compara\u00e7\u00e3o com a vers\u00e3o para PC:<\/p>\n<ul>\n<li>Acesso simples: aceder \u00e0 sua conta do casino Goldzino e a todos os seus jogos favoritos \u00e9 muito mais f\u00e1cil atrav\u00e9s de um dispositivo m\u00f3vel do que na vers\u00e3o para computador. Basta apenas alguns cliques.<\/li>\n<li>Mobilidade: a aplica\u00e7\u00e3o Goldzino permite-lhe viajar enquanto joga jogos de casino online. N\u00e3o precisa de ficar em casa atr\u00e1s da sua secret\u00e1ria; pode aceder facilmente a slots modernas ou jogos de mesa em movimento.<\/li>\n<li>Velocidade: O Gold Zino PWA exibe instantaneamente as interfaces do casino no seu ecr\u00e3 usando recursos de cache inteligente. Isso permite que voc\u00ea acesse todos os recursos do casino online quase instantaneamente.<\/li>\n<li>Funcionalidade offline: O conte\u00fado carregado anteriormente permanece vis\u00edvel no Gold Zino, o que significa que pode aceder a todas as informa\u00e7\u00f5es pessoais da sua conta, mesmo quando estiver desconectado da Internet.<\/li>\n<li>Notifica\u00e7\u00f5es push: se permitir que a aplica\u00e7\u00e3o Goldzino o fa\u00e7a, podemos enviar-lhe regularmente novas informa\u00e7\u00f5es sobre eventos e promo\u00e7\u00f5es interessantes. Com a vers\u00e3o m\u00f3vel, pode ser o primeiro a receber as atualiza\u00e7\u00f5es do Goldzino.<\/li>\n<\/ul>\n<p>Vale a pena mencionar que a aplica\u00e7\u00e3o Gold Zino est\u00e1 dispon\u00edvel n\u00e3o s\u00f3 no iOS e Android, mas tamb\u00e9m no computador. A aplica\u00e7\u00e3o Goldzino suporta os sistemas operativos macOS e Windows, tornando poss\u00edvel aos utilizadores aceder a uma vers\u00e3o mais r\u00e1pida e conveniente do site, mesmo nos seus PCs.<\/p>\n<p><div class=\"scrollable-content-wrap my-5\"><div class=\"scrollable-content-inner\"><h2>Aplica\u00e7\u00e3o m\u00f3vel para iOS<\/h2>\n<p>A aplica\u00e7\u00e3o Gold Zino para iOS n\u00e3o difere muito da vers\u00e3o para Android, exceto que \u00e9 adaptada para dispositivos Apple. O processo de instala\u00e7\u00e3o tamb\u00e9m \u00e9 muito r\u00e1pido e n\u00e3o demora mais do que alguns segundos. Veja como proceder:<\/p>\n<ol>\n<li>Aceda ao nosso site usando o navegador do seu telem\u00f3vel.<\/li>\n<li>Selecione a op\u00e7\u00e3o \u00abAdicionar ao ecr\u00e3 inicial\u00bb nas defini\u00e7\u00f5es do navegador.<\/li>\n<li>Basta clicar no bot\u00e3o para iniciar o processo de instala\u00e7\u00e3o.<\/li>\n<li>Aguarde alguns segundos at\u00e9 que o \u00edcone do casino apare\u00e7a no ecr\u00e3 do seu dispositivo.<\/li>\n<\/ol>\n<p>Assim que a aplica\u00e7\u00e3o do casino Goldzino aparecer no seu ecr\u00e3, pode clicar nela e aceder \u00e0 sua conta pessoal fazendo login. Depois de entrar na sua conta, tudo o que resta fazer \u00e9 efetuar um dep\u00f3sito ap\u00f3s o processo de verifica\u00e7\u00e3o e come\u00e7ar a jogar os seus jogos favoritos. Se encontrar algum problema, pode sempre entrar em contacto com o chat ao vivo.<\/p>\n<p><img loading=\"lazy\" decoding=\"async\" class=\"alignnone wp-image-1510 size-full\" src=\"https:\/\/goldzinocasino.net\/wp-content\/uploads\/ios.webp\" alt=\"ios\" width=\"1248\" height=\"536\" srcset=\"https:\/\/goldzinocasino.net\/wp-content\/uploads\/ios.webp 1248w, https:\/\/goldzinocasino.net\/wp-content\/uploads\/ios-300x129.webp 300w, https:\/\/goldzinocasino.net\/wp-content\/uploads\/ios-1024x440.webp 1024w, https:\/\/goldzinocasino.net\/wp-content\/uploads\/ios-768x330.webp 768w\" sizes=\"auto, (max-width: 1248px) 100vw, 1248px\" \/><\/p>\n<\/div><\/div><div style=\"clear: both\"><\/div><div class=\"d-flex justify-content-center\"><button data-item=\"decouvrez_link\" data-group=\"website_links\" class=\"goto fw-bold rounded-pill btn btn-orange\" aria-label=\"Descarregue a aplica\u00e7\u00e3o Goldzino\" >Descarregue a aplica\u00e7\u00e3o Goldzino<\/button><\/div><div class=\"scrollable-content-wrap my-5\"><div class=\"scrollable-content-inner\"><h2>Aplica\u00e7\u00e3o Goldzino para Android<\/h2>\n<p>Sabe-se que a maioria das aplica\u00e7\u00f5es de casino m\u00f3vel para Android est\u00e1 no formato Android Package Kit. No entanto, h\u00e1 uma diferen\u00e7a entre APK e PWA. Por exemplo, as aplica\u00e7\u00f5es APK geralmente ocupam muito espa\u00e7o na mem\u00f3ria do dispositivo em compara\u00e7\u00e3o com as PWA, que s\u00e3o muito leves. Al\u00e9m disso, o tempo de inicializa\u00e7\u00e3o do APK \u00e9 geralmente significativamente maior. \u00c9 exatamente por isso que a nossa equipa decidiu optar por uma aplica\u00e7\u00e3o m\u00f3vel PWA ao projetar a aplica\u00e7\u00e3o Goldzino.<\/p>\n<p>Aqui est\u00e3o os passos a seguir para instalar a aplica\u00e7\u00e3o Goldzino no seu dispositivo Android:<\/p>\n<ol>\n<li>Visite o nosso site oficial usando o seu navegador m\u00f3vel preferido.<\/li>\n<li>Para aceder ao menu, clique no \u00edcone de tr\u00eas pontos na barra de endere\u00e7os.<\/li>\n<li>Na lista, escolha \u00abAdicionar ao ecr\u00e3 inicial\u00bb.<\/li>\n<li>Para iniciar o processo de instala\u00e7\u00e3o, toque no bot\u00e3o.<\/li>\n<\/ol>\n<p>Ap\u00f3s seguir estes pequenos passos, o \u00edcone do casino Goldzino aparecer\u00e1 no seu ecr\u00e3 inicial em quest\u00e3o de segundos. Para jogar, basta clicar neste \u00edcone para aceder ao casino.<\/p>\n<p><img loading=\"lazy\" decoding=\"async\" class=\"alignnone wp-image-1510 size-full\" src=\"https:\/\/goldzinocasino.net\/wp-content\/uploads\/Android-DE.webp\" alt=\"Android\" width=\"1248\" height=\"536\" \/><\/p>\n<\/div><\/div><div style=\"clear: both\"><\/div><div class=\"d-flex justify-content-center\"><button data-item=\"decouvrez_link\" data-group=\"website_links\" class=\"goto fw-bold rounded-pill btn btn-orange\" aria-label=\"Descarregue a aplica\u00e7\u00e3o Goldzino\" >Descarregue a aplica\u00e7\u00e3o Goldzino<\/button><\/div><div class=\"scrollable-content-wrap my-5\"><div class=\"scrollable-content-inner\"><h2>Jogue no Gold Zino Casino no Mac ou Windows<\/h2>\n<p>Como j\u00e1 mencionado anteriormente, a aplica\u00e7\u00e3o Goldzino n\u00e3o se restringe apenas a dispositivos m\u00f3veis que operam com iOS ou Android. A nossa aplica\u00e7\u00e3o \u00e9 totalmente compat\u00edvel com Windows e macOS, tornando-a acess\u00edvel em computadores. Provavelmente est\u00e1 a questionar-se sobre as vantagens da aplica\u00e7\u00e3o m\u00f3vel num computador. Bem, a aplica\u00e7\u00e3o Goldzino basicamente permite um acesso mais r\u00e1pido \u00e0 biblioteca de jogos, com tempos de carregamento reduzidos em compara\u00e7\u00e3o com a vers\u00e3o do navegador. Al\u00e9m disso, \u00e9 muito mais conveniente, pois \u00e9 otimizada para o seu sistema operativo.<\/p>\n<p>O procedimento de instala\u00e7\u00e3o \u00e9 muito simples: basta acessar o nosso site oficial e clicar no bot\u00e3o de instala\u00e7\u00e3o na barra de endere\u00e7o, que se assemelha a uma seta na tela do computador. Em seguida, pressione o bot\u00e3o de instala\u00e7\u00e3o novamente e pronto. Ap\u00f3s a conclus\u00e3o da instala\u00e7\u00e3o, o \u00edcone do aplicativo Goldzino aparecer\u00e1 na sua tela. Caso encontre dificuldades, entre em contacto com a equipa de suporte.<\/p>\n<p><img loading=\"lazy\" decoding=\"async\" class=\"alignnone wp-image-1510 size-full\" src=\"https:\/\/goldzinocasino.net\/wp-content\/uploads\/PC.webp\" alt=\"PC\" width=\"1248\" height=\"536\" \/><\/p>\n<\/div><\/div><div style=\"clear: both\"><\/div><div class=\"d-flex justify-content-center\"><button data-item=\"decouvrez_link\" data-group=\"website_links\" class=\"goto fw-bold rounded-pill btn btn-orange\" aria-label=\"Descarregue a aplica\u00e7\u00e3o Goldzino\" >Descarregue a aplica\u00e7\u00e3o Goldzino<\/button><\/div><div class=\"scrollable-content-wrap my-5\"><div class=\"scrollable-content-inner\"><h2>Como instalar a aplica\u00e7\u00e3o Goldzino em qualquer dispositivo<\/h2>\n<p>A instala\u00e7\u00e3o do Goldzino \u00e9 um processo muito simples e universal, que permanece praticamente o mesmo na maioria dos dispositivos. Como a aplica\u00e7\u00e3o Gold Zino \u00e9 uma PWA, ela permite que tenha uma experi\u00eancia de jogo intuitiva, eliminando a necessidade de lojas de aplica\u00e7\u00f5es tradicionais. Siga as etapas abaixo para instalar o Goldizno na sua tela inicial ou \u00e1rea de trabalho para acesso r\u00e1pido aos seus jogos de cassino favoritos.<\/p>\n<table>\n<tbody>\n<tr>\n<td>Dispositivo<\/td>\n<td>Instru\u00e7\u00f5es<\/td>\n<td>Resultado<\/td>\n<\/tr>\n<tr>\n<td>iOS<\/td>\n<td>Aceda ao casino Goldzino e pressione o s\u00edmbolo \u00abPartilhar\u00bb. Selecione \u00abAdicionar ao ecr\u00e3 inicial\u00bb ap\u00f3s rolar a p\u00e1gina.<\/td>\n<td>O \u00edcone aparecer\u00e1 no seu ecr\u00e3 inicial.<\/td>\n<\/tr>\n<tr>\n<td>Android<\/td>\n<td>Abra o seu navegador e aceda ao casino Goldzino. Selecione \u00abInstalar aplica\u00e7\u00e3o\u00bb ou \u00abAdicionar ao ecr\u00e3 inicial\u00bb ap\u00f3s tocar no menu (tr\u00eas pontos).<\/td>\n<td>O \u00edcone aparecer\u00e1 no seu ecr\u00e3 inicial.<\/td>\n<\/tr>\n<tr>\n<td>Windows<\/td>\n<td>Visite o Goldzino Casino no seu navegador. Clique no \u00edcone de instala\u00e7\u00e3o (+) na barra de endere\u00e7os ou procure \u00abInstalar aplica\u00e7\u00e3o\u00bb no menu do navegador.<\/td>\n<td>Poder\u00e1 ver o \u00edcone no seu ambiente de trabalho e no menu Iniciar.<\/td>\n<\/tr>\n<tr>\n<td>MacOS<\/td>\n<td>Aceda ao Goldzino no Chrome ou Safari. No Safari, utilize \u00abFicheiro\u00bb &gt; \u00abAdicionar ao Dock\u00bb. No Chrome, utilize \u00abInstalar Goldzino\u00bb no menu.<\/td>\n<td>O \u00edcone aparece como uma aplica\u00e7\u00e3o da \u00e1rea de trabalho no Chrome ou no seu Dock no Safari.<\/td>\n<\/tr>\n<\/tbody>\n<\/table>\n<h2>Perguntas frequentes<\/h2>\n<h3>Preciso de uma conta separada para a aplica\u00e7\u00e3o Goldzino?<\/h3>\n<p>N\u00e3o, n\u00e3o \u00e9 necess\u00e1rio criar uma conta separada para a aplica\u00e7\u00e3o Goldzino. Todas as informa\u00e7\u00f5es da sua conta pessoal Goldzino permanecem as mesmas em todos os dispositivos. Pode iniciar sess\u00e3o atrav\u00e9s de um dispositivo m\u00f3vel Android ou iOS e tudo ser\u00e1 igual ao que v\u00ea no ambiente de trabalho.<\/p>\n<h3>\u00c9 seguro usar o aplicativo Goldzino para pagamentos?<\/h3>\n<p>Sim, absolutamente. O Goldzino \u00e9 seguro para pagamentos. Ele usa a mesma criptografia que o site para computador, portanto, todas as transa\u00e7\u00f5es s\u00e3o seguras. O site Gold Zino possui uma licen\u00e7a de jogo real, o que demonstra forte seguran\u00e7a financeira e prote\u00e7\u00e3o de dados. Os pagamentos s\u00e3o processados por fornecedores conhecidos, adicionando uma camada extra de seguran\u00e7a.<\/p>\n<h3>Tenho os mesmos jogos no telem\u00f3vel que no computador?<\/h3>\n<p>Sim, a vers\u00e3o m\u00f3vel do casino Goldzino d\u00e1 acesso ao mesmo cat\u00e1logo de jogos que a vers\u00e3o para computador. Todas as slots, mesas com crupi\u00ea ao vivo e funcionalidades s\u00e3o as mesmas, e cada jogo \u00e9 automaticamente ajustado para um jogo suave no seu dispositivo m\u00f3vel ou tablet.<\/p>\n<h3>Os b\u00f3nus e torneios est\u00e3o dispon\u00edveis no telem\u00f3vel?<\/h3>\n<p>Sim. A aplica\u00e7\u00e3o Goldzino oferece todos os mesmos b\u00f3nus, promo\u00e7\u00f5es e torneios que a vers\u00e3o para computador. Com a aplica\u00e7\u00e3o, os jogadores t\u00eam acesso total \u00e0 plataforma Gold Zino, incluindo a possibilidade de reivindicar ofertas e participar em qualquer torneio diretamente a partir do seu dispositivo m\u00f3vel.<\/p>\n<\/div><\/div><\/p>\n","protected":false},"excerpt":{"rendered":"<p>Aplica\u00e7\u00e3o Goldzino: jogos de casino m\u00f3veis Goldzino app permite uma experi\u00eancia de casino conveniente diretamente atrav\u00e9s do seu dispositivo m\u00f3vel. Usando a vers\u00e3o m\u00f3vel, pode jogar os seus jogos favoritos, incluindo as slots online mais populares e v\u00e1rios jogos de mesa, e at\u00e9 participar em atividades de casino ao vivo. O nosso extenso cat\u00e1logo no [&hellip;]<\/p>\n","protected":false},"author":1,"featured_media":0,"parent":0,"menu_order":0,"comment_status":"closed","ping_status":"closed","template":"template-builder.php","meta":{"_acf_changed":false,"inline_featured_image":false,"footnotes":""},"class_list":["post-1543","page","type-page","status-publish","hentry"],"acf":[],"yoast_head":"<!-- This site is optimized with the Yoast SEO plugin v27.3 - https:\/\/yoast.com\/product\/yoast-seo-wordpress\/ -->\n<title>Goldzino App | Descarregue para iOS e Android<\/title>\n<meta name=\"description\" content=\"Instale a Goldzino App para Android ou iOS e abra-a no Windows ou no Mac OS. Jogue os melhores jogos de casino online no seu telem\u00f3vel, tablet ou computador no Gold Zino Casino, onde quer que esteja!\" \/>\n<meta name=\"robots\" content=\"index, follow, max-snippet:-1, max-image-preview:large, max-video-preview:-1\" \/>\n<link rel=\"canonical\" href=\"https:\/\/goldzinocasino.net\/pt-pt\/aplicacao\/\" \/>\n<meta property=\"og:locale\" content=\"pt_PT\" \/>\n<meta property=\"og:type\" content=\"article\" \/>\n<meta property=\"og:title\" content=\"Goldzino App | Descarregue para iOS e Android\" \/>\n<meta property=\"og:description\" content=\"Instale a Goldzino App para Android ou iOS e abra-a no Windows ou no Mac OS. Jogue os melhores jogos de casino online no seu telem\u00f3vel, tablet ou computador no Gold Zino Casino, onde quer que esteja!\" \/>\n<meta property=\"og:url\" content=\"https:\/\/goldzinocasino.net\/pt-pt\/aplicacao\/\" \/>\n<meta property=\"og:site_name\" content=\"goldzino\" \/>\n<meta property=\"article:modified_time\" content=\"2026-02-25T12:06:44+00:00\" \/>\n<meta name=\"twitter:card\" content=\"summary_large_image\" \/>\n<meta name=\"twitter:label1\" content=\"Est. reading time\" \/>\n\t<meta name=\"twitter:data1\" content=\"3 minutes\" \/>\n<script type=\"application\/ld+json\" class=\"yoast-schema-graph\">{\"@context\":\"https:\\\/\\\/schema.org\",\"@graph\":[{\"@type\":\"WebPage\",\"@id\":\"https:\\\/\\\/goldzinocasino.net\\\/pt-pt\\\/aplicacao\\\/\",\"url\":\"https:\\\/\\\/goldzinocasino.net\\\/pt-pt\\\/aplicacao\\\/\",\"name\":\"Goldzino App | Descarregue para iOS e Android\",\"isPartOf\":{\"@id\":\"https:\\\/\\\/goldzinocasino.net\\\/pt-pt\\\/#website\"},\"datePublished\":\"2026-02-20T10:52:17+00:00\",\"dateModified\":\"2026-02-25T12:06:44+00:00\",\"description\":\"Instale a Goldzino App para Android ou iOS e abra-a no Windows ou no Mac OS. Jogue os melhores jogos de casino online no seu telem\u00f3vel, tablet ou computador no Gold Zino Casino, onde quer que esteja!\",\"breadcrumb\":{\"@id\":\"https:\\\/\\\/goldzinocasino.net\\\/pt-pt\\\/aplicacao\\\/#breadcrumb\"},\"inLanguage\":\"pt-PT\",\"potentialAction\":[{\"@type\":\"ReadAction\",\"target\":[\"https:\\\/\\\/goldzinocasino.net\\\/pt-pt\\\/aplicacao\\\/\"]}]},{\"@type\":\"BreadcrumbList\",\"@id\":\"https:\\\/\\\/goldzinocasino.net\\\/pt-pt\\\/aplicacao\\\/#breadcrumb\",\"itemListElement\":[{\"@type\":\"ListItem\",\"position\":1,\"name\":\"GoldZino\",\"item\":\"https:\\\/\\\/goldzinocasino.net\\\/pt-pt\\\/\"},{\"@type\":\"ListItem\",\"position\":2,\"name\":\"Aplica\u00e7\u00e3o\"}]},{\"@type\":\"WebSite\",\"@id\":\"https:\\\/\\\/goldzinocasino.net\\\/pt-pt\\\/#website\",\"url\":\"https:\\\/\\\/goldzinocasino.net\\\/pt-pt\\\/\",\"name\":\"GoldZino\",\"description\":\"\",\"publisher\":{\"@id\":\"https:\\\/\\\/goldzinocasino.net\\\/pt-pt\\\/#organization\"},\"potentialAction\":[{\"@type\":\"SearchAction\",\"target\":{\"@type\":\"EntryPoint\",\"urlTemplate\":\"https:\\\/\\\/goldzinocasino.net\\\/pt-pt\\\/?s={search_term_string}\"},\"query-input\":{\"@type\":\"PropertyValueSpecification\",\"valueRequired\":true,\"valueName\":\"search_term_string\"}}],\"inLanguage\":\"pt-PT\"},{\"@type\":\"Organization\",\"@id\":\"https:\\\/\\\/goldzinocasino.net\\\/pt-pt\\\/#organization\",\"name\":\"GoldZino\",\"url\":\"https:\\\/\\\/goldzinocasino.net\\\/pt-pt\\\/\",\"logo\":{\"@type\":\"ImageObject\",\"inLanguage\":\"pt-PT\",\"@id\":\"https:\\\/\\\/goldzinocasino.net\\\/pt-pt\\\/#\\\/schema\\\/logo\\\/image\\\/\",\"url\":\"https:\\\/\\\/goldzinocasino.net\\\/wp-content\\\/uploads\\\/2025\\\/08\\\/80u1FaquEZeR6OUTeJCc.png\",\"contentUrl\":\"https:\\\/\\\/goldzinocasino.net\\\/wp-content\\\/uploads\\\/2025\\\/08\\\/80u1FaquEZeR6OUTeJCc.png\",\"width\":209,\"height\":46,\"caption\":\"GoldZino\"},\"image\":{\"@id\":\"https:\\\/\\\/goldzinocasino.net\\\/pt-pt\\\/#\\\/schema\\\/logo\\\/image\\\/\"}}]}<\/script>\n<!-- \/ Yoast SEO plugin. -->","yoast_head_json":{"title":"Goldzino App | Descarregue para iOS e Android","description":"Instale a Goldzino App para Android ou iOS e abra-a no Windows ou no Mac OS. Jogue os melhores jogos de casino online no seu telem\u00f3vel, tablet ou computador no Gold Zino Casino, onde quer que esteja!","robots":{"index":"index","follow":"follow","max-snippet":"max-snippet:-1","max-image-preview":"max-image-preview:large","max-video-preview":"max-video-preview:-1"},"canonical":"https:\/\/goldzinocasino.net\/pt-pt\/aplicacao\/","og_locale":"pt_PT","og_type":"article","og_title":"Goldzino App | Descarregue para iOS e Android","og_description":"Instale a Goldzino App para Android ou iOS e abra-a no Windows ou no Mac OS. Jogue os melhores jogos de casino online no seu telem\u00f3vel, tablet ou computador no Gold Zino Casino, onde quer que esteja!","og_url":"https:\/\/goldzinocasino.net\/pt-pt\/aplicacao\/","og_site_name":"goldzino","article_modified_time":"2026-02-25T12:06:44+00:00","twitter_card":"summary_large_image","twitter_misc":{"Est. reading time":"3 minutes"},"schema":{"@context":"https:\/\/schema.org","@graph":[{"@type":"WebPage","@id":"https:\/\/goldzinocasino.net\/pt-pt\/aplicacao\/","url":"https:\/\/goldzinocasino.net\/pt-pt\/aplicacao\/","name":"Goldzino App | Descarregue para iOS e Android","isPartOf":{"@id":"https:\/\/goldzinocasino.net\/pt-pt\/#website"},"datePublished":"2026-02-20T10:52:17+00:00","dateModified":"2026-02-25T12:06:44+00:00","description":"Instale a Goldzino App para Android ou iOS e abra-a no Windows ou no Mac OS. Jogue os melhores jogos de casino online no seu telem\u00f3vel, tablet ou computador no Gold Zino Casino, onde quer que esteja!","breadcrumb":{"@id":"https:\/\/goldzinocasino.net\/pt-pt\/aplicacao\/#breadcrumb"},"inLanguage":"pt-PT","potentialAction":[{"@type":"ReadAction","target":["https:\/\/goldzinocasino.net\/pt-pt\/aplicacao\/"]}]},{"@type":"BreadcrumbList","@id":"https:\/\/goldzinocasino.net\/pt-pt\/aplicacao\/#breadcrumb","itemListElement":[{"@type":"ListItem","position":1,"name":"GoldZino","item":"https:\/\/goldzinocasino.net\/pt-pt\/"},{"@type":"ListItem","position":2,"name":"Aplica\u00e7\u00e3o"}]},{"@type":"WebSite","@id":"https:\/\/goldzinocasino.net\/pt-pt\/#website","url":"https:\/\/goldzinocasino.net\/pt-pt\/","name":"GoldZino","description":"","publisher":{"@id":"https:\/\/goldzinocasino.net\/pt-pt\/#organization"},"potentialAction":[{"@type":"SearchAction","target":{"@type":"EntryPoint","urlTemplate":"https:\/\/goldzinocasino.net\/pt-pt\/?s={search_term_string}"},"query-input":{"@type":"PropertyValueSpecification","valueRequired":true,"valueName":"search_term_string"}}],"inLanguage":"pt-PT"},{"@type":"Organization","@id":"https:\/\/goldzinocasino.net\/pt-pt\/#organization","name":"GoldZino","url":"https:\/\/goldzinocasino.net\/pt-pt\/","logo":{"@type":"ImageObject","inLanguage":"pt-PT","@id":"https:\/\/goldzinocasino.net\/pt-pt\/#\/schema\/logo\/image\/","url":"https:\/\/goldzinocasino.net\/wp-content\/uploads\/2025\/08\/80u1FaquEZeR6OUTeJCc.png","contentUrl":"https:\/\/goldzinocasino.net\/wp-content\/uploads\/2025\/08\/80u1FaquEZeR6OUTeJCc.png","width":209,"height":46,"caption":"GoldZino"},"image":{"@id":"https:\/\/goldzinocasino.net\/pt-pt\/#\/schema\/logo\/image\/"}}]}},"_links":{"self":[{"href":"https:\/\/goldzinocasino.net\/pt-pt\/wp-json\/wp\/v2\/pages\/1543","targetHints":{"allow":["GET"]}}],"collection":[{"href":"https:\/\/goldzinocasino.net\/pt-pt\/wp-json\/wp\/v2\/pages"}],"about":[{"href":"https:\/\/goldzinocasino.net\/pt-pt\/wp-json\/wp\/v2\/types\/page"}],"author":[{"embeddable":true,"href":"https:\/\/goldzinocasino.net\/pt-pt\/wp-json\/wp\/v2\/users\/1"}],"replies":[{"embeddable":true,"href":"https:\/\/goldzinocasino.net\/pt-pt\/wp-json\/wp\/v2\/comments?post=1543"}],"version-history":[{"count":4,"href":"https:\/\/goldzinocasino.net\/pt-pt\/wp-json\/wp\/v2\/pages\/1543\/revisions"}],"predecessor-version":[{"id":2117,"href":"https:\/\/goldzinocasino.net\/pt-pt\/wp-json\/wp\/v2\/pages\/1543\/revisions\/2117"}],"wp:attachment":[{"href":"https:\/\/goldzinocasino.net\/pt-pt\/wp-json\/wp\/v2\/media?parent=1543"}],"curies":[{"name":"wp","href":"https:\/\/api.w.org\/{rel}","templated":true}]}}