{"id":1531,"date":"2026-02-20T11:11:41","date_gmt":"2026-02-20T11:11:41","guid":{"rendered":"https:\/\/goldzinocasino.net\/accesso-e-registrazione\/"},"modified":"2026-02-24T10:06:32","modified_gmt":"2026-02-24T10:06:32","slug":"inicio-de-sessao-e-registo","status":"publish","type":"page","link":"https:\/\/goldzinocasino.net\/pt-pt\/inicio-de-sessao-e-registo\/","title":{"rendered":"In\u00edcio de sess\u00e3o e registo"},"content":{"rendered":"<h1>In\u00edcio de sess\u00e3o no Goldzino<\/h1>\n<p>Para come\u00e7ar a sua jornada, ter\u00e1 de concluir o procedimento de Goldzino login. Este processo \u00e9 simples e n\u00e3o demorar\u00e1 muito tempo, pois requer apenas que introduza as suas credenciais. No entanto, deve ter em conta que este procedimento s\u00f3 est\u00e1 dispon\u00edvel se tiver mais de 18 anos e se tiver uma \u00fanica conta no site.<\/p>\n<p><div class=\"banner-wrap\" aria-label=\"Banner\"><img src=\"https:\/\/goldzinocasino.net\/wp-content\/uploads\/2026\/02\/Banner-Desktop.webp\" class=\"w-100 d-none d-lg-block img-pc main-banner-img\" alt=\"Banner Desktop\" fetchpriority=\"high\" decoding=\"async\"><img src=\"https:\/\/goldzinocasino.net\/wp-content\/uploads\/2026\/02\/Banner-mobile.webp\" class=\"w-100 d-none d-md-block d-lg-none main-banner-img\" alt=\"Banner mobile\" fetchpriority=\"high\" decoding=\"async\"><img src=\"https:\/\/goldzinocasino.net\/wp-content\/uploads\/2026\/02\/Banner-mobile.webp\" class=\"w-100 d-md-none\" alt=\"Banner mobile\" fetchpriority=\"high\" decoding=\"async\"><div class=\"banner-description\">\n<div class=\"banner-title\">B\u00f3nus De Boas-Vindas<\/div>\n<p class=\"banner-header-title\">1500 \u20ac<\/p>\n<div class=\"banner-header-AdditionalText\">+ 250 rodadas gr\u00e1tis<\/div>\n<button data-item=\"homepage_banner_link\" class=\"goto m-button m-gradient-border m-button--primary m-button--large banner-button btn-orange\">\n            <div class=\"m-button-content\">\n                <span>Registe-se agora<\/span>\n                <span><\/span>\n            <\/div>\n        <\/button>\n<\/div>\n<div class=\"WelcomePack\">\n<p><img loading=\"lazy\" decoding=\"async\" class=\"alignnone size-full wp-image-1621\" src=\"https:\/\/goldzinocasino.net\/wp-content\/uploads\/welcome-crown.png\" alt=\"welcome-crown\" width=\"25\" height=\"26\" \/><\/p>\n<div class=\"WelcomePack-Info\">Cashback semanal at\u00e9 25%<\/div>\n<p><img loading=\"lazy\" decoding=\"async\" class=\"alignnone size-full wp-image-1621\" src=\"https:\/\/goldzinocasino.net\/wp-content\/uploads\/welcome-crown.png\" alt=\"welcome-crown\" width=\"25\" height=\"26\" \/><\/p>\n<\/div>\n<\/div><div class=\"scrollable-content-wrap my-5\"><div class=\"scrollable-content-inner\"><h2>Registo no Goldzino Casino<\/h2>\n<p>O registo no Goldzino Casino desbloqueia a experi\u00eancia de jogo completa oferecida pelo site. Ap\u00f3s o registo na plataforma, os jogadores portugueses t\u00eam acesso imediato \u00e0 extensa biblioteca do Gold Zino de slots de alta qualidade e jogos com crupi\u00ea ao vivo.<\/p>\n<p>Se a sua conta for nova, ela tamb\u00e9m serve como chave para promo\u00e7\u00f5es generosas, como o pacote de boas-vindas; al\u00e9m disso, voc\u00ea tamb\u00e9m se torna eleg\u00edvel para outras ofertas em andamento, como rodadas gr\u00e1tis, ofertas de reembolso e recompensas de fidelidade.<\/p>\n<p>Al\u00e9m dos b\u00f3nus, o registo no Gold Zino permite-lhe fazer transa\u00e7\u00f5es, possibilita levantamentos e fornece acesso a ferramentas personalizadas de gest\u00e3o de conta. Estas ferramentas garantem que pode definir limites e jogar de forma respons\u00e1vel.<\/p>\n<h3>Crie uma conta em poucos passos<\/h3>\n<p>Criar uma conta no Goldzino Casino requer apenas alguns passos simples.<\/p>\n<ol>\n<li>Clique no bot\u00e3o \u00abInscrever-se\u00bb na p\u00e1gina inicial para abrir o formul\u00e1rio de registo.<\/li>\n<li>Introduza o seu endere\u00e7o de e-mail e escolha uma palavra-passe segura.<\/li>\n<li>Se tiver um c\u00f3digo promocional, insira-o no campo correspondente.<\/li>\n<li>Confirme que tem mais de 18 anos.<\/li>\n<li>Clique em \u00abInscrever-se\u00bb para concluir o seu registo.<\/li>\n<\/ol>\n<p>Para um acesso ainda mais r\u00e1pido, o Goldzino oferece a op\u00e7\u00e3o de se registar usando a sua conta Google. Ao clicar no bot\u00e3o de inscri\u00e7\u00e3o do Google, pode ignorar o formul\u00e1rio manual. A plataforma preencher\u00e1 automaticamente os seus dados em quest\u00e3o de segundos. Tudo o que restar\u00e1 fazer \u00e9 inserir o seu n\u00famero de telefone e confirmar o registo.<\/p>\n<h2>Inicie sess\u00e3o e fa\u00e7a a gest\u00e3o da sua conta Goldzino<\/h2>\n<p>Depois de criar a sua conta Gold Zino, certamente vai querer aceder a ela. N\u00e3o se preocupe, este \u00e9 um processo muito r\u00e1pido e simples.<\/p>\n<p>Aqui est\u00e3o os passos a seguir para o seu procedimento de login no Goldzino:<\/p>\n<ol>\n<li>Clique no bot\u00e3o \u00abIniciar sess\u00e3o\u00bb na parte superior da p\u00e1gina.<\/li>\n<li>Introduza o endere\u00e7o de e-mail e a palavra-passe associados \u00e0 sua conta ou escolha a op\u00e7\u00e3o r\u00e1pida para iniciar sess\u00e3o utilizando a sua conta Google.<\/li>\n<li>Toque em \u00abIniciar sess\u00e3o\u00bb e aproveite a sua experi\u00eancia!<\/li>\n<\/ol>\n<p>Depois de iniciar sess\u00e3o, pode ter controlo total sobre a sua experi\u00eancia de jogo e informa\u00e7\u00f5es pessoais. A partir do painel da sua conta, pode facilmente gerir os detalhes do seu perfil, ajustar as configura\u00e7\u00f5es de seguran\u00e7a, fazer dep\u00f3sitos e levantamentos, acompanhar o seu hist\u00f3rico de transa\u00e7\u00f5es e explorar b\u00f3nus e promo\u00e7\u00f5es exclusivas personalizadas para si.<\/p>\n<h3>Problemas comuns de login<\/h3>\n<p>O processo de login no Goldzino \u00e9 geralmente r\u00e1pido e f\u00e1cil, mas \u00e0s vezes as coisas n\u00e3o saem como planejado. Tudo bem. Se n\u00e3o conseguir entrar na sua conta do casino Goldzino, provavelmente \u00e9 porque inseriu o endere\u00e7o de e-mail ou a palavra-passe errados ou tentou iniciar sess\u00e3o com uma conta Google que n\u00e3o est\u00e1 vinculada \u00e0 sua identidade Goldzino.<\/p>\n<p>O link \u00abEsqueceu a palavra-passe?\u00bb na p\u00e1gina de login facilita a altera\u00e7\u00e3o da sua palavra-passe. Se n\u00e3o conseguir aceder, basta clicar neste link e redefinir a sua conta.<\/p>\n<p>\u00c0s vezes, \u00e9 dif\u00edcil fazer login porque o servidor est\u00e1 fora do ar, pode haver problemas com o cache do seu navegador ou o acesso pode ser limitado em algumas \u00e1reas. Se voc\u00ea ainda estiver com problemas, pode resolv\u00ea-los rapidamente limpando o cache do seu navegador ou entrando em contato com o suporte multil\u00edngue do Goldzino Casino atrav\u00e9s do chat ao vivo.<\/p>\n<h2>Procedimento de verifica\u00e7\u00e3o do Gold Zino Casino<\/h2>\n<p>O Goldzino defende sempre um ambiente de jogo seguro e protegido. \u00c9 por isso que podemos solicitar que passe por um processo de verifica\u00e7\u00e3o simples. Os casinos licenciados implementam este procedimento padr\u00e3o para verificar a sua identidade e garantir a seguran\u00e7a da sua conta.<\/p>\n<p>Quando fizer o seu primeiro levantamento ou logo ap\u00f3s se inscrever, normalmente ser-lhe-\u00e1 pedido que envie alguns documentos. Estes podem ser um documento de identifica\u00e7\u00e3o v\u00e1lido, comprovativo de morada ou uma fotografia do seu m\u00e9todo de pagamento. Assim que os seus documentos forem aprovados, poder\u00e1 utilizar todas as fun\u00e7\u00f5es do Gold Zino e fazer levantamentos sem quaisquer atrasos.<\/p>\n<p>Aqui est\u00e3o os documentos que ter\u00e1 de fornecer:<\/p>\n<table>\n<tbody>\n<tr>\n<td>Documento<\/td>\n<td>Finalidade<\/td>\n<\/tr>\n<tr>\n<td>Documento de identifica\u00e7\u00e3o emitido pelo governo, como passaporte ou carta de condu\u00e7\u00e3o<\/td>\n<td>Confirma a sua identidade<\/td>\n<\/tr>\n<tr>\n<td>Conta de servi\u00e7os p\u00fablicos ou extrato banc\u00e1rio<\/td>\n<td>Confirma o seu endere\u00e7o residencial<\/td>\n<\/tr>\n<tr>\n<td>Foto de um cart\u00e3o de pagamento ou captura de ecr\u00e3 da carteira eletr\u00f3nica<\/td>\n<td>Garante transa\u00e7\u00f5es seguras<\/td>\n<\/tr>\n<\/tbody>\n<\/table>\n<h2>\u00a0Perguntas frequentes<\/h2>\n<h3>Posso jogar no Goldzino sem uma conta?<\/h3>\n<p>Infelizmente, n\u00e3o pode jogar no Goldzino Casino sem uma conta. Tal como todos os casinos online legais e autorizados, os utilizadores devem inscrever-se e passar pelo processo de login do Goldzino para provar quem s\u00e3o antes de poderem jogar qualquer jogo ou usar qualquer servi\u00e7o.<\/p>\n<h3>Quanto tempo demora a verifica\u00e7\u00e3o?<\/h3>\n<p>O processo de verifica\u00e7\u00e3o do Gold Zino \u00e9 r\u00e1pido; normalmente demora entre 24 e 48 horas, embora muitas vezes possa ser feito ainda mais rapidamente. O tempo exato depender\u00e1 do n\u00famero de pedidos e da clareza com que carregar os seus documentos. Se tiver problemas com o processo de verifica\u00e7\u00e3o, contacte a nossa equipa de apoio.<\/p>\n<h3>Registei-me com o Google. Posso iniciar sess\u00e3o com o e-mail e a palavra-passe mais tarde?<\/h3>\n<p>Mesmo que se tenha registado com o Google, ainda pode iniciar sess\u00e3o com o seu e-mail e palavra-passe. Mas s\u00f3 poder\u00e1 fazer isso depois de definir uma palavra-passe para a sua conta. Quando se inscreve com o Google, o Goldzino cria uma conta para si que est\u00e1 vinculada ao seu e-mail do Google. No entanto, n\u00e3o recebe uma palavra-passe.<\/p>\n<\/div><\/div><\/p>\n","protected":false},"excerpt":{"rendered":"<p>In\u00edcio de sess\u00e3o no Goldzino Para come\u00e7ar a sua jornada, ter\u00e1 de concluir o procedimento de Goldzino login. Este processo \u00e9 simples e n\u00e3o demorar\u00e1 muito tempo, pois requer apenas que introduza as suas credenciais. No entanto, deve ter em conta que este procedimento s\u00f3 est\u00e1 dispon\u00edvel se tiver mais de 18 anos e se [&hellip;]<\/p>\n","protected":false},"author":1,"featured_media":0,"parent":0,"menu_order":0,"comment_status":"closed","ping_status":"closed","template":"template-builder.php","meta":{"_acf_changed":false,"inline_featured_image":false,"footnotes":""},"class_list":["post-1531","page","type-page","status-publish","hentry"],"acf":[],"yoast_head":"<!-- This site is optimized with the Yoast SEO plugin v27.3 - https:\/\/yoast.com\/product\/yoast-seo-wordpress\/ -->\n<title>Goldzino Login \u2014 Registo seguro, 2FA e verifica\u00e7\u00e3o<\/title>\n<meta name=\"description\" content=\"Crie um Goldzino login para aceder \u00e0 sua conta em seguran\u00e7a, gerir dep\u00f3sitos e utilizar b\u00f3nus. Registo r\u00e1pido para novos utilizadores. Registe-se ou inicie sess\u00e3o e jogue os melhores jogos de casino online!\" \/>\n<meta name=\"robots\" content=\"index, follow, max-snippet:-1, max-image-preview:large, max-video-preview:-1\" \/>\n<link rel=\"canonical\" href=\"https:\/\/goldzinocasino.net\/pt-pt\/inicio-de-sessao-e-registo\/\" \/>\n<meta property=\"og:locale\" content=\"pt_PT\" \/>\n<meta property=\"og:type\" content=\"article\" \/>\n<meta property=\"og:title\" content=\"Goldzino Login \u2014 Registo seguro, 2FA e verifica\u00e7\u00e3o\" \/>\n<meta property=\"og:description\" content=\"Crie um Goldzino login para aceder \u00e0 sua conta em seguran\u00e7a, gerir dep\u00f3sitos e utilizar b\u00f3nus. Registo r\u00e1pido para novos utilizadores. Registe-se ou inicie sess\u00e3o e jogue os melhores jogos de casino online!\" \/>\n<meta property=\"og:url\" content=\"https:\/\/goldzinocasino.net\/pt-pt\/inicio-de-sessao-e-registo\/\" \/>\n<meta property=\"og:site_name\" content=\"goldzino\" \/>\n<meta property=\"article:modified_time\" content=\"2026-02-24T10:06:32+00:00\" \/>\n<meta name=\"twitter:card\" content=\"summary_large_image\" \/>\n<meta name=\"twitter:label1\" content=\"Est. reading time\" \/>\n\t<meta name=\"twitter:data1\" content=\"1 minute\" \/>\n<script type=\"application\/ld+json\" class=\"yoast-schema-graph\">{\"@context\":\"https:\\\/\\\/schema.org\",\"@graph\":[{\"@type\":\"WebPage\",\"@id\":\"https:\\\/\\\/goldzinocasino.net\\\/pt-pt\\\/inicio-de-sessao-e-registo\\\/\",\"url\":\"https:\\\/\\\/goldzinocasino.net\\\/pt-pt\\\/inicio-de-sessao-e-registo\\\/\",\"name\":\"Goldzino Login \u2014 Registo seguro, 2FA e verifica\u00e7\u00e3o\",\"isPartOf\":{\"@id\":\"https:\\\/\\\/goldzinocasino.net\\\/pt-pt\\\/#website\"},\"datePublished\":\"2026-02-20T11:11:41+00:00\",\"dateModified\":\"2026-02-24T10:06:32+00:00\",\"description\":\"Crie um Goldzino login para aceder \u00e0 sua conta em seguran\u00e7a, gerir dep\u00f3sitos e utilizar b\u00f3nus. Registo r\u00e1pido para novos utilizadores. Registe-se ou inicie sess\u00e3o e jogue os melhores jogos de casino online!\",\"breadcrumb\":{\"@id\":\"https:\\\/\\\/goldzinocasino.net\\\/pt-pt\\\/inicio-de-sessao-e-registo\\\/#breadcrumb\"},\"inLanguage\":\"pt-PT\",\"potentialAction\":[{\"@type\":\"ReadAction\",\"target\":[\"https:\\\/\\\/goldzinocasino.net\\\/pt-pt\\\/inicio-de-sessao-e-registo\\\/\"]}]},{\"@type\":\"BreadcrumbList\",\"@id\":\"https:\\\/\\\/goldzinocasino.net\\\/pt-pt\\\/inicio-de-sessao-e-registo\\\/#breadcrumb\",\"itemListElement\":[{\"@type\":\"ListItem\",\"position\":1,\"name\":\"GoldZino\",\"item\":\"https:\\\/\\\/goldzinocasino.net\\\/pt-pt\\\/\"},{\"@type\":\"ListItem\",\"position\":2,\"name\":\"In\u00edcio de sess\u00e3o e registo\"}]},{\"@type\":\"WebSite\",\"@id\":\"https:\\\/\\\/goldzinocasino.net\\\/pt-pt\\\/#website\",\"url\":\"https:\\\/\\\/goldzinocasino.net\\\/pt-pt\\\/\",\"name\":\"GoldZino\",\"description\":\"\",\"publisher\":{\"@id\":\"https:\\\/\\\/goldzinocasino.net\\\/pt-pt\\\/#organization\"},\"potentialAction\":[{\"@type\":\"SearchAction\",\"target\":{\"@type\":\"EntryPoint\",\"urlTemplate\":\"https:\\\/\\\/goldzinocasino.net\\\/pt-pt\\\/?s={search_term_string}\"},\"query-input\":{\"@type\":\"PropertyValueSpecification\",\"valueRequired\":true,\"valueName\":\"search_term_string\"}}],\"inLanguage\":\"pt-PT\"},{\"@type\":\"Organization\",\"@id\":\"https:\\\/\\\/goldzinocasino.net\\\/pt-pt\\\/#organization\",\"name\":\"GoldZino\",\"url\":\"https:\\\/\\\/goldzinocasino.net\\\/pt-pt\\\/\",\"logo\":{\"@type\":\"ImageObject\",\"inLanguage\":\"pt-PT\",\"@id\":\"https:\\\/\\\/goldzinocasino.net\\\/pt-pt\\\/#\\\/schema\\\/logo\\\/image\\\/\",\"url\":\"https:\\\/\\\/goldzinocasino.net\\\/wp-content\\\/uploads\\\/2025\\\/08\\\/80u1FaquEZeR6OUTeJCc.png\",\"contentUrl\":\"https:\\\/\\\/goldzinocasino.net\\\/wp-content\\\/uploads\\\/2025\\\/08\\\/80u1FaquEZeR6OUTeJCc.png\",\"width\":209,\"height\":46,\"caption\":\"GoldZino\"},\"image\":{\"@id\":\"https:\\\/\\\/goldzinocasino.net\\\/pt-pt\\\/#\\\/schema\\\/logo\\\/image\\\/\"}}]}<\/script>\n<!-- \/ Yoast SEO plugin. -->","yoast_head_json":{"title":"Goldzino Login \u2014 Registo seguro, 2FA e verifica\u00e7\u00e3o","description":"Crie um Goldzino login para aceder \u00e0 sua conta em seguran\u00e7a, gerir dep\u00f3sitos e utilizar b\u00f3nus. Registo r\u00e1pido para novos utilizadores. Registe-se ou inicie sess\u00e3o e jogue os melhores jogos de casino online!","robots":{"index":"index","follow":"follow","max-snippet":"max-snippet:-1","max-image-preview":"max-image-preview:large","max-video-preview":"max-video-preview:-1"},"canonical":"https:\/\/goldzinocasino.net\/pt-pt\/inicio-de-sessao-e-registo\/","og_locale":"pt_PT","og_type":"article","og_title":"Goldzino Login \u2014 Registo seguro, 2FA e verifica\u00e7\u00e3o","og_description":"Crie um Goldzino login para aceder \u00e0 sua conta em seguran\u00e7a, gerir dep\u00f3sitos e utilizar b\u00f3nus. Registo r\u00e1pido para novos utilizadores. Registe-se ou inicie sess\u00e3o e jogue os melhores jogos de casino online!","og_url":"https:\/\/goldzinocasino.net\/pt-pt\/inicio-de-sessao-e-registo\/","og_site_name":"goldzino","article_modified_time":"2026-02-24T10:06:32+00:00","twitter_card":"summary_large_image","twitter_misc":{"Est. reading time":"1 minute"},"schema":{"@context":"https:\/\/schema.org","@graph":[{"@type":"WebPage","@id":"https:\/\/goldzinocasino.net\/pt-pt\/inicio-de-sessao-e-registo\/","url":"https:\/\/goldzinocasino.net\/pt-pt\/inicio-de-sessao-e-registo\/","name":"Goldzino Login \u2014 Registo seguro, 2FA e verifica\u00e7\u00e3o","isPartOf":{"@id":"https:\/\/goldzinocasino.net\/pt-pt\/#website"},"datePublished":"2026-02-20T11:11:41+00:00","dateModified":"2026-02-24T10:06:32+00:00","description":"Crie um Goldzino login para aceder \u00e0 sua conta em seguran\u00e7a, gerir dep\u00f3sitos e utilizar b\u00f3nus. Registo r\u00e1pido para novos utilizadores. Registe-se ou inicie sess\u00e3o e jogue os melhores jogos de casino online!","breadcrumb":{"@id":"https:\/\/goldzinocasino.net\/pt-pt\/inicio-de-sessao-e-registo\/#breadcrumb"},"inLanguage":"pt-PT","potentialAction":[{"@type":"ReadAction","target":["https:\/\/goldzinocasino.net\/pt-pt\/inicio-de-sessao-e-registo\/"]}]},{"@type":"BreadcrumbList","@id":"https:\/\/goldzinocasino.net\/pt-pt\/inicio-de-sessao-e-registo\/#breadcrumb","itemListElement":[{"@type":"ListItem","position":1,"name":"GoldZino","item":"https:\/\/goldzinocasino.net\/pt-pt\/"},{"@type":"ListItem","position":2,"name":"In\u00edcio de sess\u00e3o e registo"}]},{"@type":"WebSite","@id":"https:\/\/goldzinocasino.net\/pt-pt\/#website","url":"https:\/\/goldzinocasino.net\/pt-pt\/","name":"GoldZino","description":"","publisher":{"@id":"https:\/\/goldzinocasino.net\/pt-pt\/#organization"},"potentialAction":[{"@type":"SearchAction","target":{"@type":"EntryPoint","urlTemplate":"https:\/\/goldzinocasino.net\/pt-pt\/?s={search_term_string}"},"query-input":{"@type":"PropertyValueSpecification","valueRequired":true,"valueName":"search_term_string"}}],"inLanguage":"pt-PT"},{"@type":"Organization","@id":"https:\/\/goldzinocasino.net\/pt-pt\/#organization","name":"GoldZino","url":"https:\/\/goldzinocasino.net\/pt-pt\/","logo":{"@type":"ImageObject","inLanguage":"pt-PT","@id":"https:\/\/goldzinocasino.net\/pt-pt\/#\/schema\/logo\/image\/","url":"https:\/\/goldzinocasino.net\/wp-content\/uploads\/2025\/08\/80u1FaquEZeR6OUTeJCc.png","contentUrl":"https:\/\/goldzinocasino.net\/wp-content\/uploads\/2025\/08\/80u1FaquEZeR6OUTeJCc.png","width":209,"height":46,"caption":"GoldZino"},"image":{"@id":"https:\/\/goldzinocasino.net\/pt-pt\/#\/schema\/logo\/image\/"}}]}},"_links":{"self":[{"href":"https:\/\/goldzinocasino.net\/pt-pt\/wp-json\/wp\/v2\/pages\/1531","targetHints":{"allow":["GET"]}}],"collection":[{"href":"https:\/\/goldzinocasino.net\/pt-pt\/wp-json\/wp\/v2\/pages"}],"about":[{"href":"https:\/\/goldzinocasino.net\/pt-pt\/wp-json\/wp\/v2\/types\/page"}],"author":[{"embeddable":true,"href":"https:\/\/goldzinocasino.net\/pt-pt\/wp-json\/wp\/v2\/users\/1"}],"replies":[{"embeddable":true,"href":"https:\/\/goldzinocasino.net\/pt-pt\/wp-json\/wp\/v2\/comments?post=1531"}],"version-history":[{"count":2,"href":"https:\/\/goldzinocasino.net\/pt-pt\/wp-json\/wp\/v2\/pages\/1531\/revisions"}],"predecessor-version":[{"id":2042,"href":"https:\/\/goldzinocasino.net\/pt-pt\/wp-json\/wp\/v2\/pages\/1531\/revisions\/2042"}],"wp:attachment":[{"href":"https:\/\/goldzinocasino.net\/pt-pt\/wp-json\/wp\/v2\/media?parent=1531"}],"curies":[{"name":"wp","href":"https:\/\/api.w.org\/{rel}","templated":true}]}}