{"id":1541,"date":"2026-02-20T10:52:17","date_gmt":"2026-02-20T10:52:17","guid":{"rendered":"https:\/\/goldzinocasino.net\/applicazione\/"},"modified":"2026-02-25T12:06:18","modified_gmt":"2026-02-25T12:06:18","slug":"aplikacja","status":"publish","type":"page","link":"https:\/\/goldzinocasino.net\/pl\/aplikacja\/","title":{"rendered":"Aplikacja"},"content":{"rendered":"<h1>Aplikacja Goldzino: mobilne gry kasynowe<\/h1>\n<p>Goldzino app umo\u017cliwia wygodn\u0105 rozgrywk\u0119 w kasynie bezpo\u015brednio na urz\u0105dzeniu mobilnym. Korzystaj\u0105c z wersji mobilnej, mo\u017cesz gra\u0107 w swoje ulubione gry, w tym najpopularniejsze automaty online i liczne gry sto\u0142owe, a nawet bra\u0107 udzia\u0142 w rozgrywkach kasynowych na \u017cywo. Nasz obszerny katalog na urz\u0105dzenia mobilne jest taki sam jak na komputery stacjonarne, wi\u0119c gwarantujemy, \u017ce nic Ci nie umknie. Aplikacja jest ca\u0142kowicie bezp\u0142atna i mo\u017cna j\u0105 zainstalowa\u0107 zar\u00f3wno w systemach operacyjnych iOS i Android, jak i macOS i Windows.<\/p>\n<div class=\"banner-wrap\" aria-label=\"Banner\"><img src=\"https:\/\/goldzinocasino.net\/wp-content\/uploads\/2026\/02\/Banner-Desktop.webp\" class=\"w-100 d-none d-lg-block img-pc main-banner-img\" alt=\"Banner Desktop\" fetchpriority=\"high\" decoding=\"async\"><img src=\"https:\/\/goldzinocasino.net\/wp-content\/uploads\/2026\/02\/Banner-mobile.webp\" class=\"w-100 d-none d-md-block d-lg-none main-banner-img\" alt=\"Banner mobile\" fetchpriority=\"high\" decoding=\"async\"><img src=\"https:\/\/goldzinocasino.net\/wp-content\/uploads\/2026\/02\/Banner-mobile.webp\" class=\"w-100 d-md-none\" alt=\"Banner mobile\" fetchpriority=\"high\" decoding=\"async\"><div class=\"banner-description\">\n<div class=\"banner-title\">Bonusy powitalne<\/div>\n<p class=\"banner-header-title\">1500 \u20ac<\/p>\n<div class=\"banner-header-AdditionalText\">+ 250 Darmowe spiny<\/div>\n<button data-item=\"homepage_banner_link\" class=\"goto m-button m-gradient-border m-button--primary m-button--large banner-button btn-orange\">\n            <div class=\"m-button-content\">\n                <span>Zarejestruj si\u0119 teraz<\/span>\n                <span><\/span>\n            <\/div>\n        <\/button>\n<\/div>\n<div class=\"WelcomePack\">\n<p><img loading=\"lazy\" decoding=\"async\" class=\"alignnone size-full wp-image-1620\" src=\"https:\/\/goldzinocasino.net\/wp-content\/uploads\/welcome-crown.png\" alt=\"welcome-crown\" width=\"25\" height=\"26\" \/><\/p>\n<div class=\"WelcomePack-Info\">Cotygodniowy zwrot got\u00f3wki do 25%<\/div>\n<p><img loading=\"lazy\" decoding=\"async\" class=\"alignnone size-full wp-image-1620\" src=\"https:\/\/goldzinocasino.net\/wp-content\/uploads\/welcome-crown.png\" alt=\"welcome-crown\" width=\"25\" height=\"26\" \/><\/p>\n<\/div>\n<\/div>\n<h2>Zalety i funkcje aplikacji Goldzino<\/h2>\n<p>Je\u015bli kiedykolwiek marzy\u0142e\u015b o graniu w podr\u00f3\u017cy, aplikacja mobilna z pewno\u015bci\u0105 wyda Ci si\u0119 bardziej atrakcyjna ni\u017c wersja na komputery stacjonarne. Aplikacja Goldzino jest zasadniczo progresywn\u0105 aplikacj\u0105 internetow\u0105 (PWA), kt\u00f3ra dzia\u0142a jako skr\u00f3t do naszej g\u0142\u00f3wnej strony internetowej. Po zako\u0144czeniu instalacji wystarczy klikn\u0105\u0107 ikon\u0119 kasyna, gdy chcesz zagra\u0107; nie musisz ju\u017c nigdy wi\u0119cej przechodzi\u0107 do wersji przegl\u0105darkowej. W ten spos\u00f3b mo\u017cesz uzyska\u0107 dost\u0119p do naszego katalogu gier bezpo\u015brednio z ekranu g\u0142\u00f3wnego.<\/p>\n<p>Wszystkie funkcje i gry w aplikacji kasyna Goldzino pozostaj\u0105 takie same jak w wersji na komputery stacjonarne. Jest ona jednak bardziej odpowiednia dla polskich graczy, kt\u00f3rzy wol\u0105 gra\u0107 w podr\u00f3\u017cy, bez konieczno\u015bci ci\u0105g\u0142ego siedzenia przed komputerem.<\/p>\n<p>Oto g\u0142\u00f3wne zalety korzystania z aplikacji Goldzino w por\u00f3wnaniu z wersj\u0105 na komputery PC:<\/p>\n<ul>\n<li>Prosty dost\u0119p: Dost\u0119p do konta w kasynie Goldzino i wszystkich ulubionych gier jest znacznie \u0142atwiejszy za pomoc\u0105 urz\u0105dzenia mobilnego ni\u017c w wersji na komputery stacjonarne. Wystarczy kilka klikni\u0119\u0107.<\/li>\n<li>Mobilno\u015b\u0107: aplikacja Goldzino pozwala na podr\u00f3\u017cowanie podczas grania w gry kasynowe online. Nie musisz siedzie\u0107 w domu za biurkiem; mo\u017cesz \u0142atwo uzyska\u0107 dost\u0119p do nowoczesnych automat\u00f3w lub gier sto\u0142owych w podr\u00f3\u017cy.<\/li>\n<li>Szybko\u015b\u0107: Gold Zino PWA natychmiast wy\u015bwietla interfejsy kasyna na ekranie, wykorzystuj\u0105c inteligentne zasoby pami\u0119ci podr\u0119cznej. Dzi\u0119ki temu masz niemal natychmiastowy dost\u0119p do wszystkich funkcji kasyna online.<\/li>\n<li>Funkcjonalno\u015b\u0107 offline: wcze\u015bniej za\u0142adowane tre\u015bci pozostaj\u0105 widoczne w Gold Zino, co oznacza, \u017ce mo\u017cesz uzyska\u0107 dost\u0119p do wszystkich danych osobowych na swoim koncie, nawet gdy nie masz po\u0142\u0105czenia z Internetem.<\/li>\n<li>Powiadomienia push: Je\u015bli zezwolisz na to aplikacji Goldzino, mo\u017cemy regularnie wysy\u0142a\u0107 Ci nowe informacje o interesuj\u0105cych wydarzeniach i promocjach. Dzi\u0119ki wersji mobilnej mo\u017cesz jako pierwszy otrzymywa\u0107 aktualizacje Goldzino.<\/li>\n<\/ul>\n<p>Warto wspomnie\u0107, \u017ce aplikacja Gold Zino jest dost\u0119pna nie tylko na iOS i Androida, ale tak\u017ce na komputery stacjonarne. Aplikacja Goldzino obs\u0142uguje systemy operacyjne macOS i Windows, dzi\u0119ki czemu u\u017cytkownicy maj\u0105 dost\u0119p do szybszej i wygodniejszej wersji strony internetowej nawet na swoich komputerach.<\/p>\n<p><div class=\"scrollable-content-wrap my-5\"><div class=\"scrollable-content-inner\"><h2>Aplikacja mobilna dla systemu iOS<\/h2>\n<p>Aplikacja Gold Zino na iOS nie r\u00f3\u017cni si\u0119 zbytnio od wersji na Androida, z wyj\u0105tkiem tego, \u017ce jest dostosowana do urz\u0105dze\u0144 Apple. Proces instalacji jest r\u00f3wnie\u017c bardzo szybki i nie zajmie wi\u0119cej ni\u017c kilka sekund. Oto jak post\u0119powa\u0107:<\/p>\n<ol>\n<li>Wejd\u017a na nasz\u0105 stron\u0119 internetow\u0105 za pomoc\u0105 przegl\u0105darki w telefonie.<\/li>\n<li>Wybierz opcj\u0119 \u201eDodaj do ekranu g\u0142\u00f3wnego\u201d w ustawieniach przegl\u0105darki.<\/li>\n<li>Wystarczy klikn\u0105\u0107 przycisk, aby rozpocz\u0105\u0107 proces instalacji.<\/li>\n<li>Poczekaj kilka sekund, a\u017c ikona kasyna pojawi si\u0119 na ekranie Twojego urz\u0105dzenia.<\/li>\n<\/ol>\n<p>Gdy aplikacja kasyna Goldzino pojawi si\u0119 na ekranie, mo\u017cesz j\u0105 klikn\u0105\u0107 i uzyska\u0107 dost\u0119p do swojego konta osobistego, loguj\u0105c si\u0119. Po zalogowaniu si\u0119 na konto pozostaje tylko dokona\u0107 wp\u0142aty po procesie weryfikacji i rozpocz\u0105\u0107 gr\u0119 w swoje ulubione gry. W razie jakichkolwiek problem\u00f3w zawsze mo\u017cesz skontaktowa\u0107 si\u0119 z czatem na \u017cywo.<\/p>\n<p><img loading=\"lazy\" decoding=\"async\" class=\"alignnone wp-image-1510 size-full\" src=\"https:\/\/goldzinocasino.net\/wp-content\/uploads\/ios.webp\" alt=\"ios\" width=\"1248\" height=\"536\" srcset=\"https:\/\/goldzinocasino.net\/wp-content\/uploads\/ios.webp 1248w, https:\/\/goldzinocasino.net\/wp-content\/uploads\/ios-300x129.webp 300w, https:\/\/goldzinocasino.net\/wp-content\/uploads\/ios-1024x440.webp 1024w, https:\/\/goldzinocasino.net\/wp-content\/uploads\/ios-768x330.webp 768w\" sizes=\"auto, (max-width: 1248px) 100vw, 1248px\" \/><\/p>\n<\/div><\/div><div style=\"clear: both\"><\/div><div class=\"d-flex justify-content-center\"><button data-item=\"decouvrez_link\" data-group=\"website_links\" class=\"goto fw-bold rounded-pill btn btn-orange\" aria-label=\"Pobierz aplikacj\u0119 Goldzino\" >Pobierz aplikacj\u0119 Goldzino<\/button><\/div><div class=\"scrollable-content-wrap my-5\"><div class=\"scrollable-content-inner\"><h2>Aplikacja Goldzino na Androida<\/h2>\n<p>Wiadomo, \u017ce wi\u0119kszo\u015b\u0107 aplikacji mobilnych kasyn na Androida jest w formacie Android Package Kit. Istnieje jednak r\u00f3\u017cnica mi\u0119dzy APK a PWA. Na przyk\u0142ad aplikacje APK zazwyczaj zajmuj\u0105 du\u017co miejsca w pami\u0119ci urz\u0105dzenia w por\u00f3wnaniu z PWA, kt\u00f3re s\u0105 bardzo lekkie. Ponadto czas uruchamiania APK jest zazwyczaj znacznie d\u0142u\u017cszy. W\u0142a\u015bnie dlatego nasz zesp\u00f3\u0142 zdecydowa\u0142 si\u0119 na aplikacj\u0119 mobiln\u0105 PWA podczas projektowania aplikacji Goldzino.<\/p>\n<p>Oto kroki, kt\u00f3re nale\u017cy wykona\u0107, aby zainstalowa\u0107 aplikacj\u0119 Goldzino na urz\u0105dzeniu z systemem Android:<\/p>\n<ol>\n<li>Odwied\u017a nasz\u0105 oficjaln\u0105 stron\u0119 internetow\u0105, korzystaj\u0105c z preferowanej przegl\u0105darki mobilnej.<\/li>\n<li>Aby uzyska\u0107 dost\u0119p do menu, kliknij ikon\u0119 trzech kropek w pasku adresu.<\/li>\n<li>Z listy wybierz \u201eDodaj do ekranu g\u0142\u00f3wnego\u201d.<\/li>\n<li>Aby rozpocz\u0105\u0107 proces instalacji, naci\u015bnij przycisk.<\/li>\n<\/ol>\n<p>Po wykonaniu tych kilku prostych krok\u00f3w ikona kasyna Goldzino pojawi si\u0119 na ekranie g\u0142\u00f3wnym w ci\u0105gu kilku sekund. Aby zagra\u0107, wystarczy klikn\u0105\u0107 t\u0119 ikon\u0119, aby uzyska\u0107 dost\u0119p do kasyna.<\/p>\n<p><img loading=\"lazy\" decoding=\"async\" class=\"alignnone wp-image-1510 size-full\" src=\"https:\/\/goldzinocasino.net\/wp-content\/uploads\/Android-DE.webp\" alt=\"Android\" width=\"1248\" height=\"536\" \/><\/p>\n<\/div><\/div><div style=\"clear: both\"><\/div><div class=\"d-flex justify-content-center\"><button data-item=\"decouvrez_link\" data-group=\"website_links\" class=\"goto fw-bold rounded-pill btn btn-orange\" aria-label=\"Pobierz aplikacj\u0119 Goldzino\" >Pobierz aplikacj\u0119 Goldzino<\/button><\/div><div class=\"scrollable-content-wrap my-5\"><div class=\"scrollable-content-inner\"><h2>Aplikacja mobilna dla systemu iOS<\/h2>\n<p>Aplikacja Gold Zino na iOS nie r\u00f3\u017cni si\u0119 zbytnio od wersji na Androida, z wyj\u0105tkiem tego, \u017ce jest dostosowana do urz\u0105dze\u0144 Apple. Proces instalacji jest r\u00f3wnie\u017c bardzo szybki i nie zajmie wi\u0119cej ni\u017c kilka sekund. Oto jak post\u0119powa\u0107:<\/p>\n<ol>\n<li>Wejd\u017a na nasz\u0105 stron\u0119 internetow\u0105 za pomoc\u0105 przegl\u0105darki w telefonie.<\/li>\n<li>Wybierz opcj\u0119 \u201eDodaj do ekranu g\u0142\u00f3wnego\u201d w ustawieniach przegl\u0105darki.<\/li>\n<li>Wystarczy klikn\u0105\u0107 przycisk, aby rozpocz\u0105\u0107 proces instalacji.<\/li>\n<li>Poczekaj kilka sekund, a\u017c ikona kasyna pojawi si\u0119 na ekranie Twojego urz\u0105dzenia.<\/li>\n<\/ol>\n<p>Gdy aplikacja kasyna Goldzino pojawi si\u0119 na ekranie, mo\u017cesz j\u0105 klikn\u0105\u0107 i uzyska\u0107 dost\u0119p do swojego konta osobistego, loguj\u0105c si\u0119. Po zalogowaniu si\u0119 na konto pozostaje tylko dokona\u0107 wp\u0142aty po procesie weryfikacji i rozpocz\u0105\u0107 gr\u0119 w swoje ulubione gry. W razie jakichkolwiek problem\u00f3w zawsze mo\u017cesz skontaktowa\u0107 si\u0119 z czatem na \u017cywo.<\/p>\n<p><img loading=\"lazy\" decoding=\"async\" class=\"alignnone wp-image-1510 size-full\" src=\"https:\/\/goldzinocasino.net\/wp-content\/uploads\/PC.webp\" alt=\"PC\" width=\"1248\" height=\"536\" \/><\/p>\n<\/div><\/div><div style=\"clear: both\"><\/div><div class=\"d-flex justify-content-center\"><button data-item=\"decouvrez_link\" data-group=\"website_links\" class=\"goto fw-bold rounded-pill btn btn-orange\" aria-label=\"Pobierz aplikacj\u0119 Goldzino\" >Pobierz aplikacj\u0119 Goldzino<\/button><\/div><div class=\"scrollable-content-wrap my-5\"><div class=\"scrollable-content-inner\"><h2>Graj w Gold Zino Casino na komputerze Mac lub Windows<\/h2>\n<p>Jak ju\u017c wspomniano wcze\u015bniej, aplikacja Goldzino nie jest ograniczona tylko do urz\u0105dze\u0144 mobilnych z systemem iOS lub Android. Nasza aplikacja doskonale obs\u0142uguje systemy Windows i macOS, dzi\u0119ki czemu jest dost\u0119pna na komputerach. Prawdopodobnie zastanawiasz si\u0119, jakie s\u0105 zalety aplikacji mobilnej na komputerze stacjonarnym. C\u00f3\u017c, aplikacja Goldzino zasadniczo umo\u017cliwia szybszy dost\u0119p do biblioteki gier przy skr\u00f3conym czasie \u0142adowania w por\u00f3wnaniu z wersj\u0105 przegl\u0105darkow\u0105. Ponadto jest znacznie wygodniejsza, poniewa\u017c jest zoptymalizowana pod k\u0105tem Twojego systemu operacyjnego.<\/p>\n<p>Procedura instalacji jest bardzo prosta: wystarczy wej\u015b\u0107 na nasz\u0105 oficjaln\u0105 stron\u0119 internetow\u0105 i klikn\u0105\u0107 przycisk instalacji w pasku adresu, kt\u00f3ry wygl\u0105da jak strza\u0142ka na ekranie komputera. Nast\u0119pnie nale\u017cy ponownie nacisn\u0105\u0107 przycisk instalacji i gotowe. Po zako\u0144czeniu instalacji na ekranie pojawi si\u0119 ikona aplikacji Goldzino. W przypadku trudno\u015bci prosimy o kontakt z zespo\u0142em pomocy technicznej.<\/p>\n<h2>Jak zainstalowa\u0107 aplikacj\u0119 Goldzino na dowolnym urz\u0105dzeniu<\/h2>\n<p>Instalacja Goldzino jest bardzo prostym i uniwersalnym procesem, kt\u00f3ry pozostaje prawie taki sam na wi\u0119kszo\u015bci urz\u0105dze\u0144. Poniewa\u017c aplikacja Gold Zino jest aplikacj\u0105 PWA, zapewnia intuicyjne wra\u017cenia z gry, eliminuj\u0105c potrzeb\u0119 korzystania z tradycyjnych sklep\u00f3w z aplikacjami. Wykonaj poni\u017csze czynno\u015bci, aby zainstalowa\u0107 Goldizno na ekranie g\u0142\u00f3wnym lub pulpicie, aby uzyska\u0107 szybki dost\u0119p do swoich ulubionych gier kasynowych.<\/p>\n<table>\n<tbody>\n<tr>\n<td>Urz\u0105dzenie<\/td>\n<td>Instrukcje<\/td>\n<td>Wynik<\/td>\n<\/tr>\n<tr>\n<td>iOS<\/td>\n<td>Przejd\u017a do kasyna Goldzino, a nast\u0119pnie naci\u015bnij symbol \u201eUdost\u0119pnij\u201d. Po przewini\u0119ciu wybierz \u201eDodaj do ekranu g\u0142\u00f3wnego\u201d.<\/td>\n<td>Ikona pojawi si\u0119 na ekranie g\u0142\u00f3wnym.<\/td>\n<\/tr>\n<tr>\n<td>Android<\/td>\n<td>Otw\u00f3rz przegl\u0105dark\u0119 i przejd\u017a do kasyna Goldzino. Po dotkni\u0119ciu menu (trzy kropki) wybierz \u201eZainstaluj aplikacj\u0119\u201d lub \u201eDodaj do ekranu g\u0142\u00f3wnego\u201d.<\/td>\n<td>Ikona pojawi si\u0119 na ekranie g\u0142\u00f3wnym.<\/td>\n<\/tr>\n<tr>\n<td>Windows<\/td>\n<td>Odwied\u017a stron\u0119 Goldzino Casino w przegl\u0105darce. Kliknij ikon\u0119 instalacji (+) w pasku adresu lub znajd\u017a opcj\u0119 \u201eZainstaluj aplikacj\u0119\u201d w menu przegl\u0105darki.<\/td>\n<td>Ikona pojawi si\u0119 na pulpicie i w menu Start.<\/td>\n<\/tr>\n<tr>\n<td>MacOS<\/td>\n<td>Przejd\u017a do Goldzino w przegl\u0105darce Chrome lub Safari. W przegl\u0105darce Safari u\u017cyj opcji \u201ePlik\u201d &gt; \u201eDodaj do Docku\u201d. W przegl\u0105darce Chrome u\u017cyj opcji \u201eZainstaluj Goldzino\u201d w menu.<\/td>\n<td>Ikona pojawi si\u0119 jako aplikacja na pulpicie w przegl\u0105darce Chrome lub w Docku w przegl\u0105darce Safari.<\/td>\n<\/tr>\n<\/tbody>\n<\/table>\n<h2>FAQ<\/h2>\n<h3>Czy potrzebuj\u0119 osobnego konta dla aplikacji Goldzino?<\/h3>\n<p>Nie, nie ma potrzeby tworzenia osobnego konta dla aplikacji Goldzino. Wszystkie informacje na Twoim osobistym koncie Goldzino pozostaj\u0105 takie same na wszystkich urz\u0105dzeniach. Mo\u017cesz zalogowa\u0107 si\u0119 za pomoc\u0105 urz\u0105dzenia mobilnego z systemem Android lub iOS, a wszystko b\u0119dzie takie samo jak na komputerze stacjonarnym.<\/p>\n<h3>Czy korzystanie z aplikacji Goldzino do p\u0142atno\u015bci jest bezpieczne?<\/h3>\n<p>Tak, absolutnie. Goldzino jest bezpieczne dla p\u0142atno\u015bci. Wykorzystuje to samo szyfrowanie, co strona na komputery stacjonarne, wi\u0119c wszystkie transakcje s\u0105 bezpieczne. Strona Gold Zino posiada prawdziw\u0105 licencj\u0119 hazardow\u0105, co \u015bwiadczy o wysokim poziomie bezpiecze\u0144stwa finansowego i ochrony danych. P\u0142atno\u015bci s\u0105 przetwarzane przez znanych dostawc\u00f3w, co zapewnia dodatkow\u0105 warstw\u0119 bezpiecze\u0144stwa.<\/p>\n<h3>Czy na urz\u0105dzeniach mobilnych mam dost\u0119p do tych samych gier, co na komputerze stacjonarnym?<\/h3>\n<p>Tak, mobilna wersja kasyna Goldzino zapewnia dost\u0119p do tego samego katalogu gier, co wersja na komputery stacjonarne. Wszystkie automaty, sto\u0142y z krupierem na \u017cywo i funkcje s\u0105 takie same, a ka\u017cda gra jest automatycznie dostosowana do p\u0142ynnej rozgrywki na urz\u0105dzeniu mobilnym lub tablecie.<\/p>\n<h3>Czy bonusy i turnieje s\u0105 dost\u0119pne na urz\u0105dzeniach mobilnych?<\/h3>\n<p>Tak. Aplikacja Goldzino oferuje wszystkie te same bonusy, promocje i turnieje, co wersja na komputery stacjonarne. Dzi\u0119ki aplikacji gracze maj\u0105 pe\u0142ny dost\u0119p do platformy Gold Zino, w tym mo\u017cliwo\u015b\u0107 korzystania z ofert i udzia\u0142u w dowolnym turnieju bezpo\u015brednio z urz\u0105dzenia mobilnego.<\/p>\n<\/div><\/div><\/p>\n","protected":false},"excerpt":{"rendered":"<p>Aplikacja Goldzino: mobilne gry kasynowe Goldzino app umo\u017cliwia wygodn\u0105 rozgrywk\u0119 w kasynie bezpo\u015brednio na urz\u0105dzeniu mobilnym. Korzystaj\u0105c z wersji mobilnej, mo\u017cesz gra\u0107 w swoje ulubione gry, w tym najpopularniejsze automaty online i liczne gry sto\u0142owe, a nawet bra\u0107 udzia\u0142 w rozgrywkach kasynowych na \u017cywo. Nasz obszerny katalog na urz\u0105dzenia mobilne jest taki sam jak na [&hellip;]<\/p>\n","protected":false},"author":1,"featured_media":0,"parent":0,"menu_order":0,"comment_status":"closed","ping_status":"closed","template":"template-builder.php","meta":{"_acf_changed":false,"inline_featured_image":false,"footnotes":""},"class_list":["post-1541","page","type-page","status-publish","hentry"],"acf":[],"yoast_head":"<!-- This site is optimized with the Yoast SEO plugin v27.3 - https:\/\/yoast.com\/product\/yoast-seo-wordpress\/ -->\n<title>Goldzino App | Pobierz na iOS i Androida<\/title>\n<meta name=\"description\" content=\"Zainstaluj Goldzino App na Androida lub iOS i otw\u00f3rz j\u0105 na systemie Windows lub Mac OS. Graj w najlepsze gry kasynowe online na telefonie, tablecie lub komputerze w kasynie Gold Zino, gdziekolwiek jeste\u015b!\" \/>\n<meta name=\"robots\" content=\"index, follow, max-snippet:-1, max-image-preview:large, max-video-preview:-1\" \/>\n<link rel=\"canonical\" href=\"https:\/\/goldzinocasino.net\/pl\/aplikacja\/\" \/>\n<meta property=\"og:locale\" content=\"pl_PL\" \/>\n<meta property=\"og:type\" content=\"article\" \/>\n<meta property=\"og:title\" content=\"Goldzino App | Pobierz na iOS i Androida\" \/>\n<meta property=\"og:description\" content=\"Zainstaluj Goldzino App na Androida lub iOS i otw\u00f3rz j\u0105 na systemie Windows lub Mac OS. Graj w najlepsze gry kasynowe online na telefonie, tablecie lub komputerze w kasynie Gold Zino, gdziekolwiek jeste\u015b!\" \/>\n<meta property=\"og:url\" content=\"https:\/\/goldzinocasino.net\/pl\/aplikacja\/\" \/>\n<meta property=\"og:site_name\" content=\"goldzino\" \/>\n<meta property=\"article:modified_time\" content=\"2026-02-25T12:06:18+00:00\" \/>\n<meta name=\"twitter:card\" content=\"summary_large_image\" \/>\n<meta name=\"twitter:label1\" content=\"Est. reading time\" \/>\n\t<meta name=\"twitter:data1\" content=\"3 minutes\" \/>\n<script type=\"application\/ld+json\" class=\"yoast-schema-graph\">{\"@context\":\"https:\\\/\\\/schema.org\",\"@graph\":[{\"@type\":\"WebPage\",\"@id\":\"https:\\\/\\\/goldzinocasino.net\\\/pl\\\/aplikacja\\\/\",\"url\":\"https:\\\/\\\/goldzinocasino.net\\\/pl\\\/aplikacja\\\/\",\"name\":\"Goldzino App | Pobierz na iOS i Androida\",\"isPartOf\":{\"@id\":\"https:\\\/\\\/goldzinocasino.net\\\/pl\\\/#website\"},\"datePublished\":\"2026-02-20T10:52:17+00:00\",\"dateModified\":\"2026-02-25T12:06:18+00:00\",\"description\":\"Zainstaluj Goldzino App na Androida lub iOS i otw\u00f3rz j\u0105 na systemie Windows lub Mac OS. Graj w najlepsze gry kasynowe online na telefonie, tablecie lub komputerze w kasynie Gold Zino, gdziekolwiek jeste\u015b!\",\"breadcrumb\":{\"@id\":\"https:\\\/\\\/goldzinocasino.net\\\/pl\\\/aplikacja\\\/#breadcrumb\"},\"inLanguage\":\"pl-PL\",\"potentialAction\":[{\"@type\":\"ReadAction\",\"target\":[\"https:\\\/\\\/goldzinocasino.net\\\/pl\\\/aplikacja\\\/\"]}]},{\"@type\":\"BreadcrumbList\",\"@id\":\"https:\\\/\\\/goldzinocasino.net\\\/pl\\\/aplikacja\\\/#breadcrumb\",\"itemListElement\":[{\"@type\":\"ListItem\",\"position\":1,\"name\":\"GoldZino\",\"item\":\"https:\\\/\\\/goldzinocasino.net\\\/pl\\\/\"},{\"@type\":\"ListItem\",\"position\":2,\"name\":\"Aplikacja\"}]},{\"@type\":\"WebSite\",\"@id\":\"https:\\\/\\\/goldzinocasino.net\\\/pl\\\/#website\",\"url\":\"https:\\\/\\\/goldzinocasino.net\\\/pl\\\/\",\"name\":\"GoldZino\",\"description\":\"\",\"publisher\":{\"@id\":\"https:\\\/\\\/goldzinocasino.net\\\/pl\\\/#organization\"},\"potentialAction\":[{\"@type\":\"SearchAction\",\"target\":{\"@type\":\"EntryPoint\",\"urlTemplate\":\"https:\\\/\\\/goldzinocasino.net\\\/pl\\\/?s={search_term_string}\"},\"query-input\":{\"@type\":\"PropertyValueSpecification\",\"valueRequired\":true,\"valueName\":\"search_term_string\"}}],\"inLanguage\":\"pl-PL\"},{\"@type\":\"Organization\",\"@id\":\"https:\\\/\\\/goldzinocasino.net\\\/pl\\\/#organization\",\"name\":\"GoldZino\",\"url\":\"https:\\\/\\\/goldzinocasino.net\\\/pl\\\/\",\"logo\":{\"@type\":\"ImageObject\",\"inLanguage\":\"pl-PL\",\"@id\":\"https:\\\/\\\/goldzinocasino.net\\\/pl\\\/#\\\/schema\\\/logo\\\/image\\\/\",\"url\":\"https:\\\/\\\/goldzinocasino.net\\\/wp-content\\\/uploads\\\/2025\\\/08\\\/80u1FaquEZeR6OUTeJCc.png\",\"contentUrl\":\"https:\\\/\\\/goldzinocasino.net\\\/wp-content\\\/uploads\\\/2025\\\/08\\\/80u1FaquEZeR6OUTeJCc.png\",\"width\":209,\"height\":46,\"caption\":\"GoldZino\"},\"image\":{\"@id\":\"https:\\\/\\\/goldzinocasino.net\\\/pl\\\/#\\\/schema\\\/logo\\\/image\\\/\"}}]}<\/script>\n<!-- \/ Yoast SEO plugin. -->","yoast_head_json":{"title":"Goldzino App | Pobierz na iOS i Androida","description":"Zainstaluj Goldzino App na Androida lub iOS i otw\u00f3rz j\u0105 na systemie Windows lub Mac OS. Graj w najlepsze gry kasynowe online na telefonie, tablecie lub komputerze w kasynie Gold Zino, gdziekolwiek jeste\u015b!","robots":{"index":"index","follow":"follow","max-snippet":"max-snippet:-1","max-image-preview":"max-image-preview:large","max-video-preview":"max-video-preview:-1"},"canonical":"https:\/\/goldzinocasino.net\/pl\/aplikacja\/","og_locale":"pl_PL","og_type":"article","og_title":"Goldzino App | Pobierz na iOS i Androida","og_description":"Zainstaluj Goldzino App na Androida lub iOS i otw\u00f3rz j\u0105 na systemie Windows lub Mac OS. Graj w najlepsze gry kasynowe online na telefonie, tablecie lub komputerze w kasynie Gold Zino, gdziekolwiek jeste\u015b!","og_url":"https:\/\/goldzinocasino.net\/pl\/aplikacja\/","og_site_name":"goldzino","article_modified_time":"2026-02-25T12:06:18+00:00","twitter_card":"summary_large_image","twitter_misc":{"Est. reading time":"3 minutes"},"schema":{"@context":"https:\/\/schema.org","@graph":[{"@type":"WebPage","@id":"https:\/\/goldzinocasino.net\/pl\/aplikacja\/","url":"https:\/\/goldzinocasino.net\/pl\/aplikacja\/","name":"Goldzino App | Pobierz na iOS i Androida","isPartOf":{"@id":"https:\/\/goldzinocasino.net\/pl\/#website"},"datePublished":"2026-02-20T10:52:17+00:00","dateModified":"2026-02-25T12:06:18+00:00","description":"Zainstaluj Goldzino App na Androida lub iOS i otw\u00f3rz j\u0105 na systemie Windows lub Mac OS. Graj w najlepsze gry kasynowe online na telefonie, tablecie lub komputerze w kasynie Gold Zino, gdziekolwiek jeste\u015b!","breadcrumb":{"@id":"https:\/\/goldzinocasino.net\/pl\/aplikacja\/#breadcrumb"},"inLanguage":"pl-PL","potentialAction":[{"@type":"ReadAction","target":["https:\/\/goldzinocasino.net\/pl\/aplikacja\/"]}]},{"@type":"BreadcrumbList","@id":"https:\/\/goldzinocasino.net\/pl\/aplikacja\/#breadcrumb","itemListElement":[{"@type":"ListItem","position":1,"name":"GoldZino","item":"https:\/\/goldzinocasino.net\/pl\/"},{"@type":"ListItem","position":2,"name":"Aplikacja"}]},{"@type":"WebSite","@id":"https:\/\/goldzinocasino.net\/pl\/#website","url":"https:\/\/goldzinocasino.net\/pl\/","name":"GoldZino","description":"","publisher":{"@id":"https:\/\/goldzinocasino.net\/pl\/#organization"},"potentialAction":[{"@type":"SearchAction","target":{"@type":"EntryPoint","urlTemplate":"https:\/\/goldzinocasino.net\/pl\/?s={search_term_string}"},"query-input":{"@type":"PropertyValueSpecification","valueRequired":true,"valueName":"search_term_string"}}],"inLanguage":"pl-PL"},{"@type":"Organization","@id":"https:\/\/goldzinocasino.net\/pl\/#organization","name":"GoldZino","url":"https:\/\/goldzinocasino.net\/pl\/","logo":{"@type":"ImageObject","inLanguage":"pl-PL","@id":"https:\/\/goldzinocasino.net\/pl\/#\/schema\/logo\/image\/","url":"https:\/\/goldzinocasino.net\/wp-content\/uploads\/2025\/08\/80u1FaquEZeR6OUTeJCc.png","contentUrl":"https:\/\/goldzinocasino.net\/wp-content\/uploads\/2025\/08\/80u1FaquEZeR6OUTeJCc.png","width":209,"height":46,"caption":"GoldZino"},"image":{"@id":"https:\/\/goldzinocasino.net\/pl\/#\/schema\/logo\/image\/"}}]}},"_links":{"self":[{"href":"https:\/\/goldzinocasino.net\/pl\/wp-json\/wp\/v2\/pages\/1541","targetHints":{"allow":["GET"]}}],"collection":[{"href":"https:\/\/goldzinocasino.net\/pl\/wp-json\/wp\/v2\/pages"}],"about":[{"href":"https:\/\/goldzinocasino.net\/pl\/wp-json\/wp\/v2\/types\/page"}],"author":[{"embeddable":true,"href":"https:\/\/goldzinocasino.net\/pl\/wp-json\/wp\/v2\/users\/1"}],"replies":[{"embeddable":true,"href":"https:\/\/goldzinocasino.net\/pl\/wp-json\/wp\/v2\/comments?post=1541"}],"version-history":[{"count":4,"href":"https:\/\/goldzinocasino.net\/pl\/wp-json\/wp\/v2\/pages\/1541\/revisions"}],"predecessor-version":[{"id":2116,"href":"https:\/\/goldzinocasino.net\/pl\/wp-json\/wp\/v2\/pages\/1541\/revisions\/2116"}],"wp:attachment":[{"href":"https:\/\/goldzinocasino.net\/pl\/wp-json\/wp\/v2\/media?parent=1541"}],"curies":[{"name":"wp","href":"https:\/\/api.w.org\/{rel}","templated":true}]}}