{"id":1530,"date":"2026-02-20T11:11:41","date_gmt":"2026-02-20T11:11:41","guid":{"rendered":"https:\/\/goldzinocasino.net\/accesso-e-registrazione\/"},"modified":"2026-02-24T08:56:44","modified_gmt":"2026-02-24T08:56:44","slug":"logowanie-i-rejestracja","status":"publish","type":"page","link":"https:\/\/goldzinocasino.net\/pl\/logowanie-i-rejestracja\/","title":{"rendered":"Logowanie i rejestracja"},"content":{"rendered":"<h1>Logowanie do Goldzino<\/h1>\n<p>Aby rozpocz\u0105\u0107 swoj\u0105 przygod\u0119, musisz przej\u015b\u0107 procedur\u0119 Goldzino login. Proces ten jest prosty i nie zajmie Ci du\u017co czasu, poniewa\u017c wymaga jedynie podania danych logowania. Nale\u017cy jednak pami\u0119ta\u0107, \u017ce procedura ta jest dost\u0119pna tylko dla os\u00f3b powy\u017cej 18 roku \u017cycia i tylko wtedy, gdy posiadasz jedno konto na stronie internetowej.<\/p>\n<p><div class=\"banner-wrap\" aria-label=\"Banner\"><img src=\"https:\/\/goldzinocasino.net\/wp-content\/uploads\/2026\/02\/Banner-Desktop.webp\" class=\"w-100 d-none d-lg-block img-pc main-banner-img\" alt=\"Banner Desktop\" fetchpriority=\"high\" decoding=\"async\"><img src=\"https:\/\/goldzinocasino.net\/wp-content\/uploads\/2026\/02\/Banner-mobile.webp\" class=\"w-100 d-none d-md-block d-lg-none main-banner-img\" alt=\"Banner mobile\" fetchpriority=\"high\" decoding=\"async\"><img src=\"https:\/\/goldzinocasino.net\/wp-content\/uploads\/2026\/02\/Banner-mobile.webp\" class=\"w-100 d-md-none\" alt=\"Banner mobile\" fetchpriority=\"high\" decoding=\"async\"><div class=\"banner-description\">\n<div class=\"banner-title\">Bonusy powitalne<\/div>\n<p class=\"banner-header-title\">1500 \u20ac<\/p>\n<div class=\"banner-header-AdditionalText\">+ 250 Darmowe spiny<\/div>\n<button data-item=\"homepage_banner_link\" class=\"goto m-button m-gradient-border m-button--primary m-button--large banner-button btn-orange\">\n            <div class=\"m-button-content\">\n                <span>Zarejestruj si\u0119 teraz<\/span>\n                <span><\/span>\n            <\/div>\n        <\/button>\n<\/div>\n<div class=\"WelcomePack\">\n<p><img loading=\"lazy\" decoding=\"async\" class=\"alignnone size-full wp-image-1620\" src=\"https:\/\/goldzinocasino.net\/wp-content\/uploads\/welcome-crown.png\" alt=\"welcome-crown\" width=\"25\" height=\"26\" \/><\/p>\n<div class=\"WelcomePack-Info\">Cotygodniowy zwrot got\u00f3wki do 25%<\/div>\n<p><img loading=\"lazy\" decoding=\"async\" class=\"alignnone size-full wp-image-1620\" src=\"https:\/\/goldzinocasino.net\/wp-content\/uploads\/welcome-crown.png\" alt=\"welcome-crown\" width=\"25\" height=\"26\" \/><\/p>\n<\/div>\n<\/div><div class=\"scrollable-content-wrap my-5\"><div class=\"scrollable-content-inner\"><h2>Rejestracja w kasynie Goldzino<\/h2>\n<p>Rejestracja w kasynie Goldzino odblokowuje pe\u0142en zakres gier oferowanych przez stron\u0119 internetow\u0105. Po zarejestrowaniu si\u0119 na platformie polscy gracze otrzymuj\u0105 natychmiastowy dost\u0119p do bogatej biblioteki wysokiej jako\u015bci automat\u00f3w i gier z krupierem na \u017cywo Gold Zino.<\/p>\n<p>Je\u015bli Twoje konto jest nowe, s\u0142u\u017cy ono r\u00f3wnie\u017c jako klucz do hojnych promocji, takich jak pakiet powitalny; poza tym kwalifikujesz si\u0119 r\u00f3wnie\u017c do innych bie\u017c\u0105cych ofert, takich jak darmowe spiny, oferty cashback i nagrody lojalno\u015bciowe.<\/p>\n<p>Opr\u00f3cz bonus\u00f3w, rejestracja w Gold Zino umo\u017cliwia dokonywanie transakcji, wyp\u0142at oraz zapewnia dost\u0119p do spersonalizowanych narz\u0119dzi do zarz\u0105dzania kontem. Narz\u0119dzia te pozwalaj\u0105 ustawi\u0107 limity i gra\u0107 odpowiedzialnie.<\/p>\n<h3>Za\u0142\u00f3\u017c konto w kilku krokach<\/h3>\n<p>Za\u0142o\u017cenie konta w kasynie Goldzino zajmuje tylko kilka prostych krok\u00f3w.<\/p>\n<ol>\n<li>Kliknij przycisk \u201eZarejestruj si\u0119\u201d na stronie g\u0142\u00f3wnej, aby otworzy\u0107 formularz rejestracyjny.<\/li>\n<li>Wprowad\u017a sw\u00f3j adres e-mail i wybierz bezpieczne has\u0142o.<\/li>\n<li>Je\u015bli posiadasz kod promocyjny, wprowad\u017a go w odpowiednim polu.<\/li>\n<li>Potwierd\u017a, \u017ce masz uko\u0144czone 18 lat.<\/li>\n<li>Kliknij \u201eZarejestruj si\u0119\u201d, aby zako\u0144czy\u0107 rejestracj\u0119.<\/li>\n<\/ol>\n<p>Aby uzyska\u0107 jeszcze szybszy dost\u0119p, Goldzino oferuje mo\u017cliwo\u015b\u0107 rejestracji za pomoc\u0105 konta Google. Klikaj\u0105c przycisk rejestracji Google, mo\u017cesz pomin\u0105\u0107 r\u0119czne wype\u0142nianie formularza. Platforma automatycznie wype\u0142ni Twoje dane w ci\u0105gu kilku sekund. Pozostanie Ci tylko wprowadzi\u0107 numer telefonu i potwierdzi\u0107 rejestracj\u0119.<\/p>\n<h2>Zaloguj si\u0119 i zarz\u0105dzaj swoim kontem Goldzino<\/h2>\n<p>Po utworzeniu konta Gold Zino z pewno\u015bci\u0105 chcesz uzyska\u0107 do niego dost\u0119p. Nie martw si\u0119, jest to bardzo szybki i prosty proces.<\/p>\n<p>Oto kroki, kt\u00f3re nale\u017cy wykona\u0107, aby zalogowa\u0107 si\u0119 do Goldzino:<\/p>\n<ol>\n<li>Kliknij przycisk \u201eZaloguj si\u0119\u201d u g\u00f3ry strony.<\/li>\n<li>Wprowad\u017a adres e-mail i has\u0142o powi\u0105zane z kontem lub wybierz opcj\u0119 szybkiego logowania za pomoc\u0105 konta Google.<\/li>\n<li>Naci\u015bnij \u201eZaloguj si\u0119\u201d i ciesz si\u0119 gr\u0105!<\/li>\n<\/ol>\n<p>Po zalogowaniu si\u0119 masz pe\u0142n\u0105 kontrol\u0119 nad swoj\u0105 gr\u0105 i danymi osobowymi. Z poziomu pulpitu nawigacyjnego konta mo\u017cesz \u0142atwo zarz\u0105dza\u0107 szczeg\u00f3\u0142ami swojego profilu, dostosowywa\u0107 ustawienia bezpiecze\u0144stwa, dokonywa\u0107 wp\u0142at i wyp\u0142at, \u015bledzi\u0107 histori\u0119 transakcji oraz odkrywa\u0107 ekskluzywne bonusy i promocje dostosowane specjalnie do Ciebie.<\/p>\n<h3>Typowe problemy z logowaniem<\/h3>\n<p>Proces logowania do Goldzino jest zazwyczaj szybki i \u0142atwy, ale czasami co\u015b nie idzie zgodnie z planem. Nie ma w tym nic z\u0142ego. Je\u015bli nie mo\u017cesz zalogowa\u0107 si\u0119 na swoje konto w kasynie Goldzino, najprawdopodobniej wynika to z podania nieprawid\u0142owego adresu e-mail lub has\u0142a albo pr\u00f3by zalogowania si\u0119 za pomoc\u0105 konta Google, kt\u00f3re nie jest powi\u0105zane z Twoj\u0105 to\u017csamo\u015bci\u0105 w Goldzino.<\/p>\n<p>Link \u201eNie pami\u0119tasz has\u0142a?\u201d na stronie logowania u\u0142atwia zmian\u0119 has\u0142a. Je\u015bli nie mo\u017cesz uzyska\u0107 dost\u0119pu, po prostu kliknij ten link i zresetuj swoje konto.<\/p>\n<p>Czasami trudno jest si\u0119 zalogowa\u0107, poniewa\u017c serwer nie dzia\u0142a, mog\u0105 wyst\u0119powa\u0107 problemy z pami\u0119ci\u0105 podr\u0119czn\u0105 przegl\u0105darki lub dost\u0119p mo\u017ce by\u0107 ograniczony w niekt\u00f3rych obszarach. Je\u015bli nadal masz problemy, mo\u017cesz je szybko rozwi\u0105za\u0107, czyszcz\u0105c pami\u0119\u0107 podr\u0119czn\u0105 przegl\u0105darki lub kontaktuj\u0105c si\u0119 z wieloj\u0119zyczn\u0105 obs\u0142ug\u0105 klienta kasyna Goldzino za po\u015brednictwem czatu na \u017cywo.<\/p>\n<h2>Procedura weryfikacji Gold Zino Casino<\/h2>\n<p>Goldzino zawsze zapewnia bezpieczne \u015brodowisko gry. Dlatego mo\u017cemy wymaga\u0107 od Ciebie przej\u015bcia przez prosty proces weryfikacji. Licencjonowane kasyna stosuj\u0105 t\u0119 standardow\u0105 procedur\u0119 w celu weryfikacji Twojej to\u017csamo\u015bci i zapewnienia bezpiecze\u0144stwa Twojego konta.<\/p>\n<p>Kiedy dokonujesz pierwszej wyp\u0142aty lub wkr\u00f3tce po rejestracji, zazwyczaj zostaniesz poproszony o przes\u0142anie kilku dokument\u00f3w. Mog\u0105 to by\u0107 wa\u017cny dokument to\u017csamo\u015bci, potwierdzenie adresu zamieszkania lub zdj\u0119cie metody p\u0142atno\u015bci. Po zatwierdzeniu dokument\u00f3w mo\u017cesz korzysta\u0107 ze wszystkich funkcji Gold Zino i dokonywa\u0107 wyp\u0142at bez \u017cadnych op\u00f3\u017anie\u0144.<\/p>\n<p>Oto dokumenty, kt\u00f3re b\u0119dziesz musia\u0142 dostarczy\u0107:<\/p>\n<table>\n<tbody>\n<tr>\n<td>Dokument<\/td>\n<td>Cel<\/td>\n<\/tr>\n<tr>\n<td>Dokument to\u017csamo\u015bci wydany przez organ pa\u0144stwowy, np. paszport lub prawo jazdy<\/td>\n<td>Potwierdza to\u017csamo\u015b\u0107<\/td>\n<\/tr>\n<tr>\n<td>Rachunek za media lub wyci\u0105g z konta bankowego<\/td>\n<td>Potwierdza adres zamieszkania<\/td>\n<\/tr>\n<tr>\n<td>Zdj\u0119cie karty p\u0142atniczej lub zrzut ekranu z portfela elektronicznego<\/td>\n<td>Zapewnia bezpiecze\u0144stwo transakcji<\/td>\n<\/tr>\n<\/tbody>\n<\/table>\n<h2>\u00a0FAQ<\/h2>\n<h3>Czy mog\u0119 gra\u0107 w Goldzino bez konta?<\/h3>\n<p>Niestety, nie mo\u017cna gra\u0107 w Goldzino Casino bez konta. Podobnie jak w przypadku wszystkich legalnych i autoryzowanych kasyn online, u\u017cytkownicy musz\u0105 si\u0119 zarejestrowa\u0107 i przej\u015b\u0107 proces logowania do Goldzino, aby potwierdzi\u0107 swoj\u0105 to\u017csamo\u015b\u0107, zanim b\u0119d\u0105 mogli gra\u0107 w jakiekolwiek gry lub korzysta\u0107 z jakichkolwiek us\u0142ug.<\/p>\n<h3>Jak d\u0142ugo trwa weryfikacja?<\/h3>\n<p>Proces weryfikacji w Gold Zino jest szybki; zwykle zajmuje od 24 do 48 godzin, chocia\u017c cz\u0119sto mo\u017cna go przeprowadzi\u0107 jeszcze szybciej. Dok\u0142adny czas zale\u017cy od liczby wniosk\u00f3w i tego, jak wyra\u017anie za\u0142\u0105czysz swoje dokumenty. Je\u015bli napotkasz problemy z procesem weryfikacji, skontaktuj si\u0119 z naszym zespo\u0142em pomocy technicznej.<\/p>\n<h3>Zarejestrowa\u0142em si\u0119 za pomoc\u0105 Google. Czy mog\u0119 p\u00f3\u017aniej zalogowa\u0107 si\u0119 za pomoc\u0105 adresu e-mail i has\u0142a?<\/h3>\n<p>Nawet je\u015bli zarejestrowa\u0142e\u015b si\u0119 za pomoc\u0105 Google, nadal mo\u017cesz zalogowa\u0107 si\u0119 za pomoc\u0105 adresu e-mail i has\u0142a. Mo\u017cesz to jednak zrobi\u0107 dopiero po ustawieniu has\u0142a do swojego konta. Kiedy rejestrujesz si\u0119 za pomoc\u0105 Google, Goldzino tworzy dla Ciebie konto powi\u0105zane z Twoim adresem e-mail Google. Nie otrzymujesz jednak has\u0142a.<\/p>\n<\/div><\/div><\/p>\n","protected":false},"excerpt":{"rendered":"<p>Logowanie do Goldzino Aby rozpocz\u0105\u0107 swoj\u0105 przygod\u0119, musisz przej\u015b\u0107 procedur\u0119 Goldzino login. Proces ten jest prosty i nie zajmie Ci du\u017co czasu, poniewa\u017c wymaga jedynie podania danych logowania. Nale\u017cy jednak pami\u0119ta\u0107, \u017ce procedura ta jest dost\u0119pna tylko dla os\u00f3b powy\u017cej 18 roku \u017cycia i tylko wtedy, gdy posiadasz jedno konto na stronie internetowej.<\/p>\n","protected":false},"author":1,"featured_media":0,"parent":0,"menu_order":0,"comment_status":"closed","ping_status":"closed","template":"template-builder.php","meta":{"_acf_changed":false,"inline_featured_image":false,"footnotes":""},"class_list":["post-1530","page","type-page","status-publish","hentry"],"acf":[],"yoast_head":"<!-- This site is optimized with the Yoast SEO plugin v27.3 - https:\/\/yoast.com\/product\/yoast-seo-wordpress\/ -->\n<title>Goldzino login \u2014 bezpieczna rejestracja, 2FA i weryfikacja<\/title>\n<meta name=\"description\" content=\"Utw\u00f3rz Goldzino login, aby bezpiecznie uzyska\u0107 dost\u0119p do swojego konta, zarz\u0105dza\u0107 depozytami i korzysta\u0107 z bonus\u00f3w. Szybka rejestracja dla nowych u\u017cytkownik\u00f3w. Zarejestruj si\u0119 lub zaloguj i graj w najlepsze gry kasynowe online!\" \/>\n<meta name=\"robots\" content=\"index, follow, max-snippet:-1, max-image-preview:large, max-video-preview:-1\" \/>\n<link rel=\"canonical\" href=\"https:\/\/goldzinocasino.net\/pl\/logowanie-i-rejestracja\/\" \/>\n<meta property=\"og:locale\" content=\"pl_PL\" \/>\n<meta property=\"og:type\" content=\"article\" \/>\n<meta property=\"og:title\" content=\"Goldzino login \u2014 bezpieczna rejestracja, 2FA i weryfikacja\" \/>\n<meta property=\"og:description\" content=\"Utw\u00f3rz Goldzino login, aby bezpiecznie uzyska\u0107 dost\u0119p do swojego konta, zarz\u0105dza\u0107 depozytami i korzysta\u0107 z bonus\u00f3w. Szybka rejestracja dla nowych u\u017cytkownik\u00f3w. Zarejestruj si\u0119 lub zaloguj i graj w najlepsze gry kasynowe online!\" \/>\n<meta property=\"og:url\" content=\"https:\/\/goldzinocasino.net\/pl\/logowanie-i-rejestracja\/\" \/>\n<meta property=\"og:site_name\" content=\"goldzino\" \/>\n<meta property=\"article:modified_time\" content=\"2026-02-24T08:56:44+00:00\" \/>\n<meta name=\"twitter:card\" content=\"summary_large_image\" \/>\n<meta name=\"twitter:label1\" content=\"Est. reading time\" \/>\n\t<meta name=\"twitter:data1\" content=\"1 minute\" \/>\n<script type=\"application\/ld+json\" class=\"yoast-schema-graph\">{\"@context\":\"https:\\\/\\\/schema.org\",\"@graph\":[{\"@type\":\"WebPage\",\"@id\":\"https:\\\/\\\/goldzinocasino.net\\\/pl\\\/logowanie-i-rejestracja\\\/\",\"url\":\"https:\\\/\\\/goldzinocasino.net\\\/pl\\\/logowanie-i-rejestracja\\\/\",\"name\":\"Goldzino login \u2014 bezpieczna rejestracja, 2FA i weryfikacja\",\"isPartOf\":{\"@id\":\"https:\\\/\\\/goldzinocasino.net\\\/pl\\\/#website\"},\"datePublished\":\"2026-02-20T11:11:41+00:00\",\"dateModified\":\"2026-02-24T08:56:44+00:00\",\"description\":\"Utw\u00f3rz Goldzino login, aby bezpiecznie uzyska\u0107 dost\u0119p do swojego konta, zarz\u0105dza\u0107 depozytami i korzysta\u0107 z bonus\u00f3w. Szybka rejestracja dla nowych u\u017cytkownik\u00f3w. Zarejestruj si\u0119 lub zaloguj i graj w najlepsze gry kasynowe online!\",\"breadcrumb\":{\"@id\":\"https:\\\/\\\/goldzinocasino.net\\\/pl\\\/logowanie-i-rejestracja\\\/#breadcrumb\"},\"inLanguage\":\"pl-PL\",\"potentialAction\":[{\"@type\":\"ReadAction\",\"target\":[\"https:\\\/\\\/goldzinocasino.net\\\/pl\\\/logowanie-i-rejestracja\\\/\"]}]},{\"@type\":\"BreadcrumbList\",\"@id\":\"https:\\\/\\\/goldzinocasino.net\\\/pl\\\/logowanie-i-rejestracja\\\/#breadcrumb\",\"itemListElement\":[{\"@type\":\"ListItem\",\"position\":1,\"name\":\"GoldZino\",\"item\":\"https:\\\/\\\/goldzinocasino.net\\\/pl\\\/\"},{\"@type\":\"ListItem\",\"position\":2,\"name\":\"Logowanie i rejestracja\"}]},{\"@type\":\"WebSite\",\"@id\":\"https:\\\/\\\/goldzinocasino.net\\\/pl\\\/#website\",\"url\":\"https:\\\/\\\/goldzinocasino.net\\\/pl\\\/\",\"name\":\"GoldZino\",\"description\":\"\",\"publisher\":{\"@id\":\"https:\\\/\\\/goldzinocasino.net\\\/pl\\\/#organization\"},\"potentialAction\":[{\"@type\":\"SearchAction\",\"target\":{\"@type\":\"EntryPoint\",\"urlTemplate\":\"https:\\\/\\\/goldzinocasino.net\\\/pl\\\/?s={search_term_string}\"},\"query-input\":{\"@type\":\"PropertyValueSpecification\",\"valueRequired\":true,\"valueName\":\"search_term_string\"}}],\"inLanguage\":\"pl-PL\"},{\"@type\":\"Organization\",\"@id\":\"https:\\\/\\\/goldzinocasino.net\\\/pl\\\/#organization\",\"name\":\"GoldZino\",\"url\":\"https:\\\/\\\/goldzinocasino.net\\\/pl\\\/\",\"logo\":{\"@type\":\"ImageObject\",\"inLanguage\":\"pl-PL\",\"@id\":\"https:\\\/\\\/goldzinocasino.net\\\/pl\\\/#\\\/schema\\\/logo\\\/image\\\/\",\"url\":\"https:\\\/\\\/goldzinocasino.net\\\/wp-content\\\/uploads\\\/2025\\\/08\\\/80u1FaquEZeR6OUTeJCc.png\",\"contentUrl\":\"https:\\\/\\\/goldzinocasino.net\\\/wp-content\\\/uploads\\\/2025\\\/08\\\/80u1FaquEZeR6OUTeJCc.png\",\"width\":209,\"height\":46,\"caption\":\"GoldZino\"},\"image\":{\"@id\":\"https:\\\/\\\/goldzinocasino.net\\\/pl\\\/#\\\/schema\\\/logo\\\/image\\\/\"}}]}<\/script>\n<!-- \/ Yoast SEO plugin. -->","yoast_head_json":{"title":"Goldzino login \u2014 bezpieczna rejestracja, 2FA i weryfikacja","description":"Utw\u00f3rz Goldzino login, aby bezpiecznie uzyska\u0107 dost\u0119p do swojego konta, zarz\u0105dza\u0107 depozytami i korzysta\u0107 z bonus\u00f3w. Szybka rejestracja dla nowych u\u017cytkownik\u00f3w. Zarejestruj si\u0119 lub zaloguj i graj w najlepsze gry kasynowe online!","robots":{"index":"index","follow":"follow","max-snippet":"max-snippet:-1","max-image-preview":"max-image-preview:large","max-video-preview":"max-video-preview:-1"},"canonical":"https:\/\/goldzinocasino.net\/pl\/logowanie-i-rejestracja\/","og_locale":"pl_PL","og_type":"article","og_title":"Goldzino login \u2014 bezpieczna rejestracja, 2FA i weryfikacja","og_description":"Utw\u00f3rz Goldzino login, aby bezpiecznie uzyska\u0107 dost\u0119p do swojego konta, zarz\u0105dza\u0107 depozytami i korzysta\u0107 z bonus\u00f3w. Szybka rejestracja dla nowych u\u017cytkownik\u00f3w. Zarejestruj si\u0119 lub zaloguj i graj w najlepsze gry kasynowe online!","og_url":"https:\/\/goldzinocasino.net\/pl\/logowanie-i-rejestracja\/","og_site_name":"goldzino","article_modified_time":"2026-02-24T08:56:44+00:00","twitter_card":"summary_large_image","twitter_misc":{"Est. reading time":"1 minute"},"schema":{"@context":"https:\/\/schema.org","@graph":[{"@type":"WebPage","@id":"https:\/\/goldzinocasino.net\/pl\/logowanie-i-rejestracja\/","url":"https:\/\/goldzinocasino.net\/pl\/logowanie-i-rejestracja\/","name":"Goldzino login \u2014 bezpieczna rejestracja, 2FA i weryfikacja","isPartOf":{"@id":"https:\/\/goldzinocasino.net\/pl\/#website"},"datePublished":"2026-02-20T11:11:41+00:00","dateModified":"2026-02-24T08:56:44+00:00","description":"Utw\u00f3rz Goldzino login, aby bezpiecznie uzyska\u0107 dost\u0119p do swojego konta, zarz\u0105dza\u0107 depozytami i korzysta\u0107 z bonus\u00f3w. Szybka rejestracja dla nowych u\u017cytkownik\u00f3w. Zarejestruj si\u0119 lub zaloguj i graj w najlepsze gry kasynowe online!","breadcrumb":{"@id":"https:\/\/goldzinocasino.net\/pl\/logowanie-i-rejestracja\/#breadcrumb"},"inLanguage":"pl-PL","potentialAction":[{"@type":"ReadAction","target":["https:\/\/goldzinocasino.net\/pl\/logowanie-i-rejestracja\/"]}]},{"@type":"BreadcrumbList","@id":"https:\/\/goldzinocasino.net\/pl\/logowanie-i-rejestracja\/#breadcrumb","itemListElement":[{"@type":"ListItem","position":1,"name":"GoldZino","item":"https:\/\/goldzinocasino.net\/pl\/"},{"@type":"ListItem","position":2,"name":"Logowanie i rejestracja"}]},{"@type":"WebSite","@id":"https:\/\/goldzinocasino.net\/pl\/#website","url":"https:\/\/goldzinocasino.net\/pl\/","name":"GoldZino","description":"","publisher":{"@id":"https:\/\/goldzinocasino.net\/pl\/#organization"},"potentialAction":[{"@type":"SearchAction","target":{"@type":"EntryPoint","urlTemplate":"https:\/\/goldzinocasino.net\/pl\/?s={search_term_string}"},"query-input":{"@type":"PropertyValueSpecification","valueRequired":true,"valueName":"search_term_string"}}],"inLanguage":"pl-PL"},{"@type":"Organization","@id":"https:\/\/goldzinocasino.net\/pl\/#organization","name":"GoldZino","url":"https:\/\/goldzinocasino.net\/pl\/","logo":{"@type":"ImageObject","inLanguage":"pl-PL","@id":"https:\/\/goldzinocasino.net\/pl\/#\/schema\/logo\/image\/","url":"https:\/\/goldzinocasino.net\/wp-content\/uploads\/2025\/08\/80u1FaquEZeR6OUTeJCc.png","contentUrl":"https:\/\/goldzinocasino.net\/wp-content\/uploads\/2025\/08\/80u1FaquEZeR6OUTeJCc.png","width":209,"height":46,"caption":"GoldZino"},"image":{"@id":"https:\/\/goldzinocasino.net\/pl\/#\/schema\/logo\/image\/"}}]}},"_links":{"self":[{"href":"https:\/\/goldzinocasino.net\/pl\/wp-json\/wp\/v2\/pages\/1530","targetHints":{"allow":["GET"]}}],"collection":[{"href":"https:\/\/goldzinocasino.net\/pl\/wp-json\/wp\/v2\/pages"}],"about":[{"href":"https:\/\/goldzinocasino.net\/pl\/wp-json\/wp\/v2\/types\/page"}],"author":[{"embeddable":true,"href":"https:\/\/goldzinocasino.net\/pl\/wp-json\/wp\/v2\/users\/1"}],"replies":[{"embeddable":true,"href":"https:\/\/goldzinocasino.net\/pl\/wp-json\/wp\/v2\/comments?post=1530"}],"version-history":[{"count":2,"href":"https:\/\/goldzinocasino.net\/pl\/wp-json\/wp\/v2\/pages\/1530\/revisions"}],"predecessor-version":[{"id":1946,"href":"https:\/\/goldzinocasino.net\/pl\/wp-json\/wp\/v2\/pages\/1530\/revisions\/1946"}],"wp:attachment":[{"href":"https:\/\/goldzinocasino.net\/pl\/wp-json\/wp\/v2\/media?parent=1530"}],"curies":[{"name":"wp","href":"https:\/\/api.w.org\/{rel}","templated":true}]}}