{"id":1535,"date":"2026-02-20T10:52:17","date_gmt":"2026-02-20T10:52:17","guid":{"rendered":"https:\/\/goldzinocasino.net\/applicazione\/"},"modified":"2026-02-25T12:05:02","modified_gmt":"2026-02-25T12:05:02","slug":"app","status":"publish","type":"page","link":"https:\/\/goldzinocasino.net\/fr\/app\/","title":{"rendered":"App"},"content":{"rendered":"<h1>Application Goldzino : jeux de casino sur mobile<\/h1>\n<p>Goldzino App vous permet de profiter d&rsquo;une exp\u00e9rience de casino pratique directement sur votre appareil mobile. Gr\u00e2ce \u00e0 la version mobile, vous pouvez jouer \u00e0 vos jeux pr\u00e9f\u00e9r\u00e9s, y compris les machines \u00e0 sous en ligne les plus populaires et de nombreux jeux de table, et m\u00eame participer \u00e0 des activit\u00e9s de casino en direct. Notre catalogue complet sur mobile est le m\u00eame que sur ordinateur, nous vous garantissons donc que vous ne manquerez rien. L&rsquo;application est enti\u00e8rement gratuite et peut \u00eatre install\u00e9e sur les syst\u00e8mes d&rsquo;exploitation iOS et Android, ainsi que sur macOS et Windows.<\/p>\n<div class=\"banner-wrap\" aria-label=\"Banner\"><img src=\"https:\/\/goldzinocasino.net\/wp-content\/uploads\/2026\/02\/Banner-Desktop.webp\" class=\"w-100 d-none d-lg-block img-pc main-banner-img\" alt=\"Banner Desktop\" fetchpriority=\"high\" decoding=\"async\"><img src=\"https:\/\/goldzinocasino.net\/wp-content\/uploads\/2026\/02\/Banner-mobile.webp\" class=\"w-100 d-none d-md-block d-lg-none main-banner-img\" alt=\"Banner mobile\" fetchpriority=\"high\" decoding=\"async\"><img src=\"https:\/\/goldzinocasino.net\/wp-content\/uploads\/2026\/02\/Banner-mobile.webp\" class=\"w-100 d-md-none\" alt=\"Banner mobile\" fetchpriority=\"high\" decoding=\"async\"><div class=\"banner-description\">\n<div class=\"banner-title\">Bonus de bienvenue<\/div>\n<p class=\"banner-header-title\">1500 \u20ac<\/p>\n<div class=\"banner-header-AdditionalText\">+ 250 Tours gratuits<\/div>\n<button data-item=\"homepage_banner_link\" class=\"goto m-button m-gradient-border m-button--primary m-button--large banner-button btn-orange\">\n            <div class=\"m-button-content\">\n                <span>Inscrivez-vous d\u00e8s maintenant<\/span>\n                <span><\/span>\n            <\/div>\n        <\/button>\n<\/div>\n<div class=\"WelcomePack\">\n<p><img loading=\"lazy\" decoding=\"async\" class=\"alignnone size-full wp-image-1616\" src=\"https:\/\/goldzinocasino.net\/wp-content\/uploads\/welcome-crown.png\" alt=\"welcome-crown\" width=\"25\" height=\"26\" \/><\/p>\n<div class=\"WelcomePack-Info\">Cashback hebdomadaire jusqu&rsquo;\u00e0 25 %<\/div>\n<p><img loading=\"lazy\" decoding=\"async\" class=\"alignnone size-full wp-image-1616\" src=\"https:\/\/goldzinocasino.net\/wp-content\/uploads\/welcome-crown.png\" alt=\"welcome-crown\" width=\"25\" height=\"26\" \/><\/p>\n<\/div>\n<\/div>\n<h2>Avantages et fonctionnalit\u00e9s de l&rsquo;application Goldzino<\/h2>\n<p>Si vous avez d\u00e9j\u00e0 r\u00eav\u00e9 de jouer pendant vos d\u00e9placements, l&rsquo;application mobile vous semblera certainement plus attrayante que la version pour ordinateur. L&rsquo;application Goldzino est essentiellement une application web progressive (PWA) qui sert de raccourci vers notre site web principal. Une fois l&rsquo;installation termin\u00e9e, il vous suffit de cliquer sur l&rsquo;ic\u00f4ne du casino lorsque vous souhaitez jouer ; vous n&rsquo;avez plus besoin de naviguer vers la version navigateur. De cette fa\u00e7on, vous pouvez acc\u00e9der \u00e0 notre catalogue de jeux directement depuis votre \u00e9cran d&rsquo;accueil.<\/p>\n<p>Toutes les fonctionnalit\u00e9s et tous les jeux de l&rsquo;application Goldzino Casino restent les m\u00eames que dans la version pour ordinateur. Cependant, elle est mieux adapt\u00e9e aux joueurs qui pr\u00e9f\u00e8rent jouer en d\u00e9placement sans avoir \u00e0 rester assis constamment devant leur PC.<\/p>\n<p>Voici les principaux avantages de l&rsquo;application Goldzino par rapport \u00e0 la version PC :<\/p>\n<ul>\n<li>Acc\u00e8s simple : l&rsquo;acc\u00e8s \u00e0 votre compte Goldzino Casino et \u00e0 tous vos jeux pr\u00e9f\u00e9r\u00e9s est beaucoup plus facile via un appareil mobile que via la version de bureau. Cela ne prend que quelques clics.<\/li>\n<li>Mobilit\u00e9 : l&rsquo;application Goldzino vous permet de voyager tout en jouant \u00e0 des jeux de casino en ligne. Inutile de rester chez vous derri\u00e8re votre bureau, vous pouvez facilement acc\u00e9der \u00e0 des machines \u00e0 sous ou \u00e0 des jeux de table modernes lors de vos d\u00e9placements.<\/li>\n<li>Rapidit\u00e9 : la PWA Gold Zino affiche instantan\u00e9ment les interfaces du casino sur votre \u00e9cran en utilisant des \u00e9l\u00e9ments cl\u00e9s de cache intelligents. Cela vous permet d&rsquo;acc\u00e9der \u00e0 toutes les fonctionnalit\u00e9s du casino en ligne presque instantan\u00e9ment.<\/li>\n<li>Fonctionnalit\u00e9 hors ligne : le contenu pr\u00e9c\u00e9demment charg\u00e9 reste visible sur Gold Zino, ce qui signifie que vous pouvez acc\u00e9der \u00e0 toutes les informations personnelles de votre compte m\u00eame lorsque vous \u00eates d\u00e9connect\u00e9 d&rsquo;Internet.<\/li>\n<li>Notifications push : si vous autorisez l&rsquo;application Goldzino \u00e0 le faire, nous pouvons vous envoyer r\u00e9guli\u00e8rement de nouvelles informations sur des \u00e9v\u00e9nements et des promotions int\u00e9ressants. Avec la version mobile, vous pouvez \u00eatre le premier \u00e0 recevoir les mises \u00e0 jour de Goldzino.<\/li>\n<\/ul>\n<p>Il convient de mentionner que l&rsquo;application Gold Zino est disponible non seulement sur iOS et Android, mais aussi sur ordinateur. L&rsquo;application Goldzino prend en charge les syst\u00e8mes d&rsquo;exploitation macOS et Windows, ce qui permet aux utilisateurs d&rsquo;acc\u00e9der \u00e0 une version plus rapide et plus pratique du site web, m\u00eame sur leur PC.<\/p>\n<p><div class=\"scrollable-content-wrap my-5\"><div class=\"scrollable-content-inner\"><h2>Application mobile pour iOS<\/h2>\n<p>L&rsquo;application Gold Zino pour iOS ne diff\u00e8re pas beaucoup de la version Android, sauf qu&rsquo;elle est adapt\u00e9e aux appareils Apple. Le processus d&rsquo;installation est \u00e9galement tr\u00e8s rapide et ne prendra que quelques secondes. Voici comment proc\u00e9der :<\/p>\n<ol>\n<li>Rendez-vous sur notre site web \u00e0 l&rsquo;aide du navigateur de votre t\u00e9l\u00e9phone.<\/li>\n<li>S\u00e9lectionnez l&rsquo;option \u00ab Ajouter \u00e0 l&rsquo;\u00e9cran d&rsquo;accueil \u00bb dans les param\u00e8tres du navigateur.<\/li>\n<li>Cliquez simplement sur le bouton pour lancer le processus d&rsquo;installation.<\/li>\n<li>Patientez quelques secondes jusqu&rsquo;\u00e0 ce que l&rsquo;ic\u00f4ne du casino apparaisse sur l&rsquo;\u00e9cran de votre appareil.<\/li>\n<\/ol>\n<p>Une fois que l&rsquo;application Goldzino Casino est apparue sur votre \u00e9cran, vous pouvez cliquer dessus et acc\u00e9der \u00e0 votre compte personnel en vous connectant. Apr\u00e8s vous \u00eatre connect\u00e9 \u00e0 votre compte, il ne vous reste plus qu&rsquo;\u00e0 effectuer un d\u00e9p\u00f4t apr\u00e8s le processus de v\u00e9rification et \u00e0 commencer \u00e0 jouer \u00e0 vos jeux pr\u00e9f\u00e9r\u00e9s. Si vous rencontrez des probl\u00e8mes, vous pouvez toujours contacter le chat en direct.<\/p>\n<p><img loading=\"lazy\" decoding=\"async\" class=\"alignnone wp-image-1510 size-full\" src=\"https:\/\/goldzinocasino.net\/wp-content\/uploads\/ios.webp\" alt=\"ios\" width=\"1248\" height=\"536\" srcset=\"https:\/\/goldzinocasino.net\/wp-content\/uploads\/ios.webp 1248w, https:\/\/goldzinocasino.net\/wp-content\/uploads\/ios-300x129.webp 300w, https:\/\/goldzinocasino.net\/wp-content\/uploads\/ios-1024x440.webp 1024w, https:\/\/goldzinocasino.net\/wp-content\/uploads\/ios-768x330.webp 768w\" sizes=\"auto, (max-width: 1248px) 100vw, 1248px\" \/><\/p>\n<\/div><\/div><div style=\"clear: both\"><\/div><div class=\"d-flex justify-content-center\"><button data-item=\"decouvrez_link\" data-group=\"website_links\" class=\"goto fw-bold rounded-pill btn btn-orange\" aria-label=\"T\u00e9l\u00e9chargez l&#039;application Goldzino\" >T\u00e9l\u00e9chargez l&#039;application Goldzino<\/button><\/div><div class=\"scrollable-content-wrap my-5\"><div class=\"scrollable-content-inner\"><h2>Application Goldzino pour Android<\/h2>\n<p>On sait que la plupart des applications de casino mobile Android sont au format Android Package Kit. Cependant, il existe une diff\u00e9rence entre APK et PWA. Par exemple, les applications APK occupent g\u00e9n\u00e9ralement beaucoup d&rsquo;espace dans la m\u00e9moire de l&rsquo;appareil par rapport aux PWA, qui sont tr\u00e8s l\u00e9g\u00e8res. De plus, le temps de lancement des APK est g\u00e9n\u00e9ralement beaucoup plus long. C&rsquo;est exactement pour cette raison que notre \u00e9quipe a d\u00e9cid\u00e9 d&rsquo;opter pour une application mobile PWA lors de la conception de l&rsquo;application Goldzino.<\/p>\n<p>Voici les \u00e9tapes \u00e0 suivre pour installer l&rsquo;application Goldzino sur votre appareil Android :<\/p>\n<ol>\n<li>Rendez-vous sur notre site officiel \u00e0 l&rsquo;aide de votre navigateur mobile pr\u00e9f\u00e9r\u00e9.<\/li>\n<li>Pour acc\u00e9der au menu, cliquez sur l&rsquo;ic\u00f4ne \u00e0 trois points dans la barre d&rsquo;adresse.<\/li>\n<li>Dans la liste, choisissez \u00ab Ajouter \u00e0 l&rsquo;\u00e9cran d&rsquo;accueil \u00bb.<\/li>\n<li>Pour lancer le processus d&rsquo;installation, appuyez sur le bouton.<\/li>\n<\/ol>\n<p>Apr\u00e8s avoir suivi ces quelques \u00e9tapes, l&rsquo;ic\u00f4ne du casino Goldzino appara\u00eetra sur votre \u00e9cran d&rsquo;accueil en quelques secondes. Pour jouer, il vous suffit de cliquer sur cette ic\u00f4ne pour acc\u00e9der au casino.<\/p>\n<p><img loading=\"lazy\" decoding=\"async\" class=\"alignnone wp-image-1510 size-full\" src=\"https:\/\/goldzinocasino.net\/wp-content\/uploads\/Android-DE.webp\" alt=\"Android\" width=\"1248\" height=\"536\" \/><\/p>\n<\/div><\/div><div style=\"clear: both\"><\/div><div class=\"d-flex justify-content-center\"><button data-item=\"decouvrez_link\" data-group=\"website_links\" class=\"goto fw-bold rounded-pill btn btn-orange\" aria-label=\"T\u00e9l\u00e9chargez l&#039;application Goldzino\" >T\u00e9l\u00e9chargez l&#039;application Goldzino<\/button><\/div><div class=\"scrollable-content-wrap my-5\"><div class=\"scrollable-content-inner\"><h2>Jouez au casino Gold Zino sur Mac ou Windows<\/h2>\n<p>Comme mentionn\u00e9 pr\u00e9c\u00e9demment, l&rsquo;application Goldzino n&rsquo;est pas r\u00e9serv\u00e9e aux appareils mobiles fonctionnant sous iOS ou Android. Notre application est parfaitement compatible avec Windows et macOS, ce qui la rend accessible sur les ordinateurs. Vous vous demandez probablement quels sont les avantages de l&rsquo;application mobile sur un ordinateur de bureau. Eh bien, l&rsquo;application Goldzino permet essentiellement un acc\u00e8s plus rapide \u00e0 la biblioth\u00e8que de jeux avec des temps de chargement r\u00e9duits par rapport \u00e0 la version navigateur. De plus, elle est beaucoup plus pratique car elle est optimis\u00e9e pour votre syst\u00e8me d&rsquo;exploitation.<\/p>\n<p>La proc\u00e9dure d&rsquo;installation est tr\u00e8s simple : il suffit de se rendre sur notre site officiel et de cliquer sur le bouton d&rsquo;installation dans la barre d&rsquo;adresse, qui ressemble \u00e0 une fl\u00e8che sur un \u00e9cran d&rsquo;ordinateur. Ensuite, appuyez \u00e0 nouveau sur le bouton d&rsquo;installation, et le tour est jou\u00e9. Une fois l&rsquo;installation termin\u00e9e, l&rsquo;ic\u00f4ne de l&rsquo;application Goldzino appara\u00eetra sur votre \u00e9cran. Si vous rencontrez des difficult\u00e9s, veuillez contacter l&rsquo;\u00e9quipe d&rsquo;assistance.<\/p>\n<p><img loading=\"lazy\" decoding=\"async\" class=\"alignnone wp-image-1510 size-full\" src=\"https:\/\/goldzinocasino.net\/wp-content\/uploads\/PC.webp\" alt=\"PC\" width=\"1248\" height=\"536\" \/><\/p>\n<\/div><\/div><div style=\"clear: both\"><\/div><div class=\"d-flex justify-content-center\"><button data-item=\"decouvrez_link\" data-group=\"website_links\" class=\"goto fw-bold rounded-pill btn btn-orange\" aria-label=\"T\u00e9l\u00e9chargez l&#039;application Goldzino\" >T\u00e9l\u00e9chargez l&#039;application Goldzino<\/button><\/div><div class=\"scrollable-content-wrap my-5\"><div class=\"scrollable-content-inner\"><h2>Comment installer l&rsquo;application Goldzino sur n&rsquo;importe quel appareil<\/h2>\n<p>L&rsquo;installation de Goldzino est un processus tr\u00e8s simple et universel qui reste pratiquement le m\u00eame sur la plupart des appareils. L&rsquo;application Gold Zino \u00e9tant une PWA, elle vous permet de b\u00e9n\u00e9ficier d&rsquo;une exp\u00e9rience de jeu intuitive, sans avoir recours aux boutiques d&rsquo;applications traditionnelles. Suivez les \u00e9tapes ci-dessous pour installer Goldizno sur votre \u00e9cran d&rsquo;accueil ou votre bureau afin d&rsquo;acc\u00e9der rapidement \u00e0 vos jeux de casino pr\u00e9f\u00e9r\u00e9s.<\/p>\n<table>\n<tbody>\n<tr>\n<td>Appareil<\/td>\n<td>Instructions<\/td>\n<td>R\u00e9sultat<\/td>\n<\/tr>\n<tr>\n<td>iOS<\/td>\n<td>Rendez-vous sur le casino Goldzino, puis appuyez sur le symbole \u00ab Partager \u00bb. Faites d\u00e9filer et s\u00e9lectionnez \u00ab Ajouter \u00e0 l&rsquo;\u00e9cran d&rsquo;accueil \u00bb.<\/td>\n<td>L&rsquo;ic\u00f4ne appara\u00eet sur votre \u00e9cran d&rsquo;accueil.<\/td>\n<\/tr>\n<tr>\n<td>Android<\/td>\n<td>Ouvrez votre navigateur et rendez-vous sur le casino Goldzino. S\u00e9lectionnez \u00ab Installer l&rsquo;application \u00bb ou \u00ab Ajouter \u00e0 l&rsquo;\u00e9cran d&rsquo;accueil \u00bb apr\u00e8s avoir appuy\u00e9 sur le menu (trois points).<\/td>\n<td>L&rsquo;ic\u00f4ne appara\u00eetra sur votre \u00e9cran d&rsquo;accueil.<\/td>\n<\/tr>\n<tr>\n<td>Windows<\/td>\n<td>Rendez-vous sur Goldzino Casino dans votre navigateur. Cliquez sur l&rsquo;ic\u00f4ne d&rsquo;installation (+) dans la barre d&rsquo;adresse ou recherchez \u00ab Installer l&rsquo;application \u00bb dans le menu du navigateur.<\/td>\n<td>Vous pouvez voir l&rsquo;ic\u00f4ne sur votre bureau et dans le menu D\u00e9marrer.<\/td>\n<\/tr>\n<tr>\n<td>MacOS<\/td>\n<td>Acc\u00e9dez \u00e0 Goldzino dans Chrome ou Safari. Dans Safari, utilisez \u00ab Fichier \u00bb &gt; \u00ab Ajouter au Dock \u00bb. Dans Chrome, utilisez \u00ab Installer Goldzino \u00bb dans le menu.<\/td>\n<td>L&rsquo;ic\u00f4ne appara\u00eet comme une application de bureau dans Chrome ou dans votre Dock dans Safari.<\/td>\n<\/tr>\n<\/tbody>\n<\/table>\n<h2>FAQ<\/h2>\n<h3>Ai-je besoin d&rsquo;un compte s\u00e9par\u00e9 pour l&rsquo;application Goldzino ?<\/h3>\n<p>Non, il n&rsquo;est pas n\u00e9cessaire de cr\u00e9er un compte s\u00e9par\u00e9 pour l&rsquo;application Goldzino. Toutes les informations de votre compte Goldzino personnel restent les m\u00eames sur tous les appareils. Vous pouvez vous connecter via un appareil mobile Android ou iOS, et tout sera identique \u00e0 ce que vous voyez sur un ordinateur de bureau.<\/p>\n<h3>L&rsquo;application Goldzino est-elle s\u00fbre pour les paiements ?<\/h3>\n<p>Oui, absolument. Goldzino est s\u00e9curis\u00e9 pour les paiements. Il utilise le m\u00eame cryptage que son site de bureau, toutes les transactions sont donc s\u00e9curis\u00e9es. Le site Gold Zino dispose d&rsquo;une v\u00e9ritable licence de jeu, ce qui t\u00e9moigne d&rsquo;une solide s\u00e9curit\u00e9 financi\u00e8re et d&rsquo;une protection des donn\u00e9es. Les paiements sont trait\u00e9s par des fournisseurs renomm\u00e9s, ce qui ajoute un niveau de s\u00e9curit\u00e9 suppl\u00e9mentaire.<\/p>\n<h3>Ai-je acc\u00e8s aux m\u00eames jeux sur mobile que sur ordinateur ?<\/h3>\n<p>Oui, la version mobile du casino Goldzino donne acc\u00e8s au m\u00eame catalogue de jeux que la version pour ordinateur de bureau. Toutes les machines \u00e0 sous, les tables avec croupier en direct et les fonctionnalit\u00e9s sont les m\u00eames, et chaque jeu est automatiquement adapt\u00e9 pour un fonctionnement fluide sur votre appareil mobile ou votre tablette.<\/p>\n<h3>Les bonus et les tournois sont-ils disponibles sur mobile ?<\/h3>\n<p>Oui. L&rsquo;application Goldzino offre les m\u00eames bonus, promotions et tournois que la version pour ordinateur. Gr\u00e2ce \u00e0 l&rsquo;application, les joueurs ont un acc\u00e8s complet \u00e0 la plateforme Gold Zino, y compris la possibilit\u00e9 de profiter d&rsquo;offres et de participer \u00e0 n&rsquo;importe quel tournoi directement depuis leur appareil mobile.<\/p>\n<\/div><\/div><\/p>\n","protected":false},"excerpt":{"rendered":"<p>Application Goldzino : jeux de casino sur mobile Goldzino App vous permet de profiter d&rsquo;une exp\u00e9rience de casino pratique directement sur votre appareil mobile. Gr\u00e2ce \u00e0 la version mobile, vous pouvez jouer \u00e0 vos jeux pr\u00e9f\u00e9r\u00e9s, y compris les machines \u00e0 sous en ligne les plus populaires et de nombreux jeux de table, et m\u00eame [&hellip;]<\/p>\n","protected":false},"author":1,"featured_media":0,"parent":0,"menu_order":0,"comment_status":"closed","ping_status":"closed","template":"template-builder.php","meta":{"_acf_changed":false,"inline_featured_image":false,"footnotes":""},"class_list":["post-1535","page","type-page","status-publish","hentry"],"acf":[],"yoast_head":"<!-- This site is optimized with the Yoast SEO plugin v27.3 - https:\/\/yoast.com\/product\/yoast-seo-wordpress\/ -->\n<title>Goldzino App | Scarica per iOS e Android<\/title>\n<meta name=\"description\" content=\"Installa Goldzino App per Android o iOS e aprila su Windows o macOS. Gioca ai migliori giochi da casin\u00f2 online sul tuo telefono, tablet o computer su Gold Zino Casino, ovunque tu sia!\" \/>\n<meta name=\"robots\" content=\"index, follow, max-snippet:-1, max-image-preview:large, max-video-preview:-1\" \/>\n<link rel=\"canonical\" href=\"https:\/\/goldzinocasino.net\/fr\/app\/\" \/>\n<meta property=\"og:locale\" content=\"fr_FR\" \/>\n<meta property=\"og:type\" content=\"article\" \/>\n<meta property=\"og:title\" content=\"Goldzino App | Scarica per iOS e Android\" \/>\n<meta property=\"og:description\" content=\"Installa Goldzino App per Android o iOS e aprila su Windows o macOS. Gioca ai migliori giochi da casin\u00f2 online sul tuo telefono, tablet o computer su Gold Zino Casino, ovunque tu sia!\" \/>\n<meta property=\"og:url\" content=\"https:\/\/goldzinocasino.net\/fr\/app\/\" \/>\n<meta property=\"og:site_name\" content=\"goldzino\" \/>\n<meta property=\"article:modified_time\" content=\"2026-02-25T12:05:02+00:00\" \/>\n<meta name=\"twitter:card\" content=\"summary_large_image\" \/>\n<meta name=\"twitter:label1\" content=\"Dur\u00e9e de lecture estim\u00e9e\" \/>\n\t<meta name=\"twitter:data1\" content=\"3 minutes\" \/>\n<script type=\"application\/ld+json\" class=\"yoast-schema-graph\">{\"@context\":\"https:\\\/\\\/schema.org\",\"@graph\":[{\"@type\":\"WebPage\",\"@id\":\"https:\\\/\\\/goldzinocasino.net\\\/fr\\\/app\\\/\",\"url\":\"https:\\\/\\\/goldzinocasino.net\\\/fr\\\/app\\\/\",\"name\":\"Goldzino App | Scarica per iOS e Android\",\"isPartOf\":{\"@id\":\"https:\\\/\\\/goldzinocasino.net\\\/fr\\\/#website\"},\"datePublished\":\"2026-02-20T10:52:17+00:00\",\"dateModified\":\"2026-02-25T12:05:02+00:00\",\"description\":\"Installa Goldzino App per Android o iOS e aprila su Windows o macOS. Gioca ai migliori giochi da casin\u00f2 online sul tuo telefono, tablet o computer su Gold Zino Casino, ovunque tu sia!\",\"breadcrumb\":{\"@id\":\"https:\\\/\\\/goldzinocasino.net\\\/fr\\\/app\\\/#breadcrumb\"},\"inLanguage\":\"fr-FR\",\"potentialAction\":[{\"@type\":\"ReadAction\",\"target\":[\"https:\\\/\\\/goldzinocasino.net\\\/fr\\\/app\\\/\"]}]},{\"@type\":\"BreadcrumbList\",\"@id\":\"https:\\\/\\\/goldzinocasino.net\\\/fr\\\/app\\\/#breadcrumb\",\"itemListElement\":[{\"@type\":\"ListItem\",\"position\":1,\"name\":\"GoldZino\",\"item\":\"https:\\\/\\\/goldzinocasino.net\\\/fr\\\/\"},{\"@type\":\"ListItem\",\"position\":2,\"name\":\"App\"}]},{\"@type\":\"WebSite\",\"@id\":\"https:\\\/\\\/goldzinocasino.net\\\/fr\\\/#website\",\"url\":\"https:\\\/\\\/goldzinocasino.net\\\/fr\\\/\",\"name\":\"GoldZino\",\"description\":\"\",\"publisher\":{\"@id\":\"https:\\\/\\\/goldzinocasino.net\\\/fr\\\/#organization\"},\"potentialAction\":[{\"@type\":\"SearchAction\",\"target\":{\"@type\":\"EntryPoint\",\"urlTemplate\":\"https:\\\/\\\/goldzinocasino.net\\\/fr\\\/?s={search_term_string}\"},\"query-input\":{\"@type\":\"PropertyValueSpecification\",\"valueRequired\":true,\"valueName\":\"search_term_string\"}}],\"inLanguage\":\"fr-FR\"},{\"@type\":\"Organization\",\"@id\":\"https:\\\/\\\/goldzinocasino.net\\\/fr\\\/#organization\",\"name\":\"GoldZino\",\"url\":\"https:\\\/\\\/goldzinocasino.net\\\/fr\\\/\",\"logo\":{\"@type\":\"ImageObject\",\"inLanguage\":\"fr-FR\",\"@id\":\"https:\\\/\\\/goldzinocasino.net\\\/fr\\\/#\\\/schema\\\/logo\\\/image\\\/\",\"url\":\"https:\\\/\\\/goldzinocasino.net\\\/wp-content\\\/uploads\\\/2025\\\/08\\\/80u1FaquEZeR6OUTeJCc.png\",\"contentUrl\":\"https:\\\/\\\/goldzinocasino.net\\\/wp-content\\\/uploads\\\/2025\\\/08\\\/80u1FaquEZeR6OUTeJCc.png\",\"width\":209,\"height\":46,\"caption\":\"GoldZino\"},\"image\":{\"@id\":\"https:\\\/\\\/goldzinocasino.net\\\/fr\\\/#\\\/schema\\\/logo\\\/image\\\/\"}}]}<\/script>\n<!-- \/ Yoast SEO plugin. -->","yoast_head_json":{"title":"Goldzino App | Scarica per iOS e Android","description":"Installa Goldzino App per Android o iOS e aprila su Windows o macOS. Gioca ai migliori giochi da casin\u00f2 online sul tuo telefono, tablet o computer su Gold Zino Casino, ovunque tu sia!","robots":{"index":"index","follow":"follow","max-snippet":"max-snippet:-1","max-image-preview":"max-image-preview:large","max-video-preview":"max-video-preview:-1"},"canonical":"https:\/\/goldzinocasino.net\/fr\/app\/","og_locale":"fr_FR","og_type":"article","og_title":"Goldzino App | Scarica per iOS e Android","og_description":"Installa Goldzino App per Android o iOS e aprila su Windows o macOS. Gioca ai migliori giochi da casin\u00f2 online sul tuo telefono, tablet o computer su Gold Zino Casino, ovunque tu sia!","og_url":"https:\/\/goldzinocasino.net\/fr\/app\/","og_site_name":"goldzino","article_modified_time":"2026-02-25T12:05:02+00:00","twitter_card":"summary_large_image","twitter_misc":{"Dur\u00e9e de lecture estim\u00e9e":"3 minutes"},"schema":{"@context":"https:\/\/schema.org","@graph":[{"@type":"WebPage","@id":"https:\/\/goldzinocasino.net\/fr\/app\/","url":"https:\/\/goldzinocasino.net\/fr\/app\/","name":"Goldzino App | Scarica per iOS e Android","isPartOf":{"@id":"https:\/\/goldzinocasino.net\/fr\/#website"},"datePublished":"2026-02-20T10:52:17+00:00","dateModified":"2026-02-25T12:05:02+00:00","description":"Installa Goldzino App per Android o iOS e aprila su Windows o macOS. Gioca ai migliori giochi da casin\u00f2 online sul tuo telefono, tablet o computer su Gold Zino Casino, ovunque tu sia!","breadcrumb":{"@id":"https:\/\/goldzinocasino.net\/fr\/app\/#breadcrumb"},"inLanguage":"fr-FR","potentialAction":[{"@type":"ReadAction","target":["https:\/\/goldzinocasino.net\/fr\/app\/"]}]},{"@type":"BreadcrumbList","@id":"https:\/\/goldzinocasino.net\/fr\/app\/#breadcrumb","itemListElement":[{"@type":"ListItem","position":1,"name":"GoldZino","item":"https:\/\/goldzinocasino.net\/fr\/"},{"@type":"ListItem","position":2,"name":"App"}]},{"@type":"WebSite","@id":"https:\/\/goldzinocasino.net\/fr\/#website","url":"https:\/\/goldzinocasino.net\/fr\/","name":"GoldZino","description":"","publisher":{"@id":"https:\/\/goldzinocasino.net\/fr\/#organization"},"potentialAction":[{"@type":"SearchAction","target":{"@type":"EntryPoint","urlTemplate":"https:\/\/goldzinocasino.net\/fr\/?s={search_term_string}"},"query-input":{"@type":"PropertyValueSpecification","valueRequired":true,"valueName":"search_term_string"}}],"inLanguage":"fr-FR"},{"@type":"Organization","@id":"https:\/\/goldzinocasino.net\/fr\/#organization","name":"GoldZino","url":"https:\/\/goldzinocasino.net\/fr\/","logo":{"@type":"ImageObject","inLanguage":"fr-FR","@id":"https:\/\/goldzinocasino.net\/fr\/#\/schema\/logo\/image\/","url":"https:\/\/goldzinocasino.net\/wp-content\/uploads\/2025\/08\/80u1FaquEZeR6OUTeJCc.png","contentUrl":"https:\/\/goldzinocasino.net\/wp-content\/uploads\/2025\/08\/80u1FaquEZeR6OUTeJCc.png","width":209,"height":46,"caption":"GoldZino"},"image":{"@id":"https:\/\/goldzinocasino.net\/fr\/#\/schema\/logo\/image\/"}}]}},"_links":{"self":[{"href":"https:\/\/goldzinocasino.net\/fr\/wp-json\/wp\/v2\/pages\/1535","targetHints":{"allow":["GET"]}}],"collection":[{"href":"https:\/\/goldzinocasino.net\/fr\/wp-json\/wp\/v2\/pages"}],"about":[{"href":"https:\/\/goldzinocasino.net\/fr\/wp-json\/wp\/v2\/types\/page"}],"author":[{"embeddable":true,"href":"https:\/\/goldzinocasino.net\/fr\/wp-json\/wp\/v2\/users\/1"}],"replies":[{"embeddable":true,"href":"https:\/\/goldzinocasino.net\/fr\/wp-json\/wp\/v2\/comments?post=1535"}],"version-history":[{"count":4,"href":"https:\/\/goldzinocasino.net\/fr\/wp-json\/wp\/v2\/pages\/1535\/revisions"}],"predecessor-version":[{"id":2113,"href":"https:\/\/goldzinocasino.net\/fr\/wp-json\/wp\/v2\/pages\/1535\/revisions\/2113"}],"wp:attachment":[{"href":"https:\/\/goldzinocasino.net\/fr\/wp-json\/wp\/v2\/media?parent=1535"}],"curies":[{"name":"wp","href":"https:\/\/api.w.org\/{rel}","templated":true}]}}