{"id":1527,"date":"2026-02-20T11:11:41","date_gmt":"2026-02-20T11:11:41","guid":{"rendered":"https:\/\/goldzinocasino.net\/accesso-e-registrazione\/"},"modified":"2026-02-24T06:37:35","modified_gmt":"2026-02-24T06:37:35","slug":"connexion-et-inscription","status":"publish","type":"page","link":"https:\/\/goldzinocasino.net\/fr\/connexion-et-inscription\/","title":{"rendered":"Connexion et inscription"},"content":{"rendered":"<h1>Connexion \u00e0 Goldzino<\/h1>\n<p>Pour commencer votre aventure, vous devrez suivre la proc\u00e9dure de Goldzino login. Ce processus est simple et ne vous prendra pas beaucoup de temps, car il vous suffit d&rsquo;entrer vos identifiants. Cependant, vous devez tenir compte du fait que cette proc\u00e9dure n&rsquo;est accessible que si vous avez plus de 18 ans et si vous ne poss\u00e9dez qu&rsquo;un seul compte sur le site web.<\/p>\n<p><div class=\"banner-wrap\" aria-label=\"Banner\"><img src=\"https:\/\/goldzinocasino.net\/wp-content\/uploads\/2026\/02\/Banner-Desktop.webp\" class=\"w-100 d-none d-lg-block img-pc main-banner-img\" alt=\"Banner Desktop\" fetchpriority=\"high\" decoding=\"async\"><img src=\"https:\/\/goldzinocasino.net\/wp-content\/uploads\/2026\/02\/Banner-mobile.webp\" class=\"w-100 d-none d-md-block d-lg-none main-banner-img\" alt=\"Banner mobile\" fetchpriority=\"high\" decoding=\"async\"><img src=\"https:\/\/goldzinocasino.net\/wp-content\/uploads\/2026\/02\/Banner-mobile.webp\" class=\"w-100 d-md-none\" alt=\"Banner mobile\" fetchpriority=\"high\" decoding=\"async\"><div class=\"banner-description\">\n<div class=\"banner-title\">Bonus de bienvenue<\/div>\n<p class=\"banner-header-title\">1500 \u20ac<\/p>\n<div class=\"banner-header-AdditionalText\">+ 250 Tours gratuits<\/div>\n<button data-item=\"homepage_banner_link\" class=\"goto m-button m-gradient-border m-button--primary m-button--large banner-button btn-orange\">\n            <div class=\"m-button-content\">\n                <span>Inscrivez-vous d\u00e8s maintenant<\/span>\n                <span><\/span>\n            <\/div>\n        <\/button>\n<\/div>\n<div class=\"WelcomePack\">\n<p><img loading=\"lazy\" decoding=\"async\" class=\"alignnone size-full wp-image-1616\" src=\"https:\/\/goldzinocasino.net\/wp-content\/uploads\/welcome-crown.png\" alt=\"welcome-crown\" width=\"25\" height=\"26\" \/><\/p>\n<div class=\"WelcomePack-Info\">Cashback hebdomadaire jusqu&rsquo;\u00e0 25 %<\/div>\n<p><img loading=\"lazy\" decoding=\"async\" class=\"alignnone size-full wp-image-1616\" src=\"https:\/\/goldzinocasino.net\/wp-content\/uploads\/welcome-crown.png\" alt=\"welcome-crown\" width=\"25\" height=\"26\" \/><\/p>\n<\/div>\n<\/div><div class=\"scrollable-content-wrap my-5\"><div class=\"scrollable-content-inner\"><h2>Inscription au casino Goldzino<\/h2>\n<p>L&rsquo;inscription au casino Goldzino vous permet de profiter pleinement de l&rsquo;exp\u00e9rience de jeu offerte par le site web. Apr\u00e8s s&rsquo;\u00eatre inscrits sur la plateforme, les joueurs ont imm\u00e9diatement acc\u00e8s \u00e0 la vaste biblioth\u00e8que de machines \u00e0 sous et de jeux avec croupier en direct de haute qualit\u00e9 de Gold Zino.<\/p>\n<p>Si votre compte est nouveau, il vous donne \u00e9galement acc\u00e8s \u00e0 des promotions g\u00e9n\u00e9reuses telles que le pack de bienvenue. De plus, vous devenez \u00e9galement \u00e9ligible \u00e0 d&rsquo;autres offres en cours telles que des tours gratuits, des offres de cashback et des r\u00e9compenses de fid\u00e9lit\u00e9.<\/p>\n<p>Outre les bonus, l&rsquo;inscription \u00e0 Gold Zino vous permet d&rsquo;effectuer des transactions, de retirer des fonds et d&rsquo;acc\u00e9der \u00e0 des outils de gestion de compte personnalis\u00e9s. Ces outils vous permettent de fixer des limites et de jouer de mani\u00e8re responsable.<\/p>\n<h3>Cr\u00e9ez un compte en quelques \u00e9tapes<\/h3>\n<p>La cr\u00e9ation d&rsquo;un compte sur Goldzino Casino ne n\u00e9cessite que quelques \u00e9tapes simples.<\/p>\n<ol>\n<li>Cliquez sur le bouton \u00ab S&rsquo;inscrire \u00bb sur la page d&rsquo;accueil pour ouvrir le formulaire d&rsquo;inscription.<\/li>\n<li>Entrez votre adresse e-mail et choisissez un mot de passe s\u00e9curis\u00e9.<\/li>\n<li>Si vous disposez d&rsquo;un code promotionnel, saisissez-le dans le champ correspondant.<\/li>\n<li>Confirmez que vous avez plus de 18 ans.<\/li>\n<li>Cliquez sur \u00ab S&rsquo;inscrire \u00bb pour terminer votre inscription.<\/li>\n<\/ol>\n<p>Pour un acc\u00e8s encore plus rapide, Goldzino vous offre la possibilit\u00e9 de vous inscrire \u00e0 l&rsquo;aide de votre compte Google. En cliquant sur le bouton d&rsquo;inscription Google, vous pouvez ignorer le formulaire manuel. La plateforme remplira automatiquement vos coordonn\u00e9es en quelques secondes. Il ne vous restera plus qu&rsquo;\u00e0 saisir votre num\u00e9ro de t\u00e9l\u00e9phone et \u00e0 confirmer votre inscription.<\/p>\n<h2>Connectez-vous et g\u00e9rez votre compte Goldzino<\/h2>\n<p>Apr\u00e8s avoir cr\u00e9\u00e9 votre compte Gold Zino, vous souhaitez certainement y acc\u00e9der. Pas d&rsquo;inqui\u00e9tude, le processus est tr\u00e8s rapide et simple.<\/p>\n<p>Voici les \u00e9tapes \u00e0 suivre pour vous connecter \u00e0 Goldzino :<\/p>\n<ol>\n<li>Cliquez sur le bouton \u00ab Connexion \u00bb en haut de la page.<\/li>\n<li>Saisissez l&rsquo;adresse e-mail et le mot de passe associ\u00e9s \u00e0 votre compte, ou choisissez l&rsquo;option rapide pour vous connecter \u00e0 l&rsquo;aide de votre compte Google.<\/li>\n<li>Appuyez sur \u00ab Connexion \u00bb et profitez de votre exp\u00e9rience !<\/li>\n<\/ol>\n<p>Une fois connect\u00e9, vous pouvez contr\u00f4ler enti\u00e8rement votre exp\u00e9rience de jeu et vos informations personnelles. Depuis le tableau de bord de votre compte, vous pouvez facilement g\u00e9rer les d\u00e9tails de votre profil, ajuster les param\u00e8tres de s\u00e9curit\u00e9, effectuer des d\u00e9p\u00f4ts et des retraits, suivre l&rsquo;historique de vos transactions et d\u00e9couvrir des bonus et des promotions exclusifs sp\u00e9cialement con\u00e7us pour vous.<\/p>\n<h3>Probl\u00e8mes courants de connexion<\/h3>\n<p>Le processus de connexion \u00e0 Goldzino est g\u00e9n\u00e9ralement rapide et facile, mais parfois, les choses ne se passent pas comme pr\u00e9vu. Ce n&rsquo;est pas grave. Si vous ne parvenez pas \u00e0 acc\u00e9der \u00e0 votre compte Goldzino Casino, c&rsquo;est probablement parce que vous avez saisi une adresse e-mail ou un mot de passe incorrect, ou que vous avez essay\u00e9 de vous connecter avec un compte Google qui n&rsquo;est pas li\u00e9 \u00e0 votre identit\u00e9 Goldzino.<\/p>\n<p>Le lien \u00ab Mot de passe oubli\u00e9 ? \u00bb sur la page de connexion vous permet de modifier facilement votre mot de passe. Si vous ne parvenez pas \u00e0 y acc\u00e9der, cliquez simplement sur ce lien et r\u00e9initialisez votre compte.<\/p>\n<p>Il est parfois difficile de se connecter parce que le serveur est en panne, que le cache de votre navigateur pose probl\u00e8me ou que l&rsquo;acc\u00e8s est limit\u00e9 dans certaines r\u00e9gions. Si vous rencontrez toujours des difficult\u00e9s, vous pouvez les r\u00e9soudre rapidement en vidant le cache de votre navigateur ou en contactant l&rsquo;assistance multilingue de Goldzino Casino via le chat en direct.<\/p>\n<h2>Proc\u00e9dure de v\u00e9rification de Gold Zino Casino<\/h2>\n<p>Goldzino est toujours synonyme d&rsquo;environnement de jeu s\u00fbr et s\u00e9curis\u00e9. C&rsquo;est pourquoi nous pouvons vous demander de suivre une proc\u00e9dure de v\u00e9rification simple. Les casinos agr\u00e9\u00e9s mettent en \u0153uvre cette proc\u00e9dure standard pour v\u00e9rifier votre identit\u00e9 et garantir la s\u00e9curit\u00e9 de votre compte.<\/p>\n<p>Lorsque vous effectuez votre premier retrait ou peu apr\u00e8s votre inscription, vous serez normalement invit\u00e9 \u00e0 t\u00e9l\u00e9charger quelques documents. Il peut s&rsquo;agir d&rsquo;une pi\u00e8ce d&rsquo;identit\u00e9 valide, d&rsquo;un justificatif de domicile ou d&rsquo;une photo de votre moyen de paiement. Une fois vos documents approuv\u00e9s, vous pouvez utiliser toutes les fonctionnalit\u00e9s de Gold Zino et effectuer des retraits sans d\u00e9lai.<\/p>\n<p>Voici les documents que vous devrez fournir :<\/p>\n<table>\n<tbody>\n<tr>\n<td>Document<\/td>\n<td>Objectif<\/td>\n<\/tr>\n<tr>\n<td>Pi\u00e8ce d&rsquo;identit\u00e9 d\u00e9livr\u00e9e par le gouvernement, comme un passeport ou un permis de conduire<\/td>\n<td>Confirme votre identit\u00e9<\/td>\n<\/tr>\n<tr>\n<td>Facture de services publics ou relev\u00e9 bancaire<\/td>\n<td>Permet de v\u00e9rifier votre adresse r\u00e9sidentielle<\/td>\n<\/tr>\n<tr>\n<td>Photo d&rsquo;une carte de paiement ou capture d&rsquo;\u00e9cran d&rsquo;un portefeuille \u00e9lectronique<\/td>\n<td>Garantit la s\u00e9curit\u00e9 des transactions<\/td>\n<\/tr>\n<\/tbody>\n<\/table>\n<h2>\u00a0FAQ<\/h2>\n<h3>Puis-je jouer sur Goldzino sans compte ?<\/h3>\n<p>Malheureusement, vous ne pouvez pas jouer sur Goldzino Casino sans compte. Comme tous les casinos en ligne l\u00e9gaux et autoris\u00e9s, les utilisateurs doivent s&rsquo;inscrire et passer par le processus de connexion \u00e0 Goldzino pour prouver leur identit\u00e9 avant de pouvoir jouer \u00e0 des jeux ou utiliser des services.<\/p>\n<h3>Combien de temps dure la v\u00e9rification ?<\/h3>\n<p>Le processus de v\u00e9rification de Gold Zino est rapide ; il prend normalement entre 24 et 48 heures, mais il peut souvent \u00eatre effectu\u00e9 encore plus rapidement. Le d\u00e9lai exact d\u00e9pendra du nombre de demandes et de la clart\u00e9 des documents que vous aurez t\u00e9l\u00e9charg\u00e9s. Si vous rencontrez des probl\u00e8mes avec le processus de v\u00e9rification, veuillez contacter notre \u00e9quipe d&rsquo;assistance.<\/p>\n<h3>Je me suis inscrit avec Google. Puis-je me connecter avec mon adresse e-mail et mon mot de passe plus tard ?<\/h3>\n<p>M\u00eame si vous vous \u00eates inscrit via Google, vous pouvez toujours vous connecter avec votre adresse e-mail et votre mot de passe. Mais vous ne pouvez le faire qu&rsquo;apr\u00e8s avoir d\u00e9fini un mot de passe pour votre compte. Lorsque vous vous inscrivez via Google, Goldzino cr\u00e9e pour vous un compte li\u00e9 \u00e0 votre adresse e-mail Google. Cependant, vous ne recevez pas de mot de passe.<\/p>\n<\/div><\/div><\/p>\n","protected":false},"excerpt":{"rendered":"<p>Connexion \u00e0 Goldzino Pour commencer votre aventure, vous devrez suivre la proc\u00e9dure de Goldzino login. Ce processus est simple et ne vous prendra pas beaucoup de temps, car il vous suffit d&rsquo;entrer vos identifiants. Cependant, vous devez tenir compte du fait que cette proc\u00e9dure n&rsquo;est accessible que si vous avez plus de 18 ans et [&hellip;]<\/p>\n","protected":false},"author":1,"featured_media":0,"parent":0,"menu_order":0,"comment_status":"closed","ping_status":"closed","template":"template-builder.php","meta":{"_acf_changed":false,"inline_featured_image":false,"footnotes":""},"class_list":["post-1527","page","type-page","status-publish","hentry"],"acf":[],"yoast_head":"<!-- This site is optimized with the Yoast SEO plugin v27.3 - https:\/\/yoast.com\/product\/yoast-seo-wordpress\/ -->\n<title>Goldzino Login \u2014 Inscription s\u00e9curis\u00e9e, 2FA et v\u00e9rification<\/title>\n<meta name=\"description\" content=\"Cr\u00e9ez un Goldzino login pour acc\u00e9der \u00e0 votre compte en toute s\u00e9curit\u00e9, g\u00e9rer vos d\u00e9p\u00f4ts et profiter de vos bonus. Inscription rapide pour les nouveaux utilisateurs. Inscrivez-vous ou connectez-vous et jouez aux meilleurs jeux de casino en ligne !\" \/>\n<meta name=\"robots\" content=\"index, follow, max-snippet:-1, max-image-preview:large, max-video-preview:-1\" \/>\n<link rel=\"canonical\" href=\"https:\/\/goldzinocasino.net\/fr\/connexion-et-inscription\/\" \/>\n<meta property=\"og:locale\" content=\"fr_FR\" \/>\n<meta property=\"og:type\" content=\"article\" \/>\n<meta property=\"og:title\" content=\"Goldzino Login \u2014 Inscription s\u00e9curis\u00e9e, 2FA et v\u00e9rification\" \/>\n<meta property=\"og:description\" content=\"Cr\u00e9ez un Goldzino login pour acc\u00e9der \u00e0 votre compte en toute s\u00e9curit\u00e9, g\u00e9rer vos d\u00e9p\u00f4ts et profiter de vos bonus. Inscription rapide pour les nouveaux utilisateurs. Inscrivez-vous ou connectez-vous et jouez aux meilleurs jeux de casino en ligne !\" \/>\n<meta property=\"og:url\" content=\"https:\/\/goldzinocasino.net\/fr\/connexion-et-inscription\/\" \/>\n<meta property=\"og:site_name\" content=\"goldzino\" \/>\n<meta property=\"article:modified_time\" content=\"2026-02-24T06:37:35+00:00\" \/>\n<meta name=\"twitter:card\" content=\"summary_large_image\" \/>\n<meta name=\"twitter:label1\" content=\"Dur\u00e9e de lecture estim\u00e9e\" \/>\n\t<meta name=\"twitter:data1\" content=\"1 minute\" \/>\n<script type=\"application\/ld+json\" class=\"yoast-schema-graph\">{\"@context\":\"https:\\\/\\\/schema.org\",\"@graph\":[{\"@type\":\"WebPage\",\"@id\":\"https:\\\/\\\/goldzinocasino.net\\\/fr\\\/connexion-et-inscription\\\/\",\"url\":\"https:\\\/\\\/goldzinocasino.net\\\/fr\\\/connexion-et-inscription\\\/\",\"name\":\"Goldzino Login \u2014 Inscription s\u00e9curis\u00e9e, 2FA et v\u00e9rification\",\"isPartOf\":{\"@id\":\"https:\\\/\\\/goldzinocasino.net\\\/fr\\\/#website\"},\"datePublished\":\"2026-02-20T11:11:41+00:00\",\"dateModified\":\"2026-02-24T06:37:35+00:00\",\"description\":\"Cr\u00e9ez un Goldzino login pour acc\u00e9der \u00e0 votre compte en toute s\u00e9curit\u00e9, g\u00e9rer vos d\u00e9p\u00f4ts et profiter de vos bonus. Inscription rapide pour les nouveaux utilisateurs. Inscrivez-vous ou connectez-vous et jouez aux meilleurs jeux de casino en ligne !\",\"breadcrumb\":{\"@id\":\"https:\\\/\\\/goldzinocasino.net\\\/fr\\\/connexion-et-inscription\\\/#breadcrumb\"},\"inLanguage\":\"fr-FR\",\"potentialAction\":[{\"@type\":\"ReadAction\",\"target\":[\"https:\\\/\\\/goldzinocasino.net\\\/fr\\\/connexion-et-inscription\\\/\"]}]},{\"@type\":\"BreadcrumbList\",\"@id\":\"https:\\\/\\\/goldzinocasino.net\\\/fr\\\/connexion-et-inscription\\\/#breadcrumb\",\"itemListElement\":[{\"@type\":\"ListItem\",\"position\":1,\"name\":\"GoldZino\",\"item\":\"https:\\\/\\\/goldzinocasino.net\\\/fr\\\/\"},{\"@type\":\"ListItem\",\"position\":2,\"name\":\"Connexion et inscription\"}]},{\"@type\":\"WebSite\",\"@id\":\"https:\\\/\\\/goldzinocasino.net\\\/fr\\\/#website\",\"url\":\"https:\\\/\\\/goldzinocasino.net\\\/fr\\\/\",\"name\":\"GoldZino\",\"description\":\"\",\"publisher\":{\"@id\":\"https:\\\/\\\/goldzinocasino.net\\\/fr\\\/#organization\"},\"potentialAction\":[{\"@type\":\"SearchAction\",\"target\":{\"@type\":\"EntryPoint\",\"urlTemplate\":\"https:\\\/\\\/goldzinocasino.net\\\/fr\\\/?s={search_term_string}\"},\"query-input\":{\"@type\":\"PropertyValueSpecification\",\"valueRequired\":true,\"valueName\":\"search_term_string\"}}],\"inLanguage\":\"fr-FR\"},{\"@type\":\"Organization\",\"@id\":\"https:\\\/\\\/goldzinocasino.net\\\/fr\\\/#organization\",\"name\":\"GoldZino\",\"url\":\"https:\\\/\\\/goldzinocasino.net\\\/fr\\\/\",\"logo\":{\"@type\":\"ImageObject\",\"inLanguage\":\"fr-FR\",\"@id\":\"https:\\\/\\\/goldzinocasino.net\\\/fr\\\/#\\\/schema\\\/logo\\\/image\\\/\",\"url\":\"https:\\\/\\\/goldzinocasino.net\\\/wp-content\\\/uploads\\\/2025\\\/08\\\/80u1FaquEZeR6OUTeJCc.png\",\"contentUrl\":\"https:\\\/\\\/goldzinocasino.net\\\/wp-content\\\/uploads\\\/2025\\\/08\\\/80u1FaquEZeR6OUTeJCc.png\",\"width\":209,\"height\":46,\"caption\":\"GoldZino\"},\"image\":{\"@id\":\"https:\\\/\\\/goldzinocasino.net\\\/fr\\\/#\\\/schema\\\/logo\\\/image\\\/\"}}]}<\/script>\n<!-- \/ Yoast SEO plugin. -->","yoast_head_json":{"title":"Goldzino Login \u2014 Inscription s\u00e9curis\u00e9e, 2FA et v\u00e9rification","description":"Cr\u00e9ez un Goldzino login pour acc\u00e9der \u00e0 votre compte en toute s\u00e9curit\u00e9, g\u00e9rer vos d\u00e9p\u00f4ts et profiter de vos bonus. Inscription rapide pour les nouveaux utilisateurs. Inscrivez-vous ou connectez-vous et jouez aux meilleurs jeux de casino en ligne !","robots":{"index":"index","follow":"follow","max-snippet":"max-snippet:-1","max-image-preview":"max-image-preview:large","max-video-preview":"max-video-preview:-1"},"canonical":"https:\/\/goldzinocasino.net\/fr\/connexion-et-inscription\/","og_locale":"fr_FR","og_type":"article","og_title":"Goldzino Login \u2014 Inscription s\u00e9curis\u00e9e, 2FA et v\u00e9rification","og_description":"Cr\u00e9ez un Goldzino login pour acc\u00e9der \u00e0 votre compte en toute s\u00e9curit\u00e9, g\u00e9rer vos d\u00e9p\u00f4ts et profiter de vos bonus. Inscription rapide pour les nouveaux utilisateurs. Inscrivez-vous ou connectez-vous et jouez aux meilleurs jeux de casino en ligne !","og_url":"https:\/\/goldzinocasino.net\/fr\/connexion-et-inscription\/","og_site_name":"goldzino","article_modified_time":"2026-02-24T06:37:35+00:00","twitter_card":"summary_large_image","twitter_misc":{"Dur\u00e9e de lecture estim\u00e9e":"1 minute"},"schema":{"@context":"https:\/\/schema.org","@graph":[{"@type":"WebPage","@id":"https:\/\/goldzinocasino.net\/fr\/connexion-et-inscription\/","url":"https:\/\/goldzinocasino.net\/fr\/connexion-et-inscription\/","name":"Goldzino Login \u2014 Inscription s\u00e9curis\u00e9e, 2FA et v\u00e9rification","isPartOf":{"@id":"https:\/\/goldzinocasino.net\/fr\/#website"},"datePublished":"2026-02-20T11:11:41+00:00","dateModified":"2026-02-24T06:37:35+00:00","description":"Cr\u00e9ez un Goldzino login pour acc\u00e9der \u00e0 votre compte en toute s\u00e9curit\u00e9, g\u00e9rer vos d\u00e9p\u00f4ts et profiter de vos bonus. Inscription rapide pour les nouveaux utilisateurs. Inscrivez-vous ou connectez-vous et jouez aux meilleurs jeux de casino en ligne !","breadcrumb":{"@id":"https:\/\/goldzinocasino.net\/fr\/connexion-et-inscription\/#breadcrumb"},"inLanguage":"fr-FR","potentialAction":[{"@type":"ReadAction","target":["https:\/\/goldzinocasino.net\/fr\/connexion-et-inscription\/"]}]},{"@type":"BreadcrumbList","@id":"https:\/\/goldzinocasino.net\/fr\/connexion-et-inscription\/#breadcrumb","itemListElement":[{"@type":"ListItem","position":1,"name":"GoldZino","item":"https:\/\/goldzinocasino.net\/fr\/"},{"@type":"ListItem","position":2,"name":"Connexion et inscription"}]},{"@type":"WebSite","@id":"https:\/\/goldzinocasino.net\/fr\/#website","url":"https:\/\/goldzinocasino.net\/fr\/","name":"GoldZino","description":"","publisher":{"@id":"https:\/\/goldzinocasino.net\/fr\/#organization"},"potentialAction":[{"@type":"SearchAction","target":{"@type":"EntryPoint","urlTemplate":"https:\/\/goldzinocasino.net\/fr\/?s={search_term_string}"},"query-input":{"@type":"PropertyValueSpecification","valueRequired":true,"valueName":"search_term_string"}}],"inLanguage":"fr-FR"},{"@type":"Organization","@id":"https:\/\/goldzinocasino.net\/fr\/#organization","name":"GoldZino","url":"https:\/\/goldzinocasino.net\/fr\/","logo":{"@type":"ImageObject","inLanguage":"fr-FR","@id":"https:\/\/goldzinocasino.net\/fr\/#\/schema\/logo\/image\/","url":"https:\/\/goldzinocasino.net\/wp-content\/uploads\/2025\/08\/80u1FaquEZeR6OUTeJCc.png","contentUrl":"https:\/\/goldzinocasino.net\/wp-content\/uploads\/2025\/08\/80u1FaquEZeR6OUTeJCc.png","width":209,"height":46,"caption":"GoldZino"},"image":{"@id":"https:\/\/goldzinocasino.net\/fr\/#\/schema\/logo\/image\/"}}]}},"_links":{"self":[{"href":"https:\/\/goldzinocasino.net\/fr\/wp-json\/wp\/v2\/pages\/1527","targetHints":{"allow":["GET"]}}],"collection":[{"href":"https:\/\/goldzinocasino.net\/fr\/wp-json\/wp\/v2\/pages"}],"about":[{"href":"https:\/\/goldzinocasino.net\/fr\/wp-json\/wp\/v2\/types\/page"}],"author":[{"embeddable":true,"href":"https:\/\/goldzinocasino.net\/fr\/wp-json\/wp\/v2\/users\/1"}],"replies":[{"embeddable":true,"href":"https:\/\/goldzinocasino.net\/fr\/wp-json\/wp\/v2\/comments?post=1527"}],"version-history":[{"count":2,"href":"https:\/\/goldzinocasino.net\/fr\/wp-json\/wp\/v2\/pages\/1527\/revisions"}],"predecessor-version":[{"id":1711,"href":"https:\/\/goldzinocasino.net\/fr\/wp-json\/wp\/v2\/pages\/1527\/revisions\/1711"}],"wp:attachment":[{"href":"https:\/\/goldzinocasino.net\/fr\/wp-json\/wp\/v2\/media?parent=1527"}],"curies":[{"name":"wp","href":"https:\/\/api.w.org\/{rel}","templated":true}]}}