{"id":1545,"date":"2026-02-20T10:52:17","date_gmt":"2026-02-20T10:52:17","guid":{"rendered":"https:\/\/goldzinocasino.net\/applicazione\/"},"modified":"2026-02-25T12:07:12","modified_gmt":"2026-02-25T12:07:12","slug":"aplicacion","status":"publish","type":"page","link":"https:\/\/goldzinocasino.net\/es\/aplicacion\/","title":{"rendered":"Aplicaci\u00f3n"},"content":{"rendered":"<h1>Aplicaci\u00f3n Goldzino: juegos de casino para m\u00f3viles<\/h1>\n<p>Goldzino app te permite disfrutar de una c\u00f3moda experiencia de casino directamente desde tu dispositivo m\u00f3vil. Con la versi\u00f3n m\u00f3vil, puedes jugar a tus juegos favoritos, incluidas las tragamonedas online m\u00e1s populares y numerosos juegos de mesa, e incluso participar en actividades de casino en vivo. Nuestro amplio cat\u00e1logo para m\u00f3viles es el mismo que el de los ordenadores, por lo que te garantizamos que no te perder\u00e1s nada. La aplicaci\u00f3n es totalmente gratuita y se puede instalar tanto en sistemas operativos iOS y Android como en macOS y Windows.<\/p>\n<div class=\"banner-wrap\" aria-label=\"Banner\"><img src=\"https:\/\/goldzinocasino.net\/wp-content\/uploads\/2026\/02\/Banner-Desktop.webp\" class=\"w-100 d-none d-lg-block img-pc main-banner-img\" alt=\"Banner Desktop\" fetchpriority=\"high\" decoding=\"async\"><img src=\"https:\/\/goldzinocasino.net\/wp-content\/uploads\/2026\/02\/Banner-mobile.webp\" class=\"w-100 d-none d-md-block d-lg-none main-banner-img\" alt=\"Banner mobile\" fetchpriority=\"high\" decoding=\"async\"><img src=\"https:\/\/goldzinocasino.net\/wp-content\/uploads\/2026\/02\/Banner-mobile.webp\" class=\"w-100 d-md-none\" alt=\"Banner mobile\" fetchpriority=\"high\" decoding=\"async\"><div class=\"banner-description\">\n<div class=\"banner-title\">Bonos de bienvenida<\/div>\n<p class=\"banner-header-title\">1500 \u20ac<\/p>\n<div class=\"banner-header-AdditionalText\">+ 250 Tiradas gratis<\/div>\n<button data-item=\"homepage_banner_link\" class=\"goto m-button m-gradient-border m-button--primary m-button--large banner-button btn-orange\">\n            <div class=\"m-button-content\">\n                <span>Reg\u00edstrate ahora<\/span>\n                <span><\/span>\n            <\/div>\n        <\/button>\n<\/div>\n<div class=\"WelcomePack\">\n<p><img loading=\"lazy\" decoding=\"async\" class=\"alignnone size-full wp-image-1622\" src=\"https:\/\/goldzinocasino.net\/wp-content\/uploads\/welcome-crown.png\" alt=\"welcome-crown\" width=\"25\" height=\"26\" \/><\/p>\n<div class=\"WelcomePack-Info\">Reembolso semanal de hasta el 25 %<\/div>\n<p><img loading=\"lazy\" decoding=\"async\" class=\"alignnone size-full wp-image-1622\" src=\"https:\/\/goldzinocasino.net\/wp-content\/uploads\/welcome-crown.png\" alt=\"welcome-crown\" width=\"25\" height=\"26\" \/><\/p>\n<\/div>\n<\/div>\n<h2>Ventajas y caracter\u00edsticas de la aplicaci\u00f3n Goldzino<\/h2>\n<p>Si alguna vez has so\u00f1ado con jugar mientras te desplazas, la aplicaci\u00f3n m\u00f3vil te resultar\u00e1 sin duda m\u00e1s atractiva que la versi\u00f3n de escritorio. La aplicaci\u00f3n Goldzino es esencialmente una aplicaci\u00f3n web progresiva (PWA) que act\u00faa como un acceso directo a nuestro sitio web principal. Una vez completada la instalaci\u00f3n, todo lo que tienes que hacer es hacer clic en el icono del casino cuando quieras jugar; ya no tendr\u00e1s que volver a navegar hasta la versi\u00f3n del navegador. De esta manera, puedes acceder a nuestro cat\u00e1logo de juegos directamente desde tu pantalla de inicio.<\/p>\n<p>Todas las funciones y juegos de la aplicaci\u00f3n del casino Goldzion son los mismos que en la versi\u00f3n de escritorio. Sin embargo, es m\u00e1s adecuada para los jugadores espa\u00f1oles que prefieren jugar sobre la marcha sin necesidad de estar sentados constantemente frente a su PC.<\/p>\n<p>Estas son las principales ventajas de utilizar la aplicaci\u00f3n Goldzino en comparaci\u00f3n con la versi\u00f3n para PC:<\/p>\n<ul>\n<li>Acceso sencillo: acceder a tu cuenta del casino Goldzino y a todos tus juegos favoritos es mucho m\u00e1s f\u00e1cil a trav\u00e9s de un dispositivo m\u00f3vil que con la versi\u00f3n de escritorio. Se hace con solo unos pocos clics.<\/li>\n<li>Movilidad: la aplicaci\u00f3n Goldzino te permite viajar mientras juegas a juegos de casino online. No es necesario que te quedes en casa detr\u00e1s de tu escritorio; puedes acceder f\u00e1cilmente a las modernas tragaperras o juegos de mesa mientras te desplazas.<\/li>\n<li>Velocidad: la PWA de Gold Zino muestra instant\u00e1neamente las interfaces del casino en tu pantalla mediante el uso de activos clave de cach\u00e9 inteligente. Esto te permite acceder a todas las funciones del casino online casi al instante.<\/li>\n<li>Funcionalidad sin conexi\u00f3n: el contenido cargado previamente permanece visible en Gold Zino, lo que significa que puedes acceder a toda la informaci\u00f3n personal de tu cuenta incluso cuando no est\u00e1s conectado a Internet.<\/li>\n<li>Notificaciones push: si permite que la aplicaci\u00f3n Goldzino lo haga, podemos enviarle regularmente nueva informaci\u00f3n sobre eventos y promociones interesantes. Con la versi\u00f3n m\u00f3vil, puede ser el primero en recibir las actualizaciones de Goldzino.<\/li>\n<\/ul>\n<p>Cabe mencionar que la aplicaci\u00f3n Gold Zino no solo est\u00e1 disponible para iOS y Android, sino tambi\u00e9n para ordenadores de sobremesa. La aplicaci\u00f3n Goldzino es compatible con los sistemas operativos macOS y Windows, lo que permite a los usuarios acceder a una versi\u00f3n m\u00e1s r\u00e1pida y c\u00f3moda del sitio web incluso en sus ordenadores.<\/p>\n<p><div class=\"scrollable-content-wrap my-5\"><div class=\"scrollable-content-inner\"><h2>Aplicaci\u00f3n m\u00f3vil para iOS<\/h2>\n<p>La aplicaci\u00f3n Gold Zino para iOS no difiere mucho de la versi\u00f3n para Android, salvo que est\u00e1 adaptada para dispositivos Apple. El proceso de instalaci\u00f3n tambi\u00e9n es muy r\u00e1pido y no te llevar\u00e1 m\u00e1s de unos segundos. A continuaci\u00f3n te explicamos c\u00f3mo proceder:<\/p>\n<ol>\n<li>Ve a nuestro sitio web utilizando el navegador de tu tel\u00e9fono.<\/li>\n<li>Selecciona la opci\u00f3n \u00abA\u00f1adir a la pantalla de inicio\u00bb en la configuraci\u00f3n del navegador.<\/li>\n<li>Simplemente haz clic en el bot\u00f3n para iniciar el proceso de instalaci\u00f3n.<\/li>\n<li>Espera unos segundos a que aparezca el icono del casino en la pantalla de tu dispositivo.<\/li>\n<\/ol>\n<p>Una vez que la aplicaci\u00f3n del casino Goldzino haya aparecido en tu pantalla, puedes hacer clic en ella y acceder a tu cuenta personal iniciando sesi\u00f3n. Despu\u00e9s de iniciar sesi\u00f3n en tu cuenta, solo te queda realizar un dep\u00f3sito tras el proceso de verificaci\u00f3n y empezar a jugar a tus juegos favoritos. Si tienes alg\u00fan problema, siempre puedes ponerte en contacto con el chat en vivo.<\/p>\n<p><img loading=\"lazy\" decoding=\"async\" class=\"alignnone wp-image-1510 size-full\" src=\"https:\/\/goldzinocasino.net\/wp-content\/uploads\/ios.webp\" alt=\"ios\" width=\"1248\" height=\"536\" srcset=\"https:\/\/goldzinocasino.net\/wp-content\/uploads\/ios.webp 1248w, https:\/\/goldzinocasino.net\/wp-content\/uploads\/ios-300x129.webp 300w, https:\/\/goldzinocasino.net\/wp-content\/uploads\/ios-1024x440.webp 1024w, https:\/\/goldzinocasino.net\/wp-content\/uploads\/ios-768x330.webp 768w\" sizes=\"auto, (max-width: 1248px) 100vw, 1248px\" \/><\/p>\n<\/div><\/div><div style=\"clear: both\"><\/div><div class=\"d-flex justify-content-center\"><button data-item=\"decouvrez_link\" data-group=\"website_links\" class=\"goto fw-bold rounded-pill btn btn-orange\" aria-label=\"Descarga la aplicaci\u00f3n Goldzino\" >Descarga la aplicaci\u00f3n Goldzino<\/button><\/div><div class=\"scrollable-content-wrap my-5\"><div class=\"scrollable-content-inner\"><h2>Aplicaci\u00f3n Goldzino para Android<\/h2>\n<p>Se sabe que la mayor\u00eda de las aplicaciones de casino m\u00f3vil para Android est\u00e1n en formato Android Package Kit. Sin embargo, hay una diferencia entre APK y PWA. Por ejemplo, las aplicaciones APK suelen ocupar mucho espacio en la memoria del dispositivo en comparaci\u00f3n con las PWA, que son muy ligeras. Adem\u00e1s, el tiempo de inicio de las APK suele ser significativamente mayor. Por eso precisamente nuestro equipo decidi\u00f3 optar por una aplicaci\u00f3n m\u00f3vil PWA al dise\u00f1ar la aplicaci\u00f3n Goldzino.<\/p>\n<p>Estos son los pasos que debes seguir para instalar la aplicaci\u00f3n Goldzino en tu dispositivo Android:<\/p>\n<ol>\n<li>Visita nuestro sitio web oficial utilizando tu navegador m\u00f3vil preferido.<\/li>\n<li>Para acceder al men\u00fa, haz clic en el icono de tres puntos de la barra de direcciones.<\/li>\n<li>En la lista, selecciona \u00abA\u00f1adir a la pantalla de inicio\u00bb.<\/li>\n<li>Para iniciar el proceso de instalaci\u00f3n, pulsa el bot\u00f3n.<\/li>\n<\/ol>\n<p>Despu\u00e9s de seguir estos sencillos pasos, el icono del casino Goldzino aparecer\u00e1 en tu pantalla de inicio en cuesti\u00f3n de segundos. Para jugar, solo tienes que hacer clic en este icono para acceder al casino.<\/p>\n<p><img loading=\"lazy\" decoding=\"async\" class=\"alignnone wp-image-1510 size-full\" src=\"https:\/\/goldzinocasino.net\/wp-content\/uploads\/Android-DE.webp\" alt=\"Android\" width=\"1248\" height=\"536\" \/><\/p>\n<\/div><\/div><div style=\"clear: both\"><\/div><div class=\"d-flex justify-content-center\"><button data-item=\"decouvrez_link\" data-group=\"website_links\" class=\"goto fw-bold rounded-pill btn btn-orange\" aria-label=\"Descarga la aplicaci\u00f3n Goldzino\" >Descarga la aplicaci\u00f3n Goldzino<\/button><\/div><div class=\"scrollable-content-wrap my-5\"><div class=\"scrollable-content-inner\"><h2>Juega al casino Gold Zino en Mac o Windows<\/h2>\n<p>Como ya se ha mencionado anteriormente, la aplicaci\u00f3n Goldzino no se limita \u00fanicamente a los dispositivos m\u00f3viles que funcionan con iOS o Android. Nuestra aplicaci\u00f3n es totalmente compatible con Windows y macOS, por lo que se puede acceder a ella desde ordenadores. Probablemente se est\u00e9 preguntando cu\u00e1les son las ventajas de la aplicaci\u00f3n m\u00f3vil en un ordenador de sobremesa. B\u00e1sicamente, la aplicaci\u00f3n Goldzino permite un acceso m\u00e1s r\u00e1pido a la biblioteca de juegos con tiempos de carga reducidos en comparaci\u00f3n con la versi\u00f3n del navegador. Adem\u00e1s, es mucho m\u00e1s c\u00f3moda, ya que est\u00e1 optimizada para su sistema operativo.<\/p>\n<p>El procedimiento de instalaci\u00f3n es muy sencillo: solo tienes que ir a nuestra p\u00e1gina web oficial y hacer clic en el bot\u00f3n de instalaci\u00f3n de la barra de direcciones, que se parece a una flecha en la pantalla del ordenador. A continuaci\u00f3n, vuelve a pulsar el bot\u00f3n de instalaci\u00f3n y ya est\u00e1. Una vez completada la instalaci\u00f3n, aparecer\u00e1 el icono de la aplicaci\u00f3n Goldzino en tu pantalla. Si tienes alguna dificultad, ponte en contacto con el equipo de asistencia.<\/p>\n<p><img loading=\"lazy\" decoding=\"async\" class=\"alignnone wp-image-1510 size-full\" src=\"https:\/\/goldzinocasino.net\/wp-content\/uploads\/PC.webp\" alt=\"PC\" width=\"1248\" height=\"536\" \/><\/p>\n<\/div><\/div><div style=\"clear: both\"><\/div><div class=\"d-flex justify-content-center\"><button data-item=\"decouvrez_link\" data-group=\"website_links\" class=\"goto fw-bold rounded-pill btn btn-orange\" aria-label=\"Descarga la aplicaci\u00f3n Goldzino\" >Descarga la aplicaci\u00f3n Goldzino<\/button><\/div><div class=\"scrollable-content-wrap my-5\"><div class=\"scrollable-content-inner\"><h2>C\u00f3mo instalar la aplicaci\u00f3n Goldzino en cualquier dispositivo<\/h2>\n<p>La instalaci\u00f3n de Goldzino es un proceso muy sencillo y universal que es pr\u00e1cticamente el mismo en la mayor\u00eda de los dispositivos. Dado que la aplicaci\u00f3n Gold Zino es una PWA, te permite disfrutar de una experiencia de juego intuitiva, eliminando la necesidad de las tiendas de aplicaciones tradicionales. Sigue los pasos que se indican a continuaci\u00f3n para instalar Goldizno en tu pantalla de inicio o escritorio y acceder r\u00e1pidamente a tus juegos de casino favoritos.<\/p>\n<table>\n<tbody>\n<tr>\n<td>Dispositivo<\/td>\n<td>Instrucciones<\/td>\n<td>Resultado<\/td>\n<\/tr>\n<tr>\n<td>iOS<\/td>\n<td>Ve al casino Goldzino y pulsa el s\u00edmbolo \u00abCompartir\u00bb. Despl\u00e1zate y selecciona \u00abA\u00f1adir a la pantalla de inicio\u00bb.<\/td>\n<td>El icono aparecer\u00e1 en tu pantalla de inicio.<\/td>\n<\/tr>\n<tr>\n<td>Android<\/td>\n<td>Abre tu navegador y ve al casino Goldzino. Selecciona \u00abInstalar aplicaci\u00f3n\u00bb o \u00abA\u00f1adir a la pantalla de inicio\u00bb despu\u00e9s de pulsar el men\u00fa (tres puntos).<\/td>\n<td>El icono aparecer\u00e1 en tu pantalla de inicio.<\/td>\n<\/tr>\n<tr>\n<td>Windows<\/td>\n<td>Visita Goldzino Casino en tu navegador. Haz clic en el icono de instalaci\u00f3n (+) en la barra de direcciones o busca \u00abInstalar aplicaci\u00f3n\u00bb en el men\u00fa del navegador.<\/td>\n<td>Podr\u00e1s ver el icono en tu escritorio y en el men\u00fa Inicio.<\/td>\n<\/tr>\n<tr>\n<td>MacOS<\/td>\n<td>Ve a Goldzino en Chrome o Safari. En Safari, utiliza \u00abArchivo\u00bb &gt; \u00abA\u00f1adir al Dock\u00bb. En Chrome, utiliza \u00abInstalar Goldzino\u00bb en el men\u00fa.<\/td>\n<td>El icono aparecer\u00e1 como una aplicaci\u00f3n de escritorio en Chrome o en tu Dock en Safari.<\/td>\n<\/tr>\n<\/tbody>\n<\/table>\n<h2>Preguntas frecuentes<\/h2>\n<h3>\u00bfNecesito una cuenta separada para la aplicaci\u00f3n Goldzino?<\/h3>\n<p>No, no es necesario crear una cuenta separada para la aplicaci\u00f3n Goldzino. Toda la informaci\u00f3n de tu cuenta personal de Goldzino permanece igual en todos los dispositivos. Puedes iniciar sesi\u00f3n a trav\u00e9s de un dispositivo m\u00f3vil Android o iOS, y todo ser\u00e1 igual que en un ordenador.<\/p>\n<h3>\u00bfEs seguro utilizar la aplicaci\u00f3n Goldzino para realizar pagos?<\/h3>\n<p>S\u00ed, por supuesto. Goldzino es seguro para los pagos. Utiliza el mismo cifrado que su sitio de escritorio, por lo que todas las transacciones son seguras. El sitio Gold Zino tiene una licencia de juego real, lo que demuestra una gran seguridad financiera y protecci\u00f3n de datos. Los pagos son procesados por proveedores de renombre, lo que a\u00f1ade una capa adicional de seguridad.<\/p>\n<h3>\u00bfTengo los mismos juegos en el m\u00f3vil que en el ordenador?<\/h3>\n<p>S\u00ed, la versi\u00f3n m\u00f3vil del casino Goldzino proporciona acceso al mismo cat\u00e1logo de juegos que la versi\u00f3n de escritorio. Todas las tragamonedas, mesas con crupier en vivo y funciones son las mismas, y cada juego se ajusta autom\u00e1ticamente para que se pueda jugar sin problemas en tu dispositivo m\u00f3vil o tableta.<\/p>\n<h3>\u00bfHay bonificaciones y torneos disponibles en el m\u00f3vil?<\/h3>\n<p>S\u00ed. La aplicaci\u00f3n Goldzino ofrece las mismas bonificaciones, promociones y torneos que la versi\u00f3n de escritorio. Con la aplicaci\u00f3n, los jugadores tienen acceso completo a la plataforma Gold Zino, incluida la posibilidad de reclamar ofertas y participar en cualquier torneo directamente desde su dispositivo m\u00f3vil.<\/p>\n<\/div><\/div><\/p>\n","protected":false},"excerpt":{"rendered":"<p>Aplicaci\u00f3n Goldzino: juegos de casino para m\u00f3viles Goldzino app te permite disfrutar de una c\u00f3moda experiencia de casino directamente desde tu dispositivo m\u00f3vil. Con la versi\u00f3n m\u00f3vil, puedes jugar a tus juegos favoritos, incluidas las tragamonedas online m\u00e1s populares y numerosos juegos de mesa, e incluso participar en actividades de casino en vivo. Nuestro amplio [&hellip;]<\/p>\n","protected":false},"author":1,"featured_media":0,"parent":0,"menu_order":0,"comment_status":"closed","ping_status":"closed","template":"template-builder.php","meta":{"_acf_changed":false,"inline_featured_image":false,"footnotes":""},"class_list":["post-1545","page","type-page","status-publish","hentry"],"acf":[],"yoast_head":"<!-- This site is optimized with the Yoast SEO plugin v27.3 - https:\/\/yoast.com\/product\/yoast-seo-wordpress\/ -->\n<title>Goldzino App | Descargar para iOS y Android<\/title>\n<meta name=\"description\" content=\"Instale la Goldzino App para Android o iOS y \u00e1brela en Windows o Mac OS. \u00a1Juega a los mejores juegos de casino online en tu tel\u00e9fono, tableta u ordenador en Gold Zino Casino, est\u00e9s donde est\u00e9s!\" \/>\n<meta name=\"robots\" content=\"index, follow, max-snippet:-1, max-image-preview:large, max-video-preview:-1\" \/>\n<link rel=\"canonical\" href=\"https:\/\/goldzinocasino.net\/es\/aplicacion\/\" \/>\n<meta property=\"og:locale\" content=\"es_ES\" \/>\n<meta property=\"og:type\" content=\"article\" \/>\n<meta property=\"og:title\" content=\"Goldzino App | Descargar para iOS y Android\" \/>\n<meta property=\"og:description\" content=\"Instale la Goldzino App para Android o iOS y \u00e1brela en Windows o Mac OS. \u00a1Juega a los mejores juegos de casino online en tu tel\u00e9fono, tableta u ordenador en Gold Zino Casino, est\u00e9s donde est\u00e9s!\" \/>\n<meta property=\"og:url\" content=\"https:\/\/goldzinocasino.net\/es\/aplicacion\/\" \/>\n<meta property=\"og:site_name\" content=\"goldzino\" \/>\n<meta property=\"article:modified_time\" content=\"2026-02-25T12:07:12+00:00\" \/>\n<meta name=\"twitter:card\" content=\"summary_large_image\" \/>\n<meta name=\"twitter:label1\" content=\"Est. reading time\" \/>\n\t<meta name=\"twitter:data1\" content=\"3 minutes\" \/>\n<script type=\"application\/ld+json\" class=\"yoast-schema-graph\">{\"@context\":\"https:\\\/\\\/schema.org\",\"@graph\":[{\"@type\":\"WebPage\",\"@id\":\"https:\\\/\\\/goldzinocasino.net\\\/es\\\/aplicacion\\\/\",\"url\":\"https:\\\/\\\/goldzinocasino.net\\\/es\\\/aplicacion\\\/\",\"name\":\"Goldzino App | Descargar para iOS y Android\",\"isPartOf\":{\"@id\":\"https:\\\/\\\/goldzinocasino.net\\\/es\\\/#website\"},\"datePublished\":\"2026-02-20T10:52:17+00:00\",\"dateModified\":\"2026-02-25T12:07:12+00:00\",\"description\":\"Instale la Goldzino App para Android o iOS y \u00e1brela en Windows o Mac OS. \u00a1Juega a los mejores juegos de casino online en tu tel\u00e9fono, tableta u ordenador en Gold Zino Casino, est\u00e9s donde est\u00e9s!\",\"breadcrumb\":{\"@id\":\"https:\\\/\\\/goldzinocasino.net\\\/es\\\/aplicacion\\\/#breadcrumb\"},\"inLanguage\":\"es-ES\",\"potentialAction\":[{\"@type\":\"ReadAction\",\"target\":[\"https:\\\/\\\/goldzinocasino.net\\\/es\\\/aplicacion\\\/\"]}]},{\"@type\":\"BreadcrumbList\",\"@id\":\"https:\\\/\\\/goldzinocasino.net\\\/es\\\/aplicacion\\\/#breadcrumb\",\"itemListElement\":[{\"@type\":\"ListItem\",\"position\":1,\"name\":\"GoldZino\",\"item\":\"https:\\\/\\\/goldzinocasino.net\\\/es\\\/\"},{\"@type\":\"ListItem\",\"position\":2,\"name\":\"Aplicaci\u00f3n\"}]},{\"@type\":\"WebSite\",\"@id\":\"https:\\\/\\\/goldzinocasino.net\\\/es\\\/#website\",\"url\":\"https:\\\/\\\/goldzinocasino.net\\\/es\\\/\",\"name\":\"GoldZino\",\"description\":\"\",\"publisher\":{\"@id\":\"https:\\\/\\\/goldzinocasino.net\\\/es\\\/#organization\"},\"potentialAction\":[{\"@type\":\"SearchAction\",\"target\":{\"@type\":\"EntryPoint\",\"urlTemplate\":\"https:\\\/\\\/goldzinocasino.net\\\/es\\\/?s={search_term_string}\"},\"query-input\":{\"@type\":\"PropertyValueSpecification\",\"valueRequired\":true,\"valueName\":\"search_term_string\"}}],\"inLanguage\":\"es-ES\"},{\"@type\":\"Organization\",\"@id\":\"https:\\\/\\\/goldzinocasino.net\\\/es\\\/#organization\",\"name\":\"GoldZino\",\"url\":\"https:\\\/\\\/goldzinocasino.net\\\/es\\\/\",\"logo\":{\"@type\":\"ImageObject\",\"inLanguage\":\"es-ES\",\"@id\":\"https:\\\/\\\/goldzinocasino.net\\\/es\\\/#\\\/schema\\\/logo\\\/image\\\/\",\"url\":\"https:\\\/\\\/goldzinocasino.net\\\/wp-content\\\/uploads\\\/2025\\\/08\\\/80u1FaquEZeR6OUTeJCc.png\",\"contentUrl\":\"https:\\\/\\\/goldzinocasino.net\\\/wp-content\\\/uploads\\\/2025\\\/08\\\/80u1FaquEZeR6OUTeJCc.png\",\"width\":209,\"height\":46,\"caption\":\"GoldZino\"},\"image\":{\"@id\":\"https:\\\/\\\/goldzinocasino.net\\\/es\\\/#\\\/schema\\\/logo\\\/image\\\/\"}}]}<\/script>\n<!-- \/ Yoast SEO plugin. -->","yoast_head_json":{"title":"Goldzino App | Descargar para iOS y Android","description":"Instale la Goldzino App para Android o iOS y \u00e1brela en Windows o Mac OS. \u00a1Juega a los mejores juegos de casino online en tu tel\u00e9fono, tableta u ordenador en Gold Zino Casino, est\u00e9s donde est\u00e9s!","robots":{"index":"index","follow":"follow","max-snippet":"max-snippet:-1","max-image-preview":"max-image-preview:large","max-video-preview":"max-video-preview:-1"},"canonical":"https:\/\/goldzinocasino.net\/es\/aplicacion\/","og_locale":"es_ES","og_type":"article","og_title":"Goldzino App | Descargar para iOS y Android","og_description":"Instale la Goldzino App para Android o iOS y \u00e1brela en Windows o Mac OS. \u00a1Juega a los mejores juegos de casino online en tu tel\u00e9fono, tableta u ordenador en Gold Zino Casino, est\u00e9s donde est\u00e9s!","og_url":"https:\/\/goldzinocasino.net\/es\/aplicacion\/","og_site_name":"goldzino","article_modified_time":"2026-02-25T12:07:12+00:00","twitter_card":"summary_large_image","twitter_misc":{"Est. reading time":"3 minutes"},"schema":{"@context":"https:\/\/schema.org","@graph":[{"@type":"WebPage","@id":"https:\/\/goldzinocasino.net\/es\/aplicacion\/","url":"https:\/\/goldzinocasino.net\/es\/aplicacion\/","name":"Goldzino App | Descargar para iOS y Android","isPartOf":{"@id":"https:\/\/goldzinocasino.net\/es\/#website"},"datePublished":"2026-02-20T10:52:17+00:00","dateModified":"2026-02-25T12:07:12+00:00","description":"Instale la Goldzino App para Android o iOS y \u00e1brela en Windows o Mac OS. \u00a1Juega a los mejores juegos de casino online en tu tel\u00e9fono, tableta u ordenador en Gold Zino Casino, est\u00e9s donde est\u00e9s!","breadcrumb":{"@id":"https:\/\/goldzinocasino.net\/es\/aplicacion\/#breadcrumb"},"inLanguage":"es-ES","potentialAction":[{"@type":"ReadAction","target":["https:\/\/goldzinocasino.net\/es\/aplicacion\/"]}]},{"@type":"BreadcrumbList","@id":"https:\/\/goldzinocasino.net\/es\/aplicacion\/#breadcrumb","itemListElement":[{"@type":"ListItem","position":1,"name":"GoldZino","item":"https:\/\/goldzinocasino.net\/es\/"},{"@type":"ListItem","position":2,"name":"Aplicaci\u00f3n"}]},{"@type":"WebSite","@id":"https:\/\/goldzinocasino.net\/es\/#website","url":"https:\/\/goldzinocasino.net\/es\/","name":"GoldZino","description":"","publisher":{"@id":"https:\/\/goldzinocasino.net\/es\/#organization"},"potentialAction":[{"@type":"SearchAction","target":{"@type":"EntryPoint","urlTemplate":"https:\/\/goldzinocasino.net\/es\/?s={search_term_string}"},"query-input":{"@type":"PropertyValueSpecification","valueRequired":true,"valueName":"search_term_string"}}],"inLanguage":"es-ES"},{"@type":"Organization","@id":"https:\/\/goldzinocasino.net\/es\/#organization","name":"GoldZino","url":"https:\/\/goldzinocasino.net\/es\/","logo":{"@type":"ImageObject","inLanguage":"es-ES","@id":"https:\/\/goldzinocasino.net\/es\/#\/schema\/logo\/image\/","url":"https:\/\/goldzinocasino.net\/wp-content\/uploads\/2025\/08\/80u1FaquEZeR6OUTeJCc.png","contentUrl":"https:\/\/goldzinocasino.net\/wp-content\/uploads\/2025\/08\/80u1FaquEZeR6OUTeJCc.png","width":209,"height":46,"caption":"GoldZino"},"image":{"@id":"https:\/\/goldzinocasino.net\/es\/#\/schema\/logo\/image\/"}}]}},"_links":{"self":[{"href":"https:\/\/goldzinocasino.net\/es\/wp-json\/wp\/v2\/pages\/1545","targetHints":{"allow":["GET"]}}],"collection":[{"href":"https:\/\/goldzinocasino.net\/es\/wp-json\/wp\/v2\/pages"}],"about":[{"href":"https:\/\/goldzinocasino.net\/es\/wp-json\/wp\/v2\/types\/page"}],"author":[{"embeddable":true,"href":"https:\/\/goldzinocasino.net\/es\/wp-json\/wp\/v2\/users\/1"}],"replies":[{"embeddable":true,"href":"https:\/\/goldzinocasino.net\/es\/wp-json\/wp\/v2\/comments?post=1545"}],"version-history":[{"count":4,"href":"https:\/\/goldzinocasino.net\/es\/wp-json\/wp\/v2\/pages\/1545\/revisions"}],"predecessor-version":[{"id":2118,"href":"https:\/\/goldzinocasino.net\/es\/wp-json\/wp\/v2\/pages\/1545\/revisions\/2118"}],"wp:attachment":[{"href":"https:\/\/goldzinocasino.net\/es\/wp-json\/wp\/v2\/media?parent=1545"}],"curies":[{"name":"wp","href":"https:\/\/api.w.org\/{rel}","templated":true}]}}