{"id":1532,"date":"2026-02-20T11:11:41","date_gmt":"2026-02-20T11:11:41","guid":{"rendered":"https:\/\/goldzinocasino.net\/accesso-e-registrazione\/"},"modified":"2026-02-24T10:50:27","modified_gmt":"2026-02-24T10:50:27","slug":"inicio-de-sesion-y-registro","status":"publish","type":"page","link":"https:\/\/goldzinocasino.net\/es\/inicio-de-sesion-y-registro\/","title":{"rendered":"Inicio de sesi\u00f3n y Registro"},"content":{"rendered":"<h1>Inicio de sesi\u00f3n en Goldzino<\/h1>\n<p>Para comenzar su viaje, deber\u00e1 completar el procedimiento de Goldzino login. Este proceso es sencillo y no le llevar\u00e1 mucho tiempo, ya que solo requiere que introduzca sus credenciales. Sin embargo, debe tener en cuenta que este procedimiento solo est\u00e1 disponible si es mayor de 18 a\u00f1os y si tiene una sola cuenta en el sitio web.<\/p>\n<p><div class=\"banner-wrap\" aria-label=\"Banner\"><img src=\"https:\/\/goldzinocasino.net\/wp-content\/uploads\/2026\/02\/Banner-Desktop.webp\" class=\"w-100 d-none d-lg-block img-pc main-banner-img\" alt=\"Banner Desktop\" fetchpriority=\"high\" decoding=\"async\"><img src=\"https:\/\/goldzinocasino.net\/wp-content\/uploads\/2026\/02\/Banner-mobile.webp\" class=\"w-100 d-none d-md-block d-lg-none main-banner-img\" alt=\"Banner mobile\" fetchpriority=\"high\" decoding=\"async\"><img src=\"https:\/\/goldzinocasino.net\/wp-content\/uploads\/2026\/02\/Banner-mobile.webp\" class=\"w-100 d-md-none\" alt=\"Banner mobile\" fetchpriority=\"high\" decoding=\"async\"><div class=\"banner-description\">\n<div class=\"banner-title\">Bonos de bienvenida<\/div>\n<p class=\"banner-header-title\">1500 \u20ac<\/p>\n<div class=\"banner-header-AdditionalText\">+ 250 Tiradas gratis<\/div>\n<button data-item=\"homepage_banner_link\" class=\"goto m-button m-gradient-border m-button--primary m-button--large banner-button btn-orange\">\n            <div class=\"m-button-content\">\n                <span>Reg\u00edstrate ahora<\/span>\n                <span><\/span>\n            <\/div>\n        <\/button>\n<\/div>\n<div class=\"WelcomePack\">\n<p><img loading=\"lazy\" decoding=\"async\" class=\"alignnone size-full wp-image-1622\" src=\"https:\/\/goldzinocasino.net\/wp-content\/uploads\/welcome-crown.png\" alt=\"welcome-crown\" width=\"25\" height=\"26\" \/><\/p>\n<div class=\"WelcomePack-Info\">Reembolso semanal de hasta el 25 %<\/div>\n<p><img loading=\"lazy\" decoding=\"async\" class=\"alignnone size-full wp-image-1622\" src=\"https:\/\/goldzinocasino.net\/wp-content\/uploads\/welcome-crown.png\" alt=\"welcome-crown\" width=\"25\" height=\"26\" \/><\/p>\n<\/div>\n<\/div><div class=\"scrollable-content-wrap my-5\"><div class=\"scrollable-content-inner\"><h2>Registro en Goldzino Casino<\/h2>\n<p>El registro en Goldzino Casino te permite disfrutar de toda la experiencia de juego que ofrece el sitio web. Tras registrarse en la plataforma, los jugadores espa\u00f1oles obtienen acceso inmediato a la amplia biblioteca de Gold Zino, que incluye tragamonedas de alta calidad y juegos con crupier en vivo.<\/p>\n<p>Si tu cuenta es nueva, tambi\u00e9n te da acceso a generosas promociones, como el paquete de bienvenida; adem\u00e1s, tambi\u00e9n podr\u00e1s optar a otras ofertas en curso, como giros gratis, ofertas de reembolso y recompensas por fidelidad.<\/p>\n<p>Aparte de los bonos, el registro en Gold Zino te permite realizar transacciones, efectuar retiradas y acceder a herramientas de gesti\u00f3n de cuenta personalizadas. Estas herramientas te garantizan que puedas establecer l\u00edmites y jugar de forma responsable.<\/p>\n<h3>Crea una cuenta en unos pocos pasos<\/h3>\n<p>Crear una cuenta en Goldzino Casino solo requiere unos sencillos pasos.<\/p>\n<ol>\n<li>Haga clic en el bot\u00f3n \u00abRegistrarse\u00bb de la p\u00e1gina de inicio para abrir el formulario de registro.<\/li>\n<li>Introduce tu direcci\u00f3n de correo electr\u00f3nico y elige una contrase\u00f1a segura.<\/li>\n<li>Si tienes un c\u00f3digo promocional, introd\u00facelo en el campo correspondiente.<\/li>\n<li>Confirma que eres mayor de 18 a\u00f1os.<\/li>\n<li>Haz clic en \u00abRegistrarse\u00bb para completar tu registro.<\/li>\n<\/ol>\n<p>Para un acceso a\u00fan m\u00e1s r\u00e1pido, Goldzino ofrece la opci\u00f3n de registrarse con su cuenta de Google. Al hacer clic en el bot\u00f3n de registro de Google, puede omitir el formulario manual. La plataforma rellenar\u00e1 autom\u00e1ticamente sus datos en cuesti\u00f3n de segundos. Lo \u00fanico que tendr\u00e1 que hacer es introducir su n\u00famero de tel\u00e9fono y confirmar el registro.<\/p>\n<h2>Inicie sesi\u00f3n y gestione su cuenta Goldzino<\/h2>\n<p>Despu\u00e9s de crear su cuenta Gold Zino, seguramente querr\u00e1 acceder a ella. No se preocupe, es un proceso muy r\u00e1pido y sencillo.<\/p>\n<p>Estos son los pasos que debes seguir para iniciar sesi\u00f3n en Goldzino:<\/p>\n<ol>\n<li>Haz clic en el bot\u00f3n \u00abIniciar sesi\u00f3n\u00bb en la parte superior de la p\u00e1gina.<\/li>\n<li>Introduce la direcci\u00f3n de correo electr\u00f3nico y la contrase\u00f1a asociadas a tu cuenta, o elige la opci\u00f3n r\u00e1pida para iniciar sesi\u00f3n con tu cuenta de Google.<\/li>\n<li>Pulsa \u00abIniciar sesi\u00f3n\u00bb y disfruta de tu experiencia.<\/li>\n<\/ol>\n<p>Una vez que hayas iniciado sesi\u00f3n, tendr\u00e1s control total sobre tu experiencia de juego y tu informaci\u00f3n personal. Desde el panel de control de tu cuenta, podr\u00e1s gestionar f\u00e1cilmente los datos de tu perfil, ajustar la configuraci\u00f3n de seguridad, realizar dep\u00f3sitos y retiradas, consultar tu historial de transacciones y explorar bonificaciones y promociones exclusivas dise\u00f1adas especialmente para ti.<\/p>\n<h3>Problemas comunes de inicio de sesi\u00f3n<\/h3>\n<p>El proceso de inicio de sesi\u00f3n en Goldzino suele ser r\u00e1pido y sencillo, pero a veces las cosas no salen seg\u00fan lo previsto. No pasa nada. Si no puede acceder a su cuenta del casino Goldzino, lo m\u00e1s probable es que haya introducido una direcci\u00f3n de correo electr\u00f3nico o una contrase\u00f1a incorrectas, o que haya intentado iniciar sesi\u00f3n con una cuenta de Google que no est\u00e1 vinculada a su identidad de Goldzino.<\/p>\n<p>El enlace \u00ab\u00bfOlvid\u00f3 su contrase\u00f1a?\u00bb de la p\u00e1gina de inicio de sesi\u00f3n le permite cambiar f\u00e1cilmente su contrase\u00f1a. Si no puede acceder a ella, simplemente haga clic en este enlace y restablezca su cuenta.<\/p>\n<p>A veces, es dif\u00edcil iniciar sesi\u00f3n porque el servidor est\u00e1 ca\u00eddo, puede haber problemas con la cach\u00e9 de tu navegador o el acceso puede estar limitado en algunas zonas. Si sigues teniendo problemas, puedes solucionarlos r\u00e1pidamente borrando la cach\u00e9 de tu navegador o poni\u00e9ndote en contacto con el servicio de asistencia multiling\u00fce de Goldzino Casino a trav\u00e9s del chat en vivo.<\/p>\n<h2>Procedimiento de verificaci\u00f3n de Gold Zino Casino<\/h2>\n<p>Goldzino siempre defiende un entorno de juego seguro y protegido. Por eso podemos pedirte que pases por un sencillo proceso de verificaci\u00f3n. Los casinos con licencia aplican este procedimiento est\u00e1ndar para verificar tu identidad y garantizar la seguridad de tu cuenta.<\/p>\n<p>Cuando realice su primer retiro o poco despu\u00e9s de registrarse, normalmente se le pedir\u00e1 que suba algunos documentos. Estos pueden ser un documento de identidad v\u00e1lido, un comprobante de domicilio o una foto de su m\u00e9todo de pago. Una vez que sus documentos sean aprobados, podr\u00e1 utilizar todas las funciones de Gold Zino y realizar retiros sin demoras.<\/p>\n<p>Estos son los documentos que deber\u00e1 proporcionar:<\/p>\n<table>\n<tbody>\n<tr>\n<td>Documento<\/td>\n<td>Finalidad<\/td>\n<\/tr>\n<tr>\n<td>Documento de identidad emitido por el gobierno, como un pasaporte o un permiso de conducir<\/td>\n<td>Confirma tu identidad<\/td>\n<\/tr>\n<tr>\n<td>Factura de servicios p\u00fablicos o extracto bancario<\/td>\n<td>Verifica su direcci\u00f3n residencial<\/td>\n<\/tr>\n<tr>\n<td>Foto de una tarjeta de pago o captura de pantalla de un monedero electr\u00f3nico<\/td>\n<td>Garantiza transacciones seguras<\/td>\n<\/tr>\n<\/tbody>\n<\/table>\n<h2>\u00a0Preguntas frecuentes<\/h2>\n<h3>\u00bfPuedo jugar en Goldzino sin tener una cuenta?<\/h3>\n<p>Lamentablemente, no puedes jugar en Goldzino Casino sin una cuenta. Al igual que todos los casinos online legales y autorizados, los usuarios deben registrarse y pasar por el proceso de inicio de sesi\u00f3n de Goldzino para demostrar qui\u00e9nes son antes de poder jugar a cualquier juego o utilizar cualquier servicio.<\/p>\n<h3>\u00bfCu\u00e1nto tiempo tarda la verificaci\u00f3n?<\/h3>\n<p>El proceso de verificaci\u00f3n de Gold Zino es r\u00e1pido; normalmente tarda entre 24 y 48 horas, aunque a menudo se puede realizar incluso m\u00e1s r\u00e1pido. El tiempo exacto depender\u00e1 del n\u00famero de solicitudes que haya y de la claridad con la que se carguen los documentos. Si tienes alg\u00fan problema con el proceso de verificaci\u00f3n, ponte en contacto con nuestro equipo de asistencia.<\/p>\n<h3>Me he registrado con Google. \u00bfPuedo iniciar sesi\u00f3n con mi correo electr\u00f3nico y contrase\u00f1a m\u00e1s tarde?<\/h3>\n<p>Aunque te hayas registrado con Google, puedes iniciar sesi\u00f3n con tu correo electr\u00f3nico y contrase\u00f1a. Pero solo podr\u00e1s hacerlo una vez que hayas establecido una contrase\u00f1a para tu cuenta. Cuando te registras con Google, Goldzino crea una cuenta para ti que est\u00e1 vinculada a tu correo electr\u00f3nico de Google. Sin embargo, no obtienes una contrase\u00f1a.<\/p>\n<\/div><\/div><\/p>\n","protected":false},"excerpt":{"rendered":"<p>Inicio de sesi\u00f3n en Goldzino Para comenzar su viaje, deber\u00e1 completar el procedimiento de Goldzino login. Este proceso es sencillo y no le llevar\u00e1 mucho tiempo, ya que solo requiere que introduzca sus credenciales. Sin embargo, debe tener en cuenta que este procedimiento solo est\u00e1 disponible si es mayor de 18 a\u00f1os y si tiene [&hellip;]<\/p>\n","protected":false},"author":1,"featured_media":0,"parent":0,"menu_order":0,"comment_status":"closed","ping_status":"closed","template":"template-builder.php","meta":{"_acf_changed":false,"inline_featured_image":false,"footnotes":""},"class_list":["post-1532","page","type-page","status-publish","hentry"],"acf":[],"yoast_head":"<!-- This site is optimized with the Yoast SEO plugin v27.3 - https:\/\/yoast.com\/product\/yoast-seo-wordpress\/ -->\n<title>Goldzino Login: registro seguro, 2FA y verificaci\u00f3n<\/title>\n<meta name=\"description\" content=\"Crea tu Goldzino login para acceder de forma segura a tu cuenta, gestionar dep\u00f3sitos y usar bonos. Registro r\u00e1pido para nuevos usuarios. \u00a1Reg\u00edstrate o inicia sesi\u00f3n y juega a los mejores juegos de casino online!\" \/>\n<meta name=\"robots\" content=\"index, follow, max-snippet:-1, max-image-preview:large, max-video-preview:-1\" \/>\n<link rel=\"canonical\" href=\"https:\/\/goldzinocasino.net\/es\/inicio-de-sesion-y-registro\/\" \/>\n<meta property=\"og:locale\" content=\"es_ES\" \/>\n<meta property=\"og:type\" content=\"article\" \/>\n<meta property=\"og:title\" content=\"Goldzino Login: registro seguro, 2FA y verificaci\u00f3n\" \/>\n<meta property=\"og:description\" content=\"Crea tu Goldzino login para acceder de forma segura a tu cuenta, gestionar dep\u00f3sitos y usar bonos. Registro r\u00e1pido para nuevos usuarios. \u00a1Reg\u00edstrate o inicia sesi\u00f3n y juega a los mejores juegos de casino online!\" \/>\n<meta property=\"og:url\" content=\"https:\/\/goldzinocasino.net\/es\/inicio-de-sesion-y-registro\/\" \/>\n<meta property=\"og:site_name\" content=\"goldzino\" \/>\n<meta property=\"article:modified_time\" content=\"2026-02-24T10:50:27+00:00\" \/>\n<meta name=\"twitter:card\" content=\"summary_large_image\" \/>\n<meta name=\"twitter:label1\" content=\"Est. reading time\" \/>\n\t<meta name=\"twitter:data1\" content=\"1 minute\" \/>\n<script type=\"application\/ld+json\" class=\"yoast-schema-graph\">{\"@context\":\"https:\\\/\\\/schema.org\",\"@graph\":[{\"@type\":\"WebPage\",\"@id\":\"https:\\\/\\\/goldzinocasino.net\\\/es\\\/inicio-de-sesion-y-registro\\\/\",\"url\":\"https:\\\/\\\/goldzinocasino.net\\\/es\\\/inicio-de-sesion-y-registro\\\/\",\"name\":\"Goldzino Login: registro seguro, 2FA y verificaci\u00f3n\",\"isPartOf\":{\"@id\":\"https:\\\/\\\/goldzinocasino.net\\\/es\\\/#website\"},\"datePublished\":\"2026-02-20T11:11:41+00:00\",\"dateModified\":\"2026-02-24T10:50:27+00:00\",\"description\":\"Crea tu Goldzino login para acceder de forma segura a tu cuenta, gestionar dep\u00f3sitos y usar bonos. Registro r\u00e1pido para nuevos usuarios. \u00a1Reg\u00edstrate o inicia sesi\u00f3n y juega a los mejores juegos de casino online!\",\"breadcrumb\":{\"@id\":\"https:\\\/\\\/goldzinocasino.net\\\/es\\\/inicio-de-sesion-y-registro\\\/#breadcrumb\"},\"inLanguage\":\"es-ES\",\"potentialAction\":[{\"@type\":\"ReadAction\",\"target\":[\"https:\\\/\\\/goldzinocasino.net\\\/es\\\/inicio-de-sesion-y-registro\\\/\"]}]},{\"@type\":\"BreadcrumbList\",\"@id\":\"https:\\\/\\\/goldzinocasino.net\\\/es\\\/inicio-de-sesion-y-registro\\\/#breadcrumb\",\"itemListElement\":[{\"@type\":\"ListItem\",\"position\":1,\"name\":\"GoldZino\",\"item\":\"https:\\\/\\\/goldzinocasino.net\\\/es\\\/\"},{\"@type\":\"ListItem\",\"position\":2,\"name\":\"Inicio de sesi\u00f3n y Registro\"}]},{\"@type\":\"WebSite\",\"@id\":\"https:\\\/\\\/goldzinocasino.net\\\/es\\\/#website\",\"url\":\"https:\\\/\\\/goldzinocasino.net\\\/es\\\/\",\"name\":\"GoldZino\",\"description\":\"\",\"publisher\":{\"@id\":\"https:\\\/\\\/goldzinocasino.net\\\/es\\\/#organization\"},\"potentialAction\":[{\"@type\":\"SearchAction\",\"target\":{\"@type\":\"EntryPoint\",\"urlTemplate\":\"https:\\\/\\\/goldzinocasino.net\\\/es\\\/?s={search_term_string}\"},\"query-input\":{\"@type\":\"PropertyValueSpecification\",\"valueRequired\":true,\"valueName\":\"search_term_string\"}}],\"inLanguage\":\"es-ES\"},{\"@type\":\"Organization\",\"@id\":\"https:\\\/\\\/goldzinocasino.net\\\/es\\\/#organization\",\"name\":\"GoldZino\",\"url\":\"https:\\\/\\\/goldzinocasino.net\\\/es\\\/\",\"logo\":{\"@type\":\"ImageObject\",\"inLanguage\":\"es-ES\",\"@id\":\"https:\\\/\\\/goldzinocasino.net\\\/es\\\/#\\\/schema\\\/logo\\\/image\\\/\",\"url\":\"https:\\\/\\\/goldzinocasino.net\\\/wp-content\\\/uploads\\\/2025\\\/08\\\/80u1FaquEZeR6OUTeJCc.png\",\"contentUrl\":\"https:\\\/\\\/goldzinocasino.net\\\/wp-content\\\/uploads\\\/2025\\\/08\\\/80u1FaquEZeR6OUTeJCc.png\",\"width\":209,\"height\":46,\"caption\":\"GoldZino\"},\"image\":{\"@id\":\"https:\\\/\\\/goldzinocasino.net\\\/es\\\/#\\\/schema\\\/logo\\\/image\\\/\"}}]}<\/script>\n<!-- \/ Yoast SEO plugin. -->","yoast_head_json":{"title":"Goldzino Login: registro seguro, 2FA y verificaci\u00f3n","description":"Crea tu Goldzino login para acceder de forma segura a tu cuenta, gestionar dep\u00f3sitos y usar bonos. Registro r\u00e1pido para nuevos usuarios. \u00a1Reg\u00edstrate o inicia sesi\u00f3n y juega a los mejores juegos de casino online!","robots":{"index":"index","follow":"follow","max-snippet":"max-snippet:-1","max-image-preview":"max-image-preview:large","max-video-preview":"max-video-preview:-1"},"canonical":"https:\/\/goldzinocasino.net\/es\/inicio-de-sesion-y-registro\/","og_locale":"es_ES","og_type":"article","og_title":"Goldzino Login: registro seguro, 2FA y verificaci\u00f3n","og_description":"Crea tu Goldzino login para acceder de forma segura a tu cuenta, gestionar dep\u00f3sitos y usar bonos. Registro r\u00e1pido para nuevos usuarios. \u00a1Reg\u00edstrate o inicia sesi\u00f3n y juega a los mejores juegos de casino online!","og_url":"https:\/\/goldzinocasino.net\/es\/inicio-de-sesion-y-registro\/","og_site_name":"goldzino","article_modified_time":"2026-02-24T10:50:27+00:00","twitter_card":"summary_large_image","twitter_misc":{"Est. reading time":"1 minute"},"schema":{"@context":"https:\/\/schema.org","@graph":[{"@type":"WebPage","@id":"https:\/\/goldzinocasino.net\/es\/inicio-de-sesion-y-registro\/","url":"https:\/\/goldzinocasino.net\/es\/inicio-de-sesion-y-registro\/","name":"Goldzino Login: registro seguro, 2FA y verificaci\u00f3n","isPartOf":{"@id":"https:\/\/goldzinocasino.net\/es\/#website"},"datePublished":"2026-02-20T11:11:41+00:00","dateModified":"2026-02-24T10:50:27+00:00","description":"Crea tu Goldzino login para acceder de forma segura a tu cuenta, gestionar dep\u00f3sitos y usar bonos. Registro r\u00e1pido para nuevos usuarios. \u00a1Reg\u00edstrate o inicia sesi\u00f3n y juega a los mejores juegos de casino online!","breadcrumb":{"@id":"https:\/\/goldzinocasino.net\/es\/inicio-de-sesion-y-registro\/#breadcrumb"},"inLanguage":"es-ES","potentialAction":[{"@type":"ReadAction","target":["https:\/\/goldzinocasino.net\/es\/inicio-de-sesion-y-registro\/"]}]},{"@type":"BreadcrumbList","@id":"https:\/\/goldzinocasino.net\/es\/inicio-de-sesion-y-registro\/#breadcrumb","itemListElement":[{"@type":"ListItem","position":1,"name":"GoldZino","item":"https:\/\/goldzinocasino.net\/es\/"},{"@type":"ListItem","position":2,"name":"Inicio de sesi\u00f3n y Registro"}]},{"@type":"WebSite","@id":"https:\/\/goldzinocasino.net\/es\/#website","url":"https:\/\/goldzinocasino.net\/es\/","name":"GoldZino","description":"","publisher":{"@id":"https:\/\/goldzinocasino.net\/es\/#organization"},"potentialAction":[{"@type":"SearchAction","target":{"@type":"EntryPoint","urlTemplate":"https:\/\/goldzinocasino.net\/es\/?s={search_term_string}"},"query-input":{"@type":"PropertyValueSpecification","valueRequired":true,"valueName":"search_term_string"}}],"inLanguage":"es-ES"},{"@type":"Organization","@id":"https:\/\/goldzinocasino.net\/es\/#organization","name":"GoldZino","url":"https:\/\/goldzinocasino.net\/es\/","logo":{"@type":"ImageObject","inLanguage":"es-ES","@id":"https:\/\/goldzinocasino.net\/es\/#\/schema\/logo\/image\/","url":"https:\/\/goldzinocasino.net\/wp-content\/uploads\/2025\/08\/80u1FaquEZeR6OUTeJCc.png","contentUrl":"https:\/\/goldzinocasino.net\/wp-content\/uploads\/2025\/08\/80u1FaquEZeR6OUTeJCc.png","width":209,"height":46,"caption":"GoldZino"},"image":{"@id":"https:\/\/goldzinocasino.net\/es\/#\/schema\/logo\/image\/"}}]}},"_links":{"self":[{"href":"https:\/\/goldzinocasino.net\/es\/wp-json\/wp\/v2\/pages\/1532","targetHints":{"allow":["GET"]}}],"collection":[{"href":"https:\/\/goldzinocasino.net\/es\/wp-json\/wp\/v2\/pages"}],"about":[{"href":"https:\/\/goldzinocasino.net\/es\/wp-json\/wp\/v2\/types\/page"}],"author":[{"embeddable":true,"href":"https:\/\/goldzinocasino.net\/es\/wp-json\/wp\/v2\/users\/1"}],"replies":[{"embeddable":true,"href":"https:\/\/goldzinocasino.net\/es\/wp-json\/wp\/v2\/comments?post=1532"}],"version-history":[{"count":2,"href":"https:\/\/goldzinocasino.net\/es\/wp-json\/wp\/v2\/pages\/1532\/revisions"}],"predecessor-version":[{"id":2099,"href":"https:\/\/goldzinocasino.net\/es\/wp-json\/wp\/v2\/pages\/1532\/revisions\/2099"}],"wp:attachment":[{"href":"https:\/\/goldzinocasino.net\/es\/wp-json\/wp\/v2\/media?parent=1532"}],"curies":[{"name":"wp","href":"https:\/\/api.w.org\/{rel}","templated":true}]}}