{"id":1537,"date":"2026-02-20T10:52:17","date_gmt":"2026-02-20T10:52:17","guid":{"rendered":"https:\/\/goldzinocasino.net\/applicazione\/"},"modified":"2026-02-25T12:05:23","modified_gmt":"2026-02-25T12:05:23","slug":"app","status":"publish","type":"page","link":"https:\/\/goldzinocasino.net\/de\/app\/","title":{"rendered":"App"},"content":{"rendered":"<h1>Goldzino App: Mobile Casino Spiele<\/h1>\n<p>Die Goldzino App erm\u00f6glicht ein bequemes Casino-Erlebnis direkt \u00fcber Ihr Mobilger\u00e4t. Mit der mobilen Version k\u00f6nnen Sie Ihre Lieblingsspiele spielen, darunter die beliebtesten Online Slots und zahlreiche Tischspiele, und sogar an Live-Casino-Aktivit\u00e4ten teilnehmen. Unser umfangreicher Katalog auf Mobilger\u00e4ten ist derselbe wie auf Desktop-Computern, sodass wir Ihnen garantieren k\u00f6nnen, dass Sie nichts verpassen werden. Die App ist absolut kostenlos und kann sowohl auf iOS- und Android-Betriebssystemen als auch auf macOS und Windows installiert werden.<\/p>\n<div class=\"banner-wrap\" aria-label=\"Banner\"><img src=\"https:\/\/goldzinocasino.net\/wp-content\/uploads\/2026\/02\/Banner-Desktop.webp\" class=\"w-100 d-none d-lg-block img-pc main-banner-img\" alt=\"Banner Desktop\" fetchpriority=\"high\" decoding=\"async\"><img src=\"https:\/\/goldzinocasino.net\/wp-content\/uploads\/2026\/02\/Banner-mobile.webp\" class=\"w-100 d-none d-md-block d-lg-none main-banner-img\" alt=\"Banner mobile\" fetchpriority=\"high\" decoding=\"async\"><img src=\"https:\/\/goldzinocasino.net\/wp-content\/uploads\/2026\/02\/Banner-mobile.webp\" class=\"w-100 d-md-none\" alt=\"Banner mobile\" fetchpriority=\"high\" decoding=\"async\"><div class=\"banner-description\">\n<div class=\"banner-title\">Willkommensboni<\/div>\n<p class=\"banner-header-title\">1500 \u20ac<\/p>\n<div class=\"banner-header-AdditionalText\">+ 250 Freispiele<\/div>\n<button data-item=\"homepage_banner_link\" class=\"goto m-button m-gradient-border m-button--primary m-button--large banner-button btn-orange\">\n            <div class=\"m-button-content\">\n                <span>Jetzt anmelden<\/span>\n                <span><\/span>\n            <\/div>\n        <\/button>\n<\/div>\n<div class=\"WelcomePack\">\n<p><img loading=\"lazy\" decoding=\"async\" class=\"alignnone size-full wp-image-1617\" src=\"https:\/\/goldzinocasino.net\/wp-content\/uploads\/welcome-crown.png\" alt=\"welcome-crown\" width=\"25\" height=\"26\" \/><\/p>\n<div class=\"WelcomePack-Info\">W\u00f6chentlicher Cashback von bis zu 25 %<\/div>\n<p><img loading=\"lazy\" decoding=\"async\" class=\"alignnone size-full wp-image-1617\" src=\"https:\/\/goldzinocasino.net\/wp-content\/uploads\/welcome-crown.png\" alt=\"welcome-crown\" width=\"25\" height=\"26\" \/><\/p>\n<\/div>\n<\/div>\n<h2>Vorteile und Funktionen der Goldzino App<\/h2>\n<p>Wenn Sie schon immer davon getr\u00e4umt haben, unterwegs zu spielen, dann wird Ihnen die mobile App sicherlich attraktiver erscheinen als die Desktop-Version. Die Goldzino App ist im Wesentlichen eine progressive Webanwendung (PWA), die als Verkn\u00fcpfung zu unserer Hauptwebsite dient. Nach der Installation m\u00fcssen Sie nur noch auf das Symbol des Casinos klicken, wenn Sie spielen m\u00f6chten; Sie m\u00fcssen nie wieder zur Browserversion navigieren. Auf diese Weise k\u00f6nnen Sie direkt von Ihrem Startbildschirm aus auf unseren Spielekatalog zugreifen.<\/p>\n<p>Alle Funktionen und Spiele in der Goldzino Casino Anwendung bleiben dieselben wie in der Desktop-Version. Sie eignet sich jedoch besser f\u00fcr Spieler, die lieber unterwegs zocken, ohne st\u00e4ndig vor ihrem PC sitzen zu m\u00fcssen.<\/p>\n<p>Hier sind die wichtigsten Vorteile der Goldzino App im Vergleich zur PC-Version:<\/p>\n<ul>\n<li>Einfacher Zugriff: Der Zugriff auf Ihr Goldzino Casino Konto und alle Ihre Lieblingsspiele ist \u00fcber ein mobiles Ger\u00e4t viel einfacher als \u00fcber die Desktop-Version. Es sind nur wenige Klicks erforderlich.<\/li>\n<li>Mobilit\u00e4t: Mit der Goldzino App k\u00f6nnen Sie unterwegs Online-Casinospiele spielen. Sie m\u00fcssen nicht zu Hause an Ihrem Schreibtisch sitzenbleiben, sondern k\u00f6nnen unterwegs ganz einfach auf moderne Spielautomaten oder Tischspiele zugreifen.<\/li>\n<li>Geschwindigkeit: Die Gold Zino PWA zeigt Casino-Oberfl\u00e4chen mithilfe von Smart-Cache-Key-Assets sofort auf Ihrem Bildschirm an. So k\u00f6nnen Sie fast sofort auf alle Funktionen des Online-Casinos zugreifen.<\/li>\n<li>Offline-Funktionalit\u00e4t: Zuvor geladene Inhalte bleiben bei Gold Zino sichtbar, was bedeutet, dass Sie auch ohne Internetverbindung auf alle pers\u00f6nlichen Informationen in Ihrem Konto zugreifen k\u00f6nnen.<\/li>\n<li>Push-Benachrichtigungen: Wenn Sie der Goldzino App die entsprechende Berechtigung erteilen, k\u00f6nnen wir Ihnen regelm\u00e4\u00dfig neue Informationen zu interessanten Veranstaltungen und Aktionen zusenden. Mit der mobilen Version k\u00f6nnen Sie als Erster die Goldzino-Updates erhalten.<\/li>\n<\/ul>\n<p>Erw\u00e4hnenswert ist, dass die Gold Zino Anwendung nicht nur f\u00fcr iOS und Android, sondern auch f\u00fcr Desktop-Computer verf\u00fcgbar ist. Die Goldzino App unterst\u00fctzt die Betriebssysteme macOS und Windows, sodass Benutzer auch auf ihren PCs auf eine schnellere und bequemere Version der Website zugreifen k\u00f6nnen.<\/p>\n<p><div class=\"scrollable-content-wrap my-5\"><div class=\"scrollable-content-inner\"><h2>Mobile Anwendung f\u00fcr iOS<\/h2>\n<p>Die Gold Zino iOS Anwendung unterscheidet sich nicht wesentlich von der Android-Version, au\u00dfer dass sie f\u00fcr Apple-Ger\u00e4te angepasst ist. Der Installationsvorgang ist ebenfalls rasant und dauert nur wenige Sekunden. So gehen Sie vor:<\/p>\n<ol>\n<li>Rufen Sie unsere Website mit dem Browser Ihres Telefons auf.<\/li>\n<li>W\u00e4hlen Sie in den Einstellungen des Browsers die Option \u201eZum Startbildschirm hinzuf\u00fcgen\u201c.<\/li>\n<li>Klicken Sie einfach auf die Schaltfl\u00e4che, um den Installationsvorgang zu starten.<\/li>\n<li>Warten Sie einige Sekunden, bis das Casino-Symbol auf dem Bildschirm Ihres Ger\u00e4ts erscheint.<\/li>\n<\/ol>\n<p>Sobald die Goldzino Casino App auf Ihrem Bildschirm angezeigt wird, k\u00f6nnen Sie darauf klicken und sich in Ihr pers\u00f6nliches Konto einloggen. Nachdem Sie sich in Ihr Konto eingeloggt haben, m\u00fcssen Sie nach dem Verifizierungsprozess nur noch eine Einzahlung vornehmen und k\u00f6nnen dann mit dem Spielen Ihrer Lieblingsspiele beginnen. Bei Problemen k\u00f6nnen Sie sich jederzeit an den Live Chat wenden.<\/p>\n<p><img loading=\"lazy\" decoding=\"async\" class=\"alignnone wp-image-1510 size-full\" src=\"https:\/\/goldzinocasino.net\/wp-content\/uploads\/ios.webp\" alt=\"ios\" width=\"1248\" height=\"536\" srcset=\"https:\/\/goldzinocasino.net\/wp-content\/uploads\/ios.webp 1248w, https:\/\/goldzinocasino.net\/wp-content\/uploads\/ios-300x129.webp 300w, https:\/\/goldzinocasino.net\/wp-content\/uploads\/ios-1024x440.webp 1024w, https:\/\/goldzinocasino.net\/wp-content\/uploads\/ios-768x330.webp 768w\" sizes=\"auto, (max-width: 1248px) 100vw, 1248px\" \/><\/p>\n<\/div><\/div><div style=\"clear: both\"><\/div><div class=\"d-flex justify-content-center\"><button data-item=\"decouvrez_link\" data-group=\"website_links\" class=\"goto fw-bold rounded-pill btn btn-orange\" aria-label=\"Sie die Goldzino-App herunter\" >Sie die Goldzino-App herunter<\/button><\/div><div class=\"scrollable-content-wrap my-5\"><div class=\"scrollable-content-inner\"><h2>Goldzino App f\u00fcr Android<\/h2>\n<p>Es ist bekannt, dass die meisten mobilen Casino-Apps f\u00fcr Android im Android Package Kit-Format vorliegen. Es gibt jedoch einen Unterschied zwischen APK und PWA. Beispielsweise nehmen APK-Apps im Vergleich zu PWAs, die sehr leichtgewichtig sind, in der Regel viel Speicherplatz auf dem Ger\u00e4t ein. Au\u00dferdem ist die Startzeit von APKs in der Regel deutlich h\u00f6her. Genau deswegen hat sich unser Team bei der Entwicklung der Goldzino App f\u00fcr eine mobile PWA-Anwendung entschieden.<\/p>\n<p>Hier sind die Schritte, die Sie ausf\u00fchren m\u00fcssen, um die Goldzino App auf Ihrem Android-Ger\u00e4t zu installieren:<\/p>\n<ol>\n<li>Besuchen Sie unsere offizielle Website mit Ihrem bevorzugten mobilen Browser.<\/li>\n<li>Um das Men\u00fc aufzurufen, klicken Sie auf das Dreipunkt-Symbol in der Adressleiste.<\/li>\n<li>W\u00e4hlen Sie aus der Liste \u201eZum Startbildschirm hinzuf\u00fcgen\u201c.<\/li>\n<li>Tippen Sie auf die Schaltfl\u00e4che, um den Installationsvorgang zu starten.<\/li>\n<\/ol>\n<p>Nachdem Sie diese wenigen Schritte ausgef\u00fchrt haben, erscheint das Goldzino Casino Symbol innerhalb weniger Sekunden auf Ihrem Startbildschirm. Um zu spielen, klicken Sie einfach auf dieses Symbol, um das Casino aufzurufen.<\/p>\n<p><img loading=\"lazy\" decoding=\"async\" class=\"alignnone wp-image-1510 size-full\" src=\"https:\/\/goldzinocasino.net\/wp-content\/uploads\/Android-DE.webp\" alt=\"Android\" width=\"1248\" height=\"536\" \/><\/p>\n<\/div><\/div><div style=\"clear: both\"><\/div><div class=\"d-flex justify-content-center\"><button data-item=\"decouvrez_link\" data-group=\"website_links\" class=\"goto fw-bold rounded-pill btn btn-orange\" aria-label=\"Sie die Goldzino-App herunter\" >Sie die Goldzino-App herunter<\/button><\/div><div class=\"scrollable-content-wrap my-5\"><div class=\"scrollable-content-inner\"><h2>Mobile Anwendung f\u00fcr iOS<\/h2>\n<p>Die Gold Zino iOS Anwendung unterscheidet sich nicht wesentlich von der Android-Version, au\u00dfer dass sie f\u00fcr Apple-Ger\u00e4te angepasst ist. Der Installationsvorgang ist ebenfalls rasant und dauert nur wenige Sekunden. So gehen Sie vor:<\/p>\n<ol>\n<li>Rufen Sie unsere Website mit dem Browser Ihres Telefons auf.<\/li>\n<li>W\u00e4hlen Sie in den Einstellungen des Browsers die Option \u201eZum Startbildschirm hinzuf\u00fcgen\u201c.<\/li>\n<li>Klicken Sie einfach auf die Schaltfl\u00e4che, um den Installationsvorgang zu starten.<\/li>\n<li>Warten Sie einige Sekunden, bis das Casino-Symbol auf dem Bildschirm Ihres Ger\u00e4ts erscheint.<\/li>\n<\/ol>\n<p>Sobald die Goldzino Casino App auf Ihrem Bildschirm angezeigt wird, k\u00f6nnen Sie darauf klicken und sich in Ihr pers\u00f6nliches Konto einloggen. Nachdem Sie sich in Ihr Konto eingeloggt haben, m\u00fcssen Sie nach dem Verifizierungsprozess nur noch eine Einzahlung vornehmen und k\u00f6nnen dann mit dem Spielen Ihrer Lieblingsspiele beginnen. Bei Problemen k\u00f6nnen Sie sich jederzeit an den Live Chat wenden.<\/p>\n<p><img loading=\"lazy\" decoding=\"async\" class=\"alignnone wp-image-1510 size-full\" src=\"https:\/\/goldzinocasino.net\/wp-content\/uploads\/PC.webp\" alt=\"PC\" width=\"1248\" height=\"536\" \/><\/p>\n<\/div><\/div><div style=\"clear: both\"><\/div><div class=\"d-flex justify-content-center\"><button data-item=\"decouvrez_link\" data-group=\"website_links\" class=\"goto fw-bold rounded-pill btn btn-orange\" aria-label=\"Sie die Goldzino-App herunter\" >Sie die Goldzino-App herunter<\/button><\/div><div class=\"scrollable-content-wrap my-5\"><div class=\"scrollable-content-inner\"><h2>Spielen Sie Gold Zino Casino auf Mac oder Windows<\/h2>\n<p>Wie bereits erw\u00e4hnt, ist die Goldzino App nicht nur auf mobile Ger\u00e4te mit iOS oder Android beschr\u00e4nkt. Unsere Anwendung unterst\u00fctzt Windows und macOS perfekt und ist somit auch auf Computern verf\u00fcgbar. Sie fragen sich wahrscheinlich, welche Vorteile die mobile App auf einem Desktop-Computer bietet. Nun, die Goldzino App erm\u00f6glicht im Grunde einen schnelleren Zugriff auf die Spielbibliothek mit k\u00fcrzeren Ladezeiten im Vergleich zur Browser-Version. Au\u00dferdem ist sie viel praktischer, da sie f\u00fcr Ihr Betriebssystem optimiert ist.<\/p>\n<p>Die Installation ist ganz einfach: Gehen Sie einfach auf unsere offizielle Website und klicken Sie auf die Schaltfl\u00e4che \u201eInstallieren\u201c in der Adressleiste, die wie ein Pfeil auf einem Computerbildschirm aussieht. Klicken Sie anschlie\u00dfend erneut auf die Schaltfl\u00e4che \u201eInstallieren\u201c und schon sind Sie fertig. Nach Abschluss der Installation erscheint das Goldzino-App-Symbol auf Ihrem Bildschirm. Sollten Sie Schwierigkeiten haben, wenden Sie sich bitte an den Kundendienst.<\/p>\n<h2>So installieren Sie die Goldzino App auf jedem Ger\u00e4t<\/h2>\n<p>Die Installation von Goldzino ist ein sehr einfacher und universeller Vorgang, der auf den meisten Ger\u00e4ten fast identisch ist. Da es sich bei der Gold Zino App um eine PWA handelt, erm\u00f6glicht sie Ihnen ein intuitives Spielerlebnis, ohne dass Sie auf herk\u00f6mmliche App-Stores zur\u00fcckgreifen m\u00fcssen. Befolgen Sie die folgenden Schritte, um Goldizno auf Ihrem Startbildschirm oder Desktop zu installieren und schnell auf Ihre Lieblings-Casinospiele zugreifen zu k\u00f6nnen.<\/p>\n<table>\n<tbody>\n<tr>\n<td>Ger\u00e4t<\/td>\n<td>Anweisungen<\/td>\n<td>Ergebnis<\/td>\n<\/tr>\n<tr>\n<td>iOS<\/td>\n<td>Gehen Sie zum Goldzino Casino und tippen Sie auf das Symbol \u201eTeilen\u201c. W\u00e4hlen Sie nach dem Scrollen \u201eZum Startbildschirm hinzuf\u00fcgen\u201c.<\/td>\n<td>Das Symbol wird auf Ihrem Startbildschirm angezeigt.<\/td>\n<\/tr>\n<tr>\n<td>Android<\/td>\n<td>\u00d6ffnen Sie Ihren Browser und gehen Sie zum Goldzino Casino. Tippen Sie auf das Men\u00fc (drei Punkte) und w\u00e4hlen Sie \u201eApp installieren\u201c oder \u201eZum Startbildschirm hinzuf\u00fcgen\u201c.<\/td>\n<td>Das Symbol wird auf Ihrem Startbildschirm angezeigt.<\/td>\n<\/tr>\n<tr>\n<td>Windows<\/td>\n<td>Besuchen Sie Goldzino Casino in Ihrem Browser. Klicken Sie auf das Installationssymbol (+) in der Adressleiste oder suchen Sie \u201eApp installieren\u201c im Browsermen\u00fc.<\/td>\n<td>Das Symbol wird auf Ihrem Desktop und im Startmen\u00fc angezeigt.<\/td>\n<\/tr>\n<tr>\n<td>MacOS<\/td>\n<td>Rufen Sie Goldzino in Chrome oder Safari auf. Verwenden Sie in Safari \u201eDatei\u201c &gt; \u201eZum Dock hinzuf\u00fcgen\u201c. Verwenden Sie in Chrome \u201eGoldzino installieren\u201c im Men\u00fc.<\/td>\n<td>Das Symbol wird als Desktop-Anwendung in Chrome oder in Ihrem Dock in Safari angezeigt.<\/td>\n<\/tr>\n<\/tbody>\n<\/table>\n<h2>FAQ<\/h2>\n<h3>Ben\u00f6tige ich ein separates Konto f\u00fcr die Goldzino App?<\/h3>\n<p>Nein, Sie m\u00fcssen kein separates Konto f\u00fcr die Goldzino App erstellen. Alle Informationen in Ihrem pers\u00f6nlichen Goldzino-Konto bleiben auf allen Ger\u00e4ten gleich. Sie k\u00f6nnen sich \u00fcber ein Android- oder iOS-Mobilger\u00e4t anmelden, und alles ist genauso wie auf einem Desktop-Computer.<\/p>\n<h3>Ist die Verwendung der Goldzino App f\u00fcr Zahlungen sicher?<\/h3>\n<p>Ja, auf jeden Fall. Goldzino ist sicher f\u00fcr Zahlungen. Es verwendet die gleiche Verschl\u00fcsselung wie die Desktop-Website, sodass alle Transaktionen sicher sind. Die Gold Zino Website verf\u00fcgt \u00fcber eine echte Gl\u00fccksspiellizenz, was f\u00fcr hohe finanzielle Sicherheit und Datenschutz spricht. Zahlungen werden von bekannten Anbietern abgewickelt, was zus\u00e4tzliche Sicherheit bietet.<\/p>\n<h3>Erhalte ich auf dem Handy die gleichen Spiele wie auf dem Desktop?<\/h3>\n<p>Ja, die mobile Version des Goldzino Casinos bietet Zugriff auf denselben Spielekatalog wie die Desktop-Version. Alle Slots, Live-Dealer-Tische und Funktionen sind identisch, und jedes Spiel wird automatisch f\u00fcr ein reibungsloses Spiel auf Ihrem Mobil- oder Tablet-Ger\u00e4t optimiert.<\/p>\n<h3>Sind Boni und Turniere auf dem Handy verf\u00fcgbar?<\/h3>\n<p>Ja. Die Goldzino App bietet dieselben Boni, Aktionen und Turniere wie die Desktop-Version. Mit der App haben Spieler vollen Zugriff auf die Gold Zino Plattform, einschlie\u00dflich der M\u00f6glichkeit, Angebote in Anspruch zu nehmen und direkt von ihrem Mobilger\u00e4t aus an Turnieren teilzunehmen.<\/p>\n<\/div><\/div><\/p>\n","protected":false},"excerpt":{"rendered":"<p>Goldzino App: Mobile Casino Spiele Die Goldzino App erm\u00f6glicht ein bequemes Casino-Erlebnis direkt \u00fcber Ihr Mobilger\u00e4t. Mit der mobilen Version k\u00f6nnen Sie Ihre Lieblingsspiele spielen, darunter die beliebtesten Online Slots und zahlreiche Tischspiele, und sogar an Live-Casino-Aktivit\u00e4ten teilnehmen. Unser umfangreicher Katalog auf Mobilger\u00e4ten ist derselbe wie auf Desktop-Computern, sodass wir Ihnen garantieren k\u00f6nnen, dass Sie [&hellip;]<\/p>\n","protected":false},"author":1,"featured_media":0,"parent":0,"menu_order":0,"comment_status":"closed","ping_status":"closed","template":"template-builder.php","meta":{"_acf_changed":false,"inline_featured_image":false,"footnotes":""},"class_list":["post-1537","page","type-page","status-publish","hentry"],"acf":[],"yoast_head":"<!-- This site is optimized with the Yoast SEO plugin v27.3 - https:\/\/yoast.com\/product\/yoast-seo-wordpress\/ -->\n<title>Goldzino App | F\u00fcr iOS und Android herunterladen<\/title>\n<meta name=\"description\" content=\"Installieren Sie die Goldzino App f\u00fcr Android oder iOS herunter und \u00f6ffnen Sie sie unter Windows oder macOS. Spielen Sie die besten Online-Casinospiele auf Ihrem Smartphone, Tablet oder Computer im Gold Zino Casino \u2013 egal wo Sie sind!\" \/>\n<meta name=\"robots\" content=\"index, follow, max-snippet:-1, max-image-preview:large, max-video-preview:-1\" \/>\n<link rel=\"canonical\" href=\"https:\/\/goldzinocasino.net\/de\/app\/\" \/>\n<meta property=\"og:locale\" content=\"de_DE\" \/>\n<meta property=\"og:type\" content=\"article\" \/>\n<meta property=\"og:title\" content=\"Goldzino App | F\u00fcr iOS und Android herunterladen\" \/>\n<meta property=\"og:description\" content=\"Installieren Sie die Goldzino App f\u00fcr Android oder iOS herunter und \u00f6ffnen Sie sie unter Windows oder macOS. Spielen Sie die besten Online-Casinospiele auf Ihrem Smartphone, Tablet oder Computer im Gold Zino Casino \u2013 egal wo Sie sind!\" \/>\n<meta property=\"og:url\" content=\"https:\/\/goldzinocasino.net\/de\/app\/\" \/>\n<meta property=\"og:site_name\" content=\"goldzino\" \/>\n<meta property=\"article:modified_time\" content=\"2026-02-25T12:05:23+00:00\" \/>\n<meta name=\"twitter:card\" content=\"summary_large_image\" \/>\n<meta name=\"twitter:label1\" content=\"Gesch\u00e4tzte Lesezeit\" \/>\n\t<meta name=\"twitter:data1\" content=\"3\u00a0Minuten\" \/>\n<script type=\"application\/ld+json\" class=\"yoast-schema-graph\">{\"@context\":\"https:\\\/\\\/schema.org\",\"@graph\":[{\"@type\":\"WebPage\",\"@id\":\"https:\\\/\\\/goldzinocasino.net\\\/de\\\/app\\\/\",\"url\":\"https:\\\/\\\/goldzinocasino.net\\\/de\\\/app\\\/\",\"name\":\"Goldzino App | F\u00fcr iOS und Android herunterladen\",\"isPartOf\":{\"@id\":\"https:\\\/\\\/goldzinocasino.net\\\/de\\\/#website\"},\"datePublished\":\"2026-02-20T10:52:17+00:00\",\"dateModified\":\"2026-02-25T12:05:23+00:00\",\"description\":\"Installieren Sie die Goldzino App f\u00fcr Android oder iOS herunter und \u00f6ffnen Sie sie unter Windows oder macOS. Spielen Sie die besten Online-Casinospiele auf Ihrem Smartphone, Tablet oder Computer im Gold Zino Casino \u2013 egal wo Sie sind!\",\"breadcrumb\":{\"@id\":\"https:\\\/\\\/goldzinocasino.net\\\/de\\\/app\\\/#breadcrumb\"},\"inLanguage\":\"de\",\"potentialAction\":[{\"@type\":\"ReadAction\",\"target\":[\"https:\\\/\\\/goldzinocasino.net\\\/de\\\/app\\\/\"]}]},{\"@type\":\"BreadcrumbList\",\"@id\":\"https:\\\/\\\/goldzinocasino.net\\\/de\\\/app\\\/#breadcrumb\",\"itemListElement\":[{\"@type\":\"ListItem\",\"position\":1,\"name\":\"GoldZino\",\"item\":\"https:\\\/\\\/goldzinocasino.net\\\/de\\\/\"},{\"@type\":\"ListItem\",\"position\":2,\"name\":\"App\"}]},{\"@type\":\"WebSite\",\"@id\":\"https:\\\/\\\/goldzinocasino.net\\\/de\\\/#website\",\"url\":\"https:\\\/\\\/goldzinocasino.net\\\/de\\\/\",\"name\":\"GoldZino\",\"description\":\"\",\"publisher\":{\"@id\":\"https:\\\/\\\/goldzinocasino.net\\\/de\\\/#organization\"},\"potentialAction\":[{\"@type\":\"SearchAction\",\"target\":{\"@type\":\"EntryPoint\",\"urlTemplate\":\"https:\\\/\\\/goldzinocasino.net\\\/de\\\/?s={search_term_string}\"},\"query-input\":{\"@type\":\"PropertyValueSpecification\",\"valueRequired\":true,\"valueName\":\"search_term_string\"}}],\"inLanguage\":\"de\"},{\"@type\":\"Organization\",\"@id\":\"https:\\\/\\\/goldzinocasino.net\\\/de\\\/#organization\",\"name\":\"GoldZino\",\"url\":\"https:\\\/\\\/goldzinocasino.net\\\/de\\\/\",\"logo\":{\"@type\":\"ImageObject\",\"inLanguage\":\"de\",\"@id\":\"https:\\\/\\\/goldzinocasino.net\\\/de\\\/#\\\/schema\\\/logo\\\/image\\\/\",\"url\":\"https:\\\/\\\/goldzinocasino.net\\\/wp-content\\\/uploads\\\/2025\\\/08\\\/80u1FaquEZeR6OUTeJCc.png\",\"contentUrl\":\"https:\\\/\\\/goldzinocasino.net\\\/wp-content\\\/uploads\\\/2025\\\/08\\\/80u1FaquEZeR6OUTeJCc.png\",\"width\":209,\"height\":46,\"caption\":\"GoldZino\"},\"image\":{\"@id\":\"https:\\\/\\\/goldzinocasino.net\\\/de\\\/#\\\/schema\\\/logo\\\/image\\\/\"}}]}<\/script>\n<!-- \/ Yoast SEO plugin. -->","yoast_head_json":{"title":"Goldzino App | F\u00fcr iOS und Android herunterladen","description":"Installieren Sie die Goldzino App f\u00fcr Android oder iOS herunter und \u00f6ffnen Sie sie unter Windows oder macOS. Spielen Sie die besten Online-Casinospiele auf Ihrem Smartphone, Tablet oder Computer im Gold Zino Casino \u2013 egal wo Sie sind!","robots":{"index":"index","follow":"follow","max-snippet":"max-snippet:-1","max-image-preview":"max-image-preview:large","max-video-preview":"max-video-preview:-1"},"canonical":"https:\/\/goldzinocasino.net\/de\/app\/","og_locale":"de_DE","og_type":"article","og_title":"Goldzino App | F\u00fcr iOS und Android herunterladen","og_description":"Installieren Sie die Goldzino App f\u00fcr Android oder iOS herunter und \u00f6ffnen Sie sie unter Windows oder macOS. Spielen Sie die besten Online-Casinospiele auf Ihrem Smartphone, Tablet oder Computer im Gold Zino Casino \u2013 egal wo Sie sind!","og_url":"https:\/\/goldzinocasino.net\/de\/app\/","og_site_name":"goldzino","article_modified_time":"2026-02-25T12:05:23+00:00","twitter_card":"summary_large_image","twitter_misc":{"Gesch\u00e4tzte Lesezeit":"3\u00a0Minuten"},"schema":{"@context":"https:\/\/schema.org","@graph":[{"@type":"WebPage","@id":"https:\/\/goldzinocasino.net\/de\/app\/","url":"https:\/\/goldzinocasino.net\/de\/app\/","name":"Goldzino App | F\u00fcr iOS und Android herunterladen","isPartOf":{"@id":"https:\/\/goldzinocasino.net\/de\/#website"},"datePublished":"2026-02-20T10:52:17+00:00","dateModified":"2026-02-25T12:05:23+00:00","description":"Installieren Sie die Goldzino App f\u00fcr Android oder iOS herunter und \u00f6ffnen Sie sie unter Windows oder macOS. Spielen Sie die besten Online-Casinospiele auf Ihrem Smartphone, Tablet oder Computer im Gold Zino Casino \u2013 egal wo Sie sind!","breadcrumb":{"@id":"https:\/\/goldzinocasino.net\/de\/app\/#breadcrumb"},"inLanguage":"de","potentialAction":[{"@type":"ReadAction","target":["https:\/\/goldzinocasino.net\/de\/app\/"]}]},{"@type":"BreadcrumbList","@id":"https:\/\/goldzinocasino.net\/de\/app\/#breadcrumb","itemListElement":[{"@type":"ListItem","position":1,"name":"GoldZino","item":"https:\/\/goldzinocasino.net\/de\/"},{"@type":"ListItem","position":2,"name":"App"}]},{"@type":"WebSite","@id":"https:\/\/goldzinocasino.net\/de\/#website","url":"https:\/\/goldzinocasino.net\/de\/","name":"GoldZino","description":"","publisher":{"@id":"https:\/\/goldzinocasino.net\/de\/#organization"},"potentialAction":[{"@type":"SearchAction","target":{"@type":"EntryPoint","urlTemplate":"https:\/\/goldzinocasino.net\/de\/?s={search_term_string}"},"query-input":{"@type":"PropertyValueSpecification","valueRequired":true,"valueName":"search_term_string"}}],"inLanguage":"de"},{"@type":"Organization","@id":"https:\/\/goldzinocasino.net\/de\/#organization","name":"GoldZino","url":"https:\/\/goldzinocasino.net\/de\/","logo":{"@type":"ImageObject","inLanguage":"de","@id":"https:\/\/goldzinocasino.net\/de\/#\/schema\/logo\/image\/","url":"https:\/\/goldzinocasino.net\/wp-content\/uploads\/2025\/08\/80u1FaquEZeR6OUTeJCc.png","contentUrl":"https:\/\/goldzinocasino.net\/wp-content\/uploads\/2025\/08\/80u1FaquEZeR6OUTeJCc.png","width":209,"height":46,"caption":"GoldZino"},"image":{"@id":"https:\/\/goldzinocasino.net\/de\/#\/schema\/logo\/image\/"}}]}},"_links":{"self":[{"href":"https:\/\/goldzinocasino.net\/de\/wp-json\/wp\/v2\/pages\/1537","targetHints":{"allow":["GET"]}}],"collection":[{"href":"https:\/\/goldzinocasino.net\/de\/wp-json\/wp\/v2\/pages"}],"about":[{"href":"https:\/\/goldzinocasino.net\/de\/wp-json\/wp\/v2\/types\/page"}],"author":[{"embeddable":true,"href":"https:\/\/goldzinocasino.net\/de\/wp-json\/wp\/v2\/users\/1"}],"replies":[{"embeddable":true,"href":"https:\/\/goldzinocasino.net\/de\/wp-json\/wp\/v2\/comments?post=1537"}],"version-history":[{"count":4,"href":"https:\/\/goldzinocasino.net\/de\/wp-json\/wp\/v2\/pages\/1537\/revisions"}],"predecessor-version":[{"id":2114,"href":"https:\/\/goldzinocasino.net\/de\/wp-json\/wp\/v2\/pages\/1537\/revisions\/2114"}],"wp:attachment":[{"href":"https:\/\/goldzinocasino.net\/de\/wp-json\/wp\/v2\/media?parent=1537"}],"curies":[{"name":"wp","href":"https:\/\/api.w.org\/{rel}","templated":true}]}}