{"id":1528,"date":"2026-02-20T11:11:41","date_gmt":"2026-02-20T11:11:41","guid":{"rendered":"https:\/\/goldzinocasino.net\/accesso-e-registrazione\/"},"modified":"2026-02-24T07:10:09","modified_gmt":"2026-02-24T07:10:09","slug":"anmeldung-und-registrierung","status":"publish","type":"page","link":"https:\/\/goldzinocasino.net\/de\/anmeldung-und-registrierung\/","title":{"rendered":"Anmeldung und Registrierung"},"content":{"rendered":"<h1>Goldzino Anmeldung<\/h1>\n<p>Um Ihre Reise zu beginnen, m\u00fcssen Sie den Goldzino Login abschlie\u00dfen. Dieser Vorgang ist unkompliziert und nimmt nicht viel Zeit in Anspruch, da Sie lediglich Ihre Anmeldedaten eingeben m\u00fcssen. Beachten Sie jedoch, dass dieser Vorgang nur verf\u00fcgbar ist, wenn Sie \u00e4lter als 18 Jahre sind und nur ein einziges Konto auf der Website haben.<\/p>\n<p><div class=\"banner-wrap\" aria-label=\"Banner\"><img src=\"https:\/\/goldzinocasino.net\/wp-content\/uploads\/2026\/02\/Banner-Desktop.webp\" class=\"w-100 d-none d-lg-block img-pc main-banner-img\" alt=\"Banner Desktop\" fetchpriority=\"high\" decoding=\"async\"><img src=\"https:\/\/goldzinocasino.net\/wp-content\/uploads\/2026\/02\/Banner-mobile.webp\" class=\"w-100 d-none d-md-block d-lg-none main-banner-img\" alt=\"Banner mobile\" fetchpriority=\"high\" decoding=\"async\"><img src=\"https:\/\/goldzinocasino.net\/wp-content\/uploads\/2026\/02\/Banner-mobile.webp\" class=\"w-100 d-md-none\" alt=\"Banner mobile\" fetchpriority=\"high\" decoding=\"async\"><div class=\"banner-description\">\n<div class=\"banner-title\">Willkommensboni<\/div>\n<p class=\"banner-header-title\">1500 \u20ac<\/p>\n<div class=\"banner-header-AdditionalText\">+ 250 Freispiele<\/div>\n<button data-item=\"homepage_banner_link\" class=\"goto m-button m-gradient-border m-button--primary m-button--large banner-button btn-orange\">\n            <div class=\"m-button-content\">\n                <span>Jetzt anmelden<\/span>\n                <span><\/span>\n            <\/div>\n        <\/button>\n<\/div>\n<div class=\"WelcomePack\">\n<p><img loading=\"lazy\" decoding=\"async\" class=\"alignnone size-full wp-image-1617\" src=\"https:\/\/goldzinocasino.net\/wp-content\/uploads\/welcome-crown.png\" alt=\"welcome-crown\" width=\"25\" height=\"26\" \/><\/p>\n<div class=\"WelcomePack-Info\">W\u00f6chentlicher Cashback von bis zu 25 %<\/div>\n<p><img loading=\"lazy\" decoding=\"async\" class=\"alignnone size-full wp-image-1617\" src=\"https:\/\/goldzinocasino.net\/wp-content\/uploads\/welcome-crown.png\" alt=\"welcome-crown\" width=\"25\" height=\"26\" \/><\/p>\n<\/div>\n<\/div><div class=\"scrollable-content-wrap my-5\"><div class=\"scrollable-content-inner\"><h2>Goldzino Casino Registrierung<\/h2>\n<p>Mit der Registrierung bei Goldzino Casino erschlie\u00dft sich Ihnen das gesamte Spielerlebnis, das die Website bietet. Nach der Registrierung auf der Plattform erhalten Spieler sofortigen Zugang zur umfangreichen Bibliothek von Gold Zino mit hochwertigen Slots und Live-Dealer-Spielen.<\/p>\n<p>Wenn Ihr Konto neu ist, dient es auch als Schl\u00fcssel zu gro\u00dfz\u00fcgigen Aktionen wie dem Willkommenspaket; au\u00dferdem haben Sie Anspruch auf andere laufende Angebote wie Freispiele, Cashback-Angebote und Treuepr\u00e4mien.<\/p>\n<p>Abgesehen von den Boni erm\u00f6glicht Ihnen die Registrierung bei Gold Zino, Transaktionen durchzuf\u00fchren, Auszahlungen vorzunehmen und auf personalisierte Tools zur Kontoverwaltung zuzugreifen. Diese Tools stellen sicher, dass Sie Limits festlegen und verantwortungsbewusst spielen k\u00f6nnen.<\/p>\n<h3>Erstellen Sie in wenigen Schritten ein Konto<\/h3>\n<p>Die Erstellung eines Kontos bei Goldzino Casino erfordert nur wenige einfache Schritte.<\/p>\n<ol>\n<li>Klicken Sie auf der Startseite auf die Schaltfl\u00e4che \u201eRegistrieren\u201c, um das Anmeldeformular zu \u00f6ffnen.<\/li>\n<li>Geben Sie Ihre E-Mail-Adresse ein und w\u00e4hlen Sie ein sicheres Passwort.<\/li>\n<li>Wenn Sie einen Promo-Code haben, geben Sie diesen in das entsprechende Feld ein.<\/li>\n<li>Best\u00e4tigen Sie, dass Sie \u00fcber 18 Jahre alt sind.<\/li>\n<li>Klicken Sie auf \u201eRegistrieren\u201c, um Ihre Registrierung abzuschlie\u00dfen.<\/li>\n<\/ol>\n<p>F\u00fcr einen noch schnelleren Zugang bietet Goldzino die M\u00f6glichkeit, sich mit Ihrem Google-Konto zu registrieren. Durch Klicken auf die Schaltfl\u00e4che \u201eMit Google anmelden\u201c k\u00f6nnen Sie das manuelle Ausf\u00fcllen des Formulars \u00fcberspringen. Die Plattform f\u00fcllt Ihre Daten innerhalb von Sekunden automatisch aus. Sie m\u00fcssen dann nur noch Ihre Telefonnummer eingeben und die Registrierung best\u00e4tigen.<\/p>\n<h2>Anmelden und Ihr Goldzino Konto verwalten<\/h2>\n<p>Nachdem Sie Ihr Gold Zino Konto erstellt haben, m\u00f6chten Sie sicherlich darauf zugreifen. Keine Sorge, dies ist ein sehr schneller und einfacher Vorgang.<\/p>\n<p>Hier sind die Schritte f\u00fcr die Anmeldung bei Goldzino:<\/p>\n<ol>\n<li>Klicken Sie oben auf der Seite auf die Schaltfl\u00e4che \u201eAnmelden\u201c.<\/li>\n<li>Geben Sie die mit Ihrem Konto verkn\u00fcpfte E-Mail-Adresse und das Passwort ein oder w\u00e4hlen Sie die Schnelloption, um sich mit Ihrem Google-Konto anzumelden.<\/li>\n<li>Tippen Sie auf \u201eAnmelden\u201c und genie\u00dfen Sie Ihr Spielerlebnis!<\/li>\n<\/ol>\n<p>Sobald Sie angemeldet sind, haben Sie die volle Kontrolle \u00fcber Ihr Spielerlebnis und Ihre pers\u00f6nlichen Daten. \u00dcber Ihr Konto-Dashboard k\u00f6nnen Sie ganz einfach Ihre Profildaten verwalten, Sicherheitseinstellungen anpassen, Ein- und Auszahlungen vornehmen, Ihren Transaktionsverlauf verfolgen und exklusive Boni und Aktionen entdecken, die speziell auf Sie zugeschnitten sind.<\/p>\n<h3>H\u00e4ufige Probleme bei der Anmeldung<\/h3>\n<p>Die Anmeldung bei Goldzino ist in der Regel schnell und einfach, aber manchmal l\u00e4uft nicht alles wie geplant. Das ist kein Problem. Wenn Sie sich nicht in Ihr Goldzino-Casino-Konto einloggen k\u00f6nnen, liegt das h\u00f6chstwahrscheinlich daran, dass Sie die falsche E-Mail-Adresse oder das falsche Passwort eingegeben haben oder versucht haben, sich mit einem Google-Konto anzumelden, das nicht mit Ihrer Goldzino-Identit\u00e4t verkn\u00fcpft ist.<\/p>\n<p>\u00dcber den Link \u201ePasswort vergessen?\u201c auf der Anmeldeseite k\u00f6nnen Sie Ihr Passwort ganz einfach \u00e4ndern. Wenn Sie keinen Zugriff darauf haben, klicken Sie einfach auf diesen Link und setzen Sie Ihr Konto zur\u00fcck.<\/p>\n<p>Manchmal ist es schwierig, sich anzumelden, weil der Server ausgefallen ist, es Probleme mit dem Cache Ihres Browsers gibt oder der Zugriff in einigen Bereichen eingeschr\u00e4nkt ist. Wenn Sie weiterhin Probleme haben, k\u00f6nnen Sie diese schnell beheben, indem Sie den Cache Ihres Browsers leeren oder sich \u00fcber den Live-Chat an den mehrsprachigen Support von Goldzino Casino wenden.<\/p>\n<h2>Verifizierungsverfahren bei Gold Zino Casino<\/h2>\n<p>Goldzino steht stets f\u00fcr eine sichere Spielumgebung. Aus diesem Grund k\u00f6nnen wir von Ihnen verlangen, dass Sie einen einfachen Verifizierungsprozess durchlaufen. Lizenzierte Casinos wenden dieses Standardverfahren an, um Ihre Identit\u00e4t zu \u00fcberpr\u00fcfen und die Sicherheit Ihres Kontos zu gew\u00e4hrleisten.<\/p>\n<p>Wenn Sie Ihre erste Auszahlung vornehmen oder kurz nach Ihrer Anmeldung, werden Sie in der Regel gebeten, einige Dokumente hochzuladen. Dies k\u00f6nnen ein g\u00fcltiger Ausweis, ein Adressnachweis oder ein Bild Ihrer Zahlungsmethode sein. Sobald Ihre Dokumente genehmigt sind, k\u00f6nnen Sie alle Funktionen von Gold Zino nutzen und Auszahlungen ohne Verz\u00f6gerungen vornehmen.<\/p>\n<p>Hier sind die Dokumente, die Sie vorlegen m\u00fcssen:<\/p>\n<table>\n<tbody>\n<tr>\n<td>Dokument<\/td>\n<td>Zweck<\/td>\n<\/tr>\n<tr>\n<td>Von einer Beh\u00f6rde ausgestellter Ausweis, z. B. Reisepass oder F\u00fchrerschein<\/td>\n<td>Best\u00e4tigt Ihre Identit\u00e4t<\/td>\n<\/tr>\n<tr>\n<td>Stromrechnung oder Kontoauszug<\/td>\n<td>Best\u00e4tigt Ihre Wohnadresse<\/td>\n<\/tr>\n<tr>\n<td>Foto einer Zahlungskarte oder Screenshot einer E-Wallet<\/td>\n<td>Gew\u00e4hrleistet sichere Transaktionen<\/td>\n<\/tr>\n<\/tbody>\n<\/table>\n<h2>\u00a0FAQ<\/h2>\n<h3>Kann ich Goldzino ohne Konto spielen?<\/h3>\n<p>Leider k\u00f6nnen Sie ohne Konto nicht bei Goldzino Casino spielen. Wie bei allen legalen und autorisierten Online-Casinos m\u00fcssen sich Nutzer registrieren und den Goldzino-Anmeldeprozess durchlaufen, um ihre Identit\u00e4t zu best\u00e4tigen, bevor sie Spiele spielen oder Dienste nutzen k\u00f6nnen.<\/p>\n<h3>Wie lange dauert die Verifizierung?<\/h3>\n<p>Der Verifizierungsprozess bei Gold Zino ist schnell; er dauert in der Regel zwischen 24 und 48 Stunden, kann aber oft auch schneller abgeschlossen werden. Der genaue Zeitaufwand h\u00e4ngt davon ab, wie viele Anfragen vorliegen und wie deutlich Sie Ihre Dokumente hochladen. Wenn Sie Probleme mit dem Verifizierungsprozess haben, wenden Sie sich bitte an unser Support-Team.<\/p>\n<h3>Ich habe mich bei Google registriert. Kann ich mich sp\u00e4ter mit E-Mail und Passwort anmelden?<\/h3>\n<p>Auch wenn Sie sich \u00fcber Google angemeldet haben, k\u00f6nnen Sie sich mit Ihrer E-Mail-Adresse und Ihrem Passwort anmelden. Dies ist jedoch erst m\u00f6glich, nachdem Sie ein Passwort f\u00fcr Ihr Konto festgelegt haben. Wenn Sie sich \u00fcber Google anmelden, erstellt Goldzino ein Konto f\u00fcr Sie, das mit Ihrer Google-E-Mail-Adresse verkn\u00fcpft ist. Sie erhalten jedoch kein Passwort.<\/p>\n<\/div><\/div><\/p>\n","protected":false},"excerpt":{"rendered":"<p>Goldzino Anmeldung Um Ihre Reise zu beginnen, m\u00fcssen Sie den Goldzino Login abschlie\u00dfen. Dieser Vorgang ist unkompliziert und nimmt nicht viel Zeit in Anspruch, da Sie lediglich Ihre Anmeldedaten eingeben m\u00fcssen. Beachten Sie jedoch, dass dieser Vorgang nur verf\u00fcgbar ist, wenn Sie \u00e4lter als 18 Jahre sind und nur ein einziges Konto auf der Website [&hellip;]<\/p>\n","protected":false},"author":1,"featured_media":0,"parent":0,"menu_order":0,"comment_status":"closed","ping_status":"closed","template":"template-builder.php","meta":{"_acf_changed":false,"inline_featured_image":false,"footnotes":""},"class_list":["post-1528","page","type-page","status-publish","hentry"],"acf":[],"yoast_head":"<!-- This site is optimized with the Yoast SEO plugin v27.3 - https:\/\/yoast.com\/product\/yoast-seo-wordpress\/ -->\n<title>Goldzino Login \u2013 Sichere Registrierung, 2FA &amp; Verifizierung<\/title>\n<meta name=\"description\" content=\"Erstellen Sie ein Goldzino Login, um sicher auf Ihr Konto zuzugreifen, Einzahlungen zu verwalten und Boni zu nutzen. Schnelle Registrierung f\u00fcr neue Nutzer. Jetzt anmelden oder einloggen und die besten Online-Casino-Spiele spielen!\" \/>\n<meta name=\"robots\" content=\"index, follow, max-snippet:-1, max-image-preview:large, max-video-preview:-1\" \/>\n<link rel=\"canonical\" href=\"https:\/\/goldzinocasino.net\/de\/anmeldung-und-registrierung\/\" \/>\n<meta property=\"og:locale\" content=\"de_DE\" \/>\n<meta property=\"og:type\" content=\"article\" \/>\n<meta property=\"og:title\" content=\"Goldzino Login \u2013 Sichere Registrierung, 2FA &amp; Verifizierung\" \/>\n<meta property=\"og:description\" content=\"Erstellen Sie ein Goldzino Login, um sicher auf Ihr Konto zuzugreifen, Einzahlungen zu verwalten und Boni zu nutzen. Schnelle Registrierung f\u00fcr neue Nutzer. Jetzt anmelden oder einloggen und die besten Online-Casino-Spiele spielen!\" \/>\n<meta property=\"og:url\" content=\"https:\/\/goldzinocasino.net\/de\/anmeldung-und-registrierung\/\" \/>\n<meta property=\"og:site_name\" content=\"goldzino\" \/>\n<meta property=\"article:modified_time\" content=\"2026-02-24T07:10:09+00:00\" \/>\n<meta name=\"twitter:card\" content=\"summary_large_image\" \/>\n<meta name=\"twitter:label1\" content=\"Gesch\u00e4tzte Lesezeit\" \/>\n\t<meta name=\"twitter:data1\" content=\"1\u00a0Minute\" \/>\n<script type=\"application\/ld+json\" class=\"yoast-schema-graph\">{\"@context\":\"https:\\\/\\\/schema.org\",\"@graph\":[{\"@type\":\"WebPage\",\"@id\":\"https:\\\/\\\/goldzinocasino.net\\\/de\\\/anmeldung-und-registrierung\\\/\",\"url\":\"https:\\\/\\\/goldzinocasino.net\\\/de\\\/anmeldung-und-registrierung\\\/\",\"name\":\"Goldzino Login \u2013 Sichere Registrierung, 2FA & Verifizierung\",\"isPartOf\":{\"@id\":\"https:\\\/\\\/goldzinocasino.net\\\/de\\\/#website\"},\"datePublished\":\"2026-02-20T11:11:41+00:00\",\"dateModified\":\"2026-02-24T07:10:09+00:00\",\"description\":\"Erstellen Sie ein Goldzino Login, um sicher auf Ihr Konto zuzugreifen, Einzahlungen zu verwalten und Boni zu nutzen. Schnelle Registrierung f\u00fcr neue Nutzer. Jetzt anmelden oder einloggen und die besten Online-Casino-Spiele spielen!\",\"breadcrumb\":{\"@id\":\"https:\\\/\\\/goldzinocasino.net\\\/de\\\/anmeldung-und-registrierung\\\/#breadcrumb\"},\"inLanguage\":\"de\",\"potentialAction\":[{\"@type\":\"ReadAction\",\"target\":[\"https:\\\/\\\/goldzinocasino.net\\\/de\\\/anmeldung-und-registrierung\\\/\"]}]},{\"@type\":\"BreadcrumbList\",\"@id\":\"https:\\\/\\\/goldzinocasino.net\\\/de\\\/anmeldung-und-registrierung\\\/#breadcrumb\",\"itemListElement\":[{\"@type\":\"ListItem\",\"position\":1,\"name\":\"GoldZino\",\"item\":\"https:\\\/\\\/goldzinocasino.net\\\/de\\\/\"},{\"@type\":\"ListItem\",\"position\":2,\"name\":\"Anmeldung und Registrierung\"}]},{\"@type\":\"WebSite\",\"@id\":\"https:\\\/\\\/goldzinocasino.net\\\/de\\\/#website\",\"url\":\"https:\\\/\\\/goldzinocasino.net\\\/de\\\/\",\"name\":\"GoldZino\",\"description\":\"\",\"publisher\":{\"@id\":\"https:\\\/\\\/goldzinocasino.net\\\/de\\\/#organization\"},\"potentialAction\":[{\"@type\":\"SearchAction\",\"target\":{\"@type\":\"EntryPoint\",\"urlTemplate\":\"https:\\\/\\\/goldzinocasino.net\\\/de\\\/?s={search_term_string}\"},\"query-input\":{\"@type\":\"PropertyValueSpecification\",\"valueRequired\":true,\"valueName\":\"search_term_string\"}}],\"inLanguage\":\"de\"},{\"@type\":\"Organization\",\"@id\":\"https:\\\/\\\/goldzinocasino.net\\\/de\\\/#organization\",\"name\":\"GoldZino\",\"url\":\"https:\\\/\\\/goldzinocasino.net\\\/de\\\/\",\"logo\":{\"@type\":\"ImageObject\",\"inLanguage\":\"de\",\"@id\":\"https:\\\/\\\/goldzinocasino.net\\\/de\\\/#\\\/schema\\\/logo\\\/image\\\/\",\"url\":\"https:\\\/\\\/goldzinocasino.net\\\/wp-content\\\/uploads\\\/2025\\\/08\\\/80u1FaquEZeR6OUTeJCc.png\",\"contentUrl\":\"https:\\\/\\\/goldzinocasino.net\\\/wp-content\\\/uploads\\\/2025\\\/08\\\/80u1FaquEZeR6OUTeJCc.png\",\"width\":209,\"height\":46,\"caption\":\"GoldZino\"},\"image\":{\"@id\":\"https:\\\/\\\/goldzinocasino.net\\\/de\\\/#\\\/schema\\\/logo\\\/image\\\/\"}}]}<\/script>\n<!-- \/ Yoast SEO plugin. -->","yoast_head_json":{"title":"Goldzino Login \u2013 Sichere Registrierung, 2FA & Verifizierung","description":"Erstellen Sie ein Goldzino Login, um sicher auf Ihr Konto zuzugreifen, Einzahlungen zu verwalten und Boni zu nutzen. Schnelle Registrierung f\u00fcr neue Nutzer. Jetzt anmelden oder einloggen und die besten Online-Casino-Spiele spielen!","robots":{"index":"index","follow":"follow","max-snippet":"max-snippet:-1","max-image-preview":"max-image-preview:large","max-video-preview":"max-video-preview:-1"},"canonical":"https:\/\/goldzinocasino.net\/de\/anmeldung-und-registrierung\/","og_locale":"de_DE","og_type":"article","og_title":"Goldzino Login \u2013 Sichere Registrierung, 2FA & Verifizierung","og_description":"Erstellen Sie ein Goldzino Login, um sicher auf Ihr Konto zuzugreifen, Einzahlungen zu verwalten und Boni zu nutzen. Schnelle Registrierung f\u00fcr neue Nutzer. Jetzt anmelden oder einloggen und die besten Online-Casino-Spiele spielen!","og_url":"https:\/\/goldzinocasino.net\/de\/anmeldung-und-registrierung\/","og_site_name":"goldzino","article_modified_time":"2026-02-24T07:10:09+00:00","twitter_card":"summary_large_image","twitter_misc":{"Gesch\u00e4tzte Lesezeit":"1\u00a0Minute"},"schema":{"@context":"https:\/\/schema.org","@graph":[{"@type":"WebPage","@id":"https:\/\/goldzinocasino.net\/de\/anmeldung-und-registrierung\/","url":"https:\/\/goldzinocasino.net\/de\/anmeldung-und-registrierung\/","name":"Goldzino Login \u2013 Sichere Registrierung, 2FA & Verifizierung","isPartOf":{"@id":"https:\/\/goldzinocasino.net\/de\/#website"},"datePublished":"2026-02-20T11:11:41+00:00","dateModified":"2026-02-24T07:10:09+00:00","description":"Erstellen Sie ein Goldzino Login, um sicher auf Ihr Konto zuzugreifen, Einzahlungen zu verwalten und Boni zu nutzen. Schnelle Registrierung f\u00fcr neue Nutzer. Jetzt anmelden oder einloggen und die besten Online-Casino-Spiele spielen!","breadcrumb":{"@id":"https:\/\/goldzinocasino.net\/de\/anmeldung-und-registrierung\/#breadcrumb"},"inLanguage":"de","potentialAction":[{"@type":"ReadAction","target":["https:\/\/goldzinocasino.net\/de\/anmeldung-und-registrierung\/"]}]},{"@type":"BreadcrumbList","@id":"https:\/\/goldzinocasino.net\/de\/anmeldung-und-registrierung\/#breadcrumb","itemListElement":[{"@type":"ListItem","position":1,"name":"GoldZino","item":"https:\/\/goldzinocasino.net\/de\/"},{"@type":"ListItem","position":2,"name":"Anmeldung und Registrierung"}]},{"@type":"WebSite","@id":"https:\/\/goldzinocasino.net\/de\/#website","url":"https:\/\/goldzinocasino.net\/de\/","name":"GoldZino","description":"","publisher":{"@id":"https:\/\/goldzinocasino.net\/de\/#organization"},"potentialAction":[{"@type":"SearchAction","target":{"@type":"EntryPoint","urlTemplate":"https:\/\/goldzinocasino.net\/de\/?s={search_term_string}"},"query-input":{"@type":"PropertyValueSpecification","valueRequired":true,"valueName":"search_term_string"}}],"inLanguage":"de"},{"@type":"Organization","@id":"https:\/\/goldzinocasino.net\/de\/#organization","name":"GoldZino","url":"https:\/\/goldzinocasino.net\/de\/","logo":{"@type":"ImageObject","inLanguage":"de","@id":"https:\/\/goldzinocasino.net\/de\/#\/schema\/logo\/image\/","url":"https:\/\/goldzinocasino.net\/wp-content\/uploads\/2025\/08\/80u1FaquEZeR6OUTeJCc.png","contentUrl":"https:\/\/goldzinocasino.net\/wp-content\/uploads\/2025\/08\/80u1FaquEZeR6OUTeJCc.png","width":209,"height":46,"caption":"GoldZino"},"image":{"@id":"https:\/\/goldzinocasino.net\/de\/#\/schema\/logo\/image\/"}}]}},"_links":{"self":[{"href":"https:\/\/goldzinocasino.net\/de\/wp-json\/wp\/v2\/pages\/1528","targetHints":{"allow":["GET"]}}],"collection":[{"href":"https:\/\/goldzinocasino.net\/de\/wp-json\/wp\/v2\/pages"}],"about":[{"href":"https:\/\/goldzinocasino.net\/de\/wp-json\/wp\/v2\/types\/page"}],"author":[{"embeddable":true,"href":"https:\/\/goldzinocasino.net\/de\/wp-json\/wp\/v2\/users\/1"}],"replies":[{"embeddable":true,"href":"https:\/\/goldzinocasino.net\/de\/wp-json\/wp\/v2\/comments?post=1528"}],"version-history":[{"count":2,"href":"https:\/\/goldzinocasino.net\/de\/wp-json\/wp\/v2\/pages\/1528\/revisions"}],"predecessor-version":[{"id":1760,"href":"https:\/\/goldzinocasino.net\/de\/wp-json\/wp\/v2\/pages\/1528\/revisions\/1760"}],"wp:attachment":[{"href":"https:\/\/goldzinocasino.net\/de\/wp-json\/wp\/v2\/media?parent=1528"}],"curies":[{"name":"wp","href":"https:\/\/api.w.org\/{rel}","templated":true}]}}